{"id":14580,"date":"2023-03-28T06:48:00","date_gmt":"2023-03-28T06:48:00","guid":{"rendered":"https:\/\/www.lineaunika.it\/?post_type=product&#038;p=14580"},"modified":"2026-02-16T18:09:25","modified_gmt":"2026-02-16T17:09:25","slug":"unika-balls-endurance","status":"publish","type":"product","link":"https:\/\/unika.sitointest.it\/de\/shop\/naehrstoffe-und-vitamine\/unika-balls-endurance\/","title":{"rendered":"Unika Balls Endurance"},"content":{"rendered":"<h4>Erg\u00e4nzungsfutter f\u00fcr Pferde<\/h4>\n<p>Unika Balls: Spa\u00df und Gesundheit f\u00fcr Ihre Pferde.<\/p>\n<p>Unika hat ein v\u00f6llig neues Produkt entwickelt, das das Konzept des Erg\u00e4nzungsfutters auf den Kopf stellt: Es hei\u00dft Unika Balls und ist viel mehr als nur ein Zeitvertreib f\u00fcr Pferde. Unika Balls hat die Form einer Kugel mit Naturfaserkordel, die in der Box oder im Anh\u00e4nger aufgeh\u00e4ngt werden kann, damit das Pferd den ganzen Tag \u00fcber Freude daran hat. Sie dient nicht nur der Unterhaltung des Pferdes, sondern f\u00fcgt seiner t\u00e4glichen Ern\u00e4hrung auch wichtige Stoffe wie Heilpflanzen, Elektrolyte, Vitamine, Mineralien und vieles mehr auf eine v\u00f6llig neue Art hinzu. Wir sind es gewohnt, uns Erg\u00e4nzungsfutter als ein Pulver oder eine Fl\u00fcssigkeit vorzustellen, das\/die der t\u00e4glichen Futterration in der Futterkrippe hinzugef\u00fcgt wird. Unika Balls stellt jedoch dieses Konzept komplett auf den Kopf, da es ein Supplement ist, das man aufh\u00e4ngen kann!<\/p>\n<p>Unika Balls Endurance wurde entwickelt, um die Bed\u00fcrfnisse von Endurance- und Wettkampfpferden zu erf\u00fcllen:<\/p>\n<p>&#8211; Schnell verf\u00fcgbare Energie<br \/>\n&#8211; Perfekt wasserl\u00f6sliche Elektrolyte<br \/>\n&#8211; Aminos\u00e4uren f\u00fcr das Wohlbefinden der Muskeln<\/p>\n<p>Unika Balls Endurance hat einen hohen Gehalt an fetthaltigen Zutaten, z. B. Reismehl, das von Natur aus reich an Gamma-Oryzanol ist, einer Substanz, von der bekannt ist, dass sie das Muskelwachstum unter Stress stimuliert. Die von den fetthaltigen Inhaltsstoffen gelieferte Energie ist leicht verf\u00fcgbar und tr\u00e4gt au\u00dferdem dazu bei, dass das Pferd w\u00e4hrend des Wettkampfs hydriert bleibt. Elektrolyte, die vollst\u00e4ndig wasserl\u00f6slich sind, gleichen starke Salzverluste durch Schwitzen aus. Vor allem Magnesium reduziert bei m\u00fcden Pferden das Auftreten des Ph\u00e4nomens, das \u201eFlutter\u201c genannt wird. Aminos\u00e4uren tragen dazu bei, die Muskelmilchs\u00e4ure zu reduzieren, und f\u00f6rdern die Darmmotilit\u00e4t.<\/p>\n<p>Unika Balls haben noch weitere wichtige Eigenschaften: Sie werden in Italien handwerklich hergestellt, bestehen zu 93 % aus pflanzlichen Inhaltsstoffen, sind ohne Getreide und Zucker und reich an edlen Rohstoffen wie Soja und Reis. Gerade deshalb eignen sie sich auch f\u00fcr Pferde mit einer Getreideunvertr\u00e4glichkeit, bei einer Pferdenahrung mit niedrigem glyk\u00e4mischem Index sowie f\u00fcr Wettkampfpferde, die viel Muskelarbeit leisten und bei denen die Zufuhr von Zucker nicht ratsam ist, da dies die Bildung von Milchs\u00e4ure f\u00f6rdert.<\/p>\n<h4>Gebrauchsanweisung<\/h4>\n<p>H\u00e4ngen Sie Unika Balls Endurance in die Pferdebox und lassen Sie sie zu Ihrer Verf\u00fcgung.<\/p>\n<p><em>(Aufgrund der Spezifit\u00e4t jedes Organismus sollten neue Allein- und Erg\u00e4nzungsfutter zuerst getestet werden, indem man sie schrittweise in die Ern\u00e4hrung des Pferdes einf\u00fchrt).<\/em><\/p>\n<p><em><strong>Wir f\u00fchren eine Etiketten\u00fcberpr\u00fcfung durch. Wenn Sie das Etikett vor dem Verkauf erhalten m\u00f6chten, bitten wir Sie, uns eine E-Mail an die folgende Adresse zu senden: info@lineaunika.it . Wir entschuldigen uns f\u00fcr die vor\u00fcbergehenden Unannehmlichkeiten.<\/strong><\/em><\/p>\n","protected":false},"excerpt":{"rendered":"<p>Unika Balls Endurance wurde entwickelt, um die Bed\u00fcrfnisse von Endurance- und Wettkampfpferden zu erf\u00fcllen.<\/p>\n<p>\u2714\ufe0f Energie leicht verf\u00fcgbar<br \/>\n\u2714\ufe0f Elektrolyte perfekt wasserl\u00f6slich<br \/>\n\u2714\ufe0f Aminos\u00e4uren, die f\u00fcr das physiologische Wohlbefinden der Muskeln n\u00fctzlich sind<\/p>\n","protected":false},"featured_media":26744,"template":"","meta":{"_acf_changed":false,"_joinchat":[]},"product_brand":[],"product_cat":[445],"product_tag":[465,549,587,533],"class_list":{"0":"post-14580","1":"product","2":"type-product","3":"status-publish","4":"has-post-thumbnail","6":"product_cat-naehrstoffe-und-vitamine","7":"product_tag-distanzreiten","8":"product_tag-sommer","9":"product_tag-unika-balls-de","10":"product_tag-vitamine-und-elektrolyte","12":"first","13":"instock","14":"taxable","15":"shipping-taxable","16":"purchasable","17":"product-type-simple"},"acf":[],"_links":{"self":[{"href":"https:\/\/unika.sitointest.it\/de\/wp-json\/wp\/v2\/product\/14580","targetHints":{"allow":["GET"]}}],"collection":[{"href":"https:\/\/unika.sitointest.it\/de\/wp-json\/wp\/v2\/product"}],"about":[{"href":"https:\/\/unika.sitointest.it\/de\/wp-json\/wp\/v2\/types\/product"}],"version-history":[{"count":4,"href":"https:\/\/unika.sitointest.it\/de\/wp-json\/wp\/v2\/product\/14580\/revisions"}],"predecessor-version":[{"id":15626,"href":"https:\/\/unika.sitointest.it\/de\/wp-json\/wp\/v2\/product\/14580\/revisions\/15626"}],"wp:featuredmedia":[{"embeddable":true,"href":"https:\/\/unika.sitointest.it\/de\/wp-json\/wp\/v2\/media\/26744"}],"wp:attachment":[{"href":"https:\/\/unika.sitointest.it\/de\/wp-json\/wp\/v2\/media?parent=14580"}],"wp:term":[{"taxonomy":"product_brand","embeddable":true,"href":"https:\/\/unika.sitointest.it\/de\/wp-json\/wp\/v2\/product_brand?post=14580"},{"taxonomy":"product_cat","embeddable":true,"href":"https:\/\/unika.sitointest.it\/de\/wp-json\/wp\/v2\/product_cat?post=14580"},{"taxonomy":"product_tag","embeddable":true,"href":"https:\/\/unika.sitointest.it\/de\/wp-json\/wp\/v2\/product_tag?post=14580"}],"curies":[{"name":"wp","href":"https:\/\/api.w.org\/{rel}","templated":true}]}}