{"id":14501,"date":"2023-03-17T14:34:14","date_gmt":"2023-03-17T13:34:14","guid":{"rendered":"https:\/\/www.lineaunika.it\/shop\/unkategorisiert\/lactibel\/"},"modified":"2025-06-03T15:22:57","modified_gmt":"2025-06-03T14:22:57","slug":"lactibel","status":"publish","type":"product","link":"https:\/\/unika.sitointest.it\/de\/shop\/naehrstoffe-und-vitamine\/lactibel\/","title":{"rendered":"Lactibel"},"content":{"rendered":"<p>Lactibel ist ein Fohlen-Milchpulver, das sowohl bei geringer m\u00fctterlicher Milchproduktion als auch bei verwaisten Fohlen empfohlen wird.<br \/>\nLactibel ist mit Molkenprotein angereichert und ein sehr schmackhaftes, leicht verdauliches Futter, das reich an Spurenelementen und Vitaminen ist, die das richtige Wachstum des Fohlens f\u00f6rdern.<\/p>\n<h4>Gebrauchsanweisung<\/h4>\n<p>Wir empfehlen, das Produkt streng nach den im Inneren der Verpackung angegebenen Anweisungen zu verwenden. Im Inneren des Eimers finden Sie einen kleinen Messbecher und einen Dosierbecher. Der volle Messbecher enth\u00e4lt 20 g des Produkts. Der volle Dosierbecher enth\u00e4lt 130 g des Produkts. Achten Sie darauf, die Verpackung nach dem Gebrauch fest zu verschlie\u00dfen.<\/p>\n<p>Nettogewicht: 5kg<\/p>\n<p><em>(Aufgrund der Spezifit\u00e4t jedes Organismus sollten neue Allein- und Erg\u00e4nzungsfutter zuerst getestet werden, indem man sie schrittweise in die Ern\u00e4hrung des Pferdes einf\u00fchrt).<\/em><\/p>\n<p><em><strong>Wir f\u00fchren eine Etiketten\u00fcberpr\u00fcfung durch. Wenn Sie das Etikett vor dem Verkauf erhalten m\u00f6chten, bitten wir Sie, uns eine E-Mail an die folgende Adresse zu senden: info@lineaunika.it . Wir entschuldigen uns f\u00fcr die vor\u00fcbergehenden Unannehmlichkeiten.<\/strong><\/em><\/p>\n","protected":false},"excerpt":{"rendered":"<p>\u2714\ufe0f Praktische Mess- und Dosierbecher in der Verpackung<br \/>\n\u2714\ufe0f Ideal f\u00fcr die richtige Entwicklung des Fohlens<br \/>\n\u2714\ufe0f Leicht in Wasser verd\u00fcnnbare Formel<\/p>\n","protected":false},"featured_media":21485,"template":"","meta":{"_acf_changed":false,"_joinchat":[]},"product_brand":[],"product_cat":[445],"product_tag":[679,521,505],"class_list":{"0":"post-14501","1":"product","2":"type-product","3":"status-publish","4":"has-post-thumbnail","6":"product_cat-naehrstoffe-und-vitamine","7":"product_tag-gelenke","8":"product_tag-pferdezucht","9":"product_tag-stuten-und-fohlen","11":"first","12":"instock","13":"taxable","14":"shipping-taxable","15":"purchasable","16":"product-type-simple"},"acf":[],"_links":{"self":[{"href":"https:\/\/unika.sitointest.it\/de\/wp-json\/wp\/v2\/product\/14501","targetHints":{"allow":["GET"]}}],"collection":[{"href":"https:\/\/unika.sitointest.it\/de\/wp-json\/wp\/v2\/product"}],"about":[{"href":"https:\/\/unika.sitointest.it\/de\/wp-json\/wp\/v2\/types\/product"}],"version-history":[{"count":6,"href":"https:\/\/unika.sitointest.it\/de\/wp-json\/wp\/v2\/product\/14501\/revisions"}],"predecessor-version":[{"id":27830,"href":"https:\/\/unika.sitointest.it\/de\/wp-json\/wp\/v2\/product\/14501\/revisions\/27830"}],"wp:featuredmedia":[{"embeddable":true,"href":"https:\/\/unika.sitointest.it\/de\/wp-json\/wp\/v2\/media\/21485"}],"wp:attachment":[{"href":"https:\/\/unika.sitointest.it\/de\/wp-json\/wp\/v2\/media?parent=14501"}],"wp:term":[{"taxonomy":"product_brand","embeddable":true,"href":"https:\/\/unika.sitointest.it\/de\/wp-json\/wp\/v2\/product_brand?post=14501"},{"taxonomy":"product_cat","embeddable":true,"href":"https:\/\/unika.sitointest.it\/de\/wp-json\/wp\/v2\/product_cat?post=14501"},{"taxonomy":"product_tag","embeddable":true,"href":"https:\/\/unika.sitointest.it\/de\/wp-json\/wp\/v2\/product_tag?post=14501"}],"curies":[{"name":"wp","href":"https:\/\/api.w.org\/{rel}","templated":true}]}}