{"id":14476,"date":"2023-03-17T14:07:56","date_gmt":"2023-03-17T14:07:56","guid":{"rendered":"https:\/\/www.lineaunika.it\/shop\/unkategorisiert\/unika-daily\/"},"modified":"2024-02-09T08:26:46","modified_gmt":"2024-02-09T08:26:46","slug":"unika-daily","status":"publish","type":"product","link":"https:\/\/unika.sitointest.it\/de\/shop\/naehrstoffe-und-vitamine\/unika-daily\/","title":{"rendered":"Unika Daily"},"content":{"rendered":"<p><em><strong>Wir f\u00fchren eine Etiketten\u00fcberpr\u00fcfung durch. Wenn Sie das Etikett vor dem Verkauf erhalten m\u00f6chten, bitten wir Sie, uns eine E-Mail an die folgende Adresse zu senden: info@lineaunika.it . Wir entschuldigen uns f\u00fcr die vor\u00fcbergehenden Unannehmlichkeiten.<\/strong><\/em><\/p>\n<p>Unika Daily ist ein Alleinfuttermittel, das speziell f\u00fcr Pferde entwickelt wurde, die leichte bis mittelschwere Arbeit verrichten, wie z. B. einfache Trekkingpferde oder Schulpferde. Dank der hochwertigen Inhaltsstoffe ist Unika Daily in der Lage, Pferde mit der ben\u00f6tigten Energie zu versorgen, ohne ihr Verhalten zu beeintr\u00e4chtigen.<\/p>\n<h4>Entdecken Sie alle Vorteile und das Versandmanagement unserer Futtermittel, klicken Sie auf diesen <a href=\"https:\/\/media.lineaunika.it\/unika\/uploads\/2023\/06\/UNIKA-FUTTERMITTEL-DE.pdf\">Link<\/a>!<\/h4>\n<h4>Gebrauchsanweisung:<\/h4>\n<p>Verwenden Sie 2.500 bis 5.000 Gramm pro Tag und Pferd, je nach Qualit\u00e4t des verabreichten Futters, Art des Trainings und der k\u00f6rperlichen Aktivit\u00e4t.<\/p>\n<p><em>(Aufgrund der Spezifit\u00e4t jedes Organismus sollten neue Allein- und Erg\u00e4nzungsfutter zuerst getestet werden, indem man sie schrittweise in die Ern\u00e4hrung des Pferdes einf\u00fchrt).<\/em><\/p>\n","protected":false},"excerpt":{"rendered":"<p>Unika Daily ist das ideale Basisfutter zur Erhaltung der Fitness des Pferdes.<\/p>\n<p>\u2714\ufe0f 4 mm gro\u00dfe Pellets f\u00fcr leichtes Kauen<br \/>\n\u2714\ufe0f Auch f\u00fcr Warmbl\u00fcter geeignet<br \/>\n\u2714\ufe0f Speziell entwickelt zur Erhaltung der Fitness des Pferdes<\/p>\n","protected":false},"featured_media":21311,"template":"","meta":{"_acf_changed":false,"_joinchat":[]},"product_brand":[],"product_cat":[445],"product_tag":[465,611,855,599,513],"class_list":{"0":"post-14476","1":"product","2":"type-product","3":"status-publish","4":"has-post-thumbnail","6":"product_cat-naehrstoffe-und-vitamine","7":"product_tag-distanzreiten","8":"product_tag-kein-mais-und-getreide","9":"product_tag-mangimi-de","10":"product_tag-niedriger-glykaemischer-index","11":"product_tag-trekking-de","12":"product_shipping_class-mangimi","14":"first","15":"instock","16":"taxable","17":"shipping-taxable","18":"purchasable","19":"product-type-variable"},"acf":[],"_links":{"self":[{"href":"https:\/\/unika.sitointest.it\/de\/wp-json\/wp\/v2\/product\/14476","targetHints":{"allow":["GET"]}}],"collection":[{"href":"https:\/\/unika.sitointest.it\/de\/wp-json\/wp\/v2\/product"}],"about":[{"href":"https:\/\/unika.sitointest.it\/de\/wp-json\/wp\/v2\/types\/product"}],"version-history":[{"count":5,"href":"https:\/\/unika.sitointest.it\/de\/wp-json\/wp\/v2\/product\/14476\/revisions"}],"predecessor-version":[{"id":19472,"href":"https:\/\/unika.sitointest.it\/de\/wp-json\/wp\/v2\/product\/14476\/revisions\/19472"}],"wp:featuredmedia":[{"embeddable":true,"href":"https:\/\/unika.sitointest.it\/de\/wp-json\/wp\/v2\/media\/21311"}],"wp:attachment":[{"href":"https:\/\/unika.sitointest.it\/de\/wp-json\/wp\/v2\/media?parent=14476"}],"wp:term":[{"taxonomy":"product_brand","embeddable":true,"href":"https:\/\/unika.sitointest.it\/de\/wp-json\/wp\/v2\/product_brand?post=14476"},{"taxonomy":"product_cat","embeddable":true,"href":"https:\/\/unika.sitointest.it\/de\/wp-json\/wp\/v2\/product_cat?post=14476"},{"taxonomy":"product_tag","embeddable":true,"href":"https:\/\/unika.sitointest.it\/de\/wp-json\/wp\/v2\/product_tag?post=14476"}],"curies":[{"name":"wp","href":"https:\/\/api.w.org\/{rel}","templated":true}]}}