{"id":12228,"date":"2022-12-05T13:38:52","date_gmt":"2022-12-05T13:38:52","guid":{"rendered":"https:\/\/lineaunika.jumpgroup.it\/shop\/unkategorisiert\/unika-cookies-winter-edition\/"},"modified":"2026-02-16T18:09:27","modified_gmt":"2026-02-16T17:09:27","slug":"unika-cookies","status":"publish","type":"product","link":"https:\/\/unika.sitointest.it\/de\/shop\/naehrstoffe-und-vitamine\/unika-cookies\/","title":{"rendered":"Unika Cookies"},"content":{"rendered":"<p>Die Unika Cookies sind die neuen Unika-Kekse, ein k\u00f6stlicher und gesunder Leckerbissen f\u00fcr Ihr Pferd. Unika Cookies haben einen niedrigen glyk\u00e4mischen Index, sie enthalten n\u00e4mlich keinen zugesetzten Zucker und keine k\u00fcnstlichen Farbstoffe.<\/p>\n<p>In der Packung befinden sich je nach Zusammensetzung zwei Arten von Keksen in verschiedenen Farben:<br \/>\n&#8211; Leichte Kekse: angereichert mit Elektrolyten, um die Mineralsalze nach dem Training oder jeder Aktivit\u00e4t wieder aufzuf\u00fcllen.<br \/>\n&#8211; Dunkle Kekse: angereichert mit S\u00fc\u00dfholz und Holzkohle, nat\u00fcrliche Bestandteile, die f\u00fcr das gastrointestinale Wohlbefinden des Pferdes n\u00fctzlich sind.<\/p>\n<p>Unika Cookies sind die ideale L\u00f6sung f\u00fcr diejenigen, die ihr Pferd verw\u00f6hnen m\u00f6chten und dabei immer darauf achten, ein gesundes und ausgewogenes Produkt zu w\u00e4hlen.<\/p>\n<h4>Neu: Ab heute k\u00f6nnen Sie das Etikett w\u00e4hlen, das Ihr Pferd am besten repr\u00e4sentiert!<\/h4>\n<p>W\u00e4hlen Sie zwischen den 4 Varianten:<\/p>\n<p>&#8211; The liveliest horse in the stable<br \/>\n&#8211; The cleanest horse in the stable<br \/>\n&#8211; My big hero<br \/>\n&#8211; The sweetest horse in the stable<\/p>\n<p>1 kg formatieren<\/p>\n","protected":false},"excerpt":{"rendered":"<p>Die Unika Cookies sind die neuen Unika-Kekse, ein k\u00f6stlicher und gesunder Leckerbissen f\u00fcr Ihr Pferd.<\/p>\n<p>&nbsp;<\/p>\n","protected":false},"featured_media":30664,"template":"","meta":{"_acf_changed":false,"_joinchat":[]},"product_brand":[],"product_cat":[445],"product_tag":[465,469,493,477,461,513,533],"class_list":{"0":"post-12228","1":"product","2":"type-product","3":"status-publish","4":"has-post-thumbnail","6":"product_cat-naehrstoffe-und-vitamine","7":"product_tag-distanzreiten","8":"product_tag-dressurreiten","9":"product_tag-magen-und-darm","10":"product_tag-rennpferd","11":"product_tag-springreiten","12":"product_tag-trekking-de","13":"product_tag-vitamine-und-elektrolyte","15":"first","16":"instock","17":"taxable","18":"shipping-taxable","19":"purchasable","20":"product-type-simple"},"acf":[],"_links":{"self":[{"href":"https:\/\/unika.sitointest.it\/de\/wp-json\/wp\/v2\/product\/12228","targetHints":{"allow":["GET"]}}],"collection":[{"href":"https:\/\/unika.sitointest.it\/de\/wp-json\/wp\/v2\/product"}],"about":[{"href":"https:\/\/unika.sitointest.it\/de\/wp-json\/wp\/v2\/types\/product"}],"version-history":[{"count":3,"href":"https:\/\/unika.sitointest.it\/de\/wp-json\/wp\/v2\/product\/12228\/revisions"}],"predecessor-version":[{"id":13784,"href":"https:\/\/unika.sitointest.it\/de\/wp-json\/wp\/v2\/product\/12228\/revisions\/13784"}],"wp:featuredmedia":[{"embeddable":true,"href":"https:\/\/unika.sitointest.it\/de\/wp-json\/wp\/v2\/media\/30664"}],"wp:attachment":[{"href":"https:\/\/unika.sitointest.it\/de\/wp-json\/wp\/v2\/media?parent=12228"}],"wp:term":[{"taxonomy":"product_brand","embeddable":true,"href":"https:\/\/unika.sitointest.it\/de\/wp-json\/wp\/v2\/product_brand?post=12228"},{"taxonomy":"product_cat","embeddable":true,"href":"https:\/\/unika.sitointest.it\/de\/wp-json\/wp\/v2\/product_cat?post=12228"},{"taxonomy":"product_tag","embeddable":true,"href":"https:\/\/unika.sitointest.it\/de\/wp-json\/wp\/v2\/product_tag?post=12228"}],"curies":[{"name":"wp","href":"https:\/\/api.w.org\/{rel}","templated":true}]}}