{"id":11742,"date":"2022-11-22T14:26:45","date_gmt":"2022-11-22T14:26:45","guid":{"rendered":"https:\/\/lineaunika.jumpgroup.it\/shop\/unkategorisiert\/unicartilage\/"},"modified":"2024-12-16T01:00:17","modified_gmt":"2024-12-16T00:00:17","slug":"unicartilage","status":"publish","type":"product","link":"https:\/\/unika.sitointest.it\/de\/shop\/naehrstoffe-und-vitamine\/unicartilage\/","title":{"rendered":"Unicartilage"},"content":{"rendered":"<h4>Erg\u00e4nzungsfutter f\u00fcr Pferde<\/h4>\n<p>Unicartilage ist das pelletf\u00f6rmige Erg\u00e4nzungsfutter zur Erhaltung der physiologischen Gelenkgesundheit. Unicartilage ist das ideale Konzentrat f\u00fcr aktive Sportpferde, deren Gelenkgesundheit eine besondere Aufmerksamkeit ben\u00f6tigt. Unicartilage sollte bei Pferden ab einem Alter von 8 Jahren nie fehlen. Ab diesem Alter \u00fcberlagert die Gewebealterung die Herstellung der Gelenkschmiere, die sich nach und nach reduziert.<\/p>\n<h4>Wann es zu verwenden ist<\/h4>\n<p>Unicartilage ist das ideale pelletf\u00f6rmige Erg\u00e4nzungsfutter f\u00fcr:<\/p>\n<p>&#8211; Pferde, deren nat\u00fcrliche Gelenkfunktion unterst\u00fctzt werden muss<br \/>\n&#8211; Wettkampfpferde<br \/>\n&#8211; Pferde mit besonderem Erg\u00e4nzungsfutterbedarf f\u00fcr Gelenke<br \/>\n&#8211; Pferde \u00fcber 8 Jahre<br \/>\n&#8211; Pferde, deren Gelenkbewegungen flie\u00dfender sein m\u00fcssen<br \/>\n&#8211; Pferde, die pulverf\u00f6rmiges Erg\u00e4nzungsfutter nicht m\u00f6gen<\/p>\n<h4>Eigenschaften der Bestandteile<\/h4>\n<p>Unicartilage ist eine au\u00dfergew\u00f6hnliche Mischung der besten Produkte auf dem Markt, die der Gesundheit der Gelenke gewidmet sind: Chondroitinsulfat, Methylsulfonylmethan (MSM), Glucosamin, Hyalurons\u00e4ure und Pflanzenextrakte.<\/p>\n<h4>Gebrauchsanweisung<\/h4>\n<p>Unicartilage kann je nach Bedarf in unterschiedlichen Mengen eingesetzt werden:<br \/>\nPferde mit leistungsschwachen Gelenken: 150 g Unicartilage pro Tag unter die Futterration mischen.<br \/>\nF\u00fcr aktive Pferde ab 14 Jahren: 150 g Unicartilage pro Tag unter die Futterration mischen.<br \/>\nF\u00fcr aktive Pferde ab 8 Jahren: 100 g Unicartilage pro Tag unter die Futterration mischen.<br \/>\nF\u00fcr Ponys: 80 g Unicartilage pro Tag unter die Futterration mischen.<\/p>\n<p>Die Anwendung von Unicartilage sollte \u00fcber einen Zeitraum von min. 30 Tagen in Folge, alle 3 bis 4 Monate pro Jahr, erfolgen. Ein Messbecher enth\u00e4lt 100 g Produkt.<\/p>\n<p><em>(Aufgrund der Spezifit\u00e4t jedes Organismus sollten neue Allein- und Erg\u00e4nzungsfutter zuerst getestet werden, indem man sie schrittweise in die Ern\u00e4hrung des Pferdes einf\u00fchrt).<\/em><\/p>\n<p><em><strong>Wir f\u00fchren eine Etiketten\u00fcberpr\u00fcfung durch. Wenn Sie das Etikett vor dem Verkauf erhalten m\u00f6chten, bitten wir Sie, uns eine E-Mail an die folgende Adresse zu senden: info@lineaunika.it . Wir entschuldigen uns f\u00fcr die vor\u00fcbergehenden Unannehmlichkeiten.<\/strong><\/em><\/p>\n","protected":false},"excerpt":{"rendered":"<p>\u2714\ufe0f 4 mm Pellets zum einfachen Kauen<br \/>\n\u2714\ufe0f Ideal f\u00fcr Sportpferde<br \/>\n\u2714\ufe0f Unterst\u00fctzt das nat\u00fcrliche Wohlbefinden der Gelenke<\/p>\n","protected":false},"featured_media":20887,"template":"","meta":{"_acf_changed":false,"_joinchat":[]},"product_brand":[],"product_cat":[445],"product_tag":[465,469,679,489,461],"class_list":{"0":"post-11742","1":"product","2":"type-product","3":"status-publish","4":"has-post-thumbnail","6":"product_cat-naehrstoffe-und-vitamine","7":"product_tag-distanzreiten","8":"product_tag-dressurreiten","9":"product_tag-gelenke","10":"product_tag-kein-doping","11":"product_tag-springreiten","13":"first","14":"instock","15":"taxable","16":"shipping-taxable","17":"purchasable","18":"product-type-variable"},"acf":[],"_links":{"self":[{"href":"https:\/\/unika.sitointest.it\/de\/wp-json\/wp\/v2\/product\/11742","targetHints":{"allow":["GET"]}}],"collection":[{"href":"https:\/\/unika.sitointest.it\/de\/wp-json\/wp\/v2\/product"}],"about":[{"href":"https:\/\/unika.sitointest.it\/de\/wp-json\/wp\/v2\/types\/product"}],"version-history":[{"count":3,"href":"https:\/\/unika.sitointest.it\/de\/wp-json\/wp\/v2\/product\/11742\/revisions"}],"predecessor-version":[{"id":15632,"href":"https:\/\/unika.sitointest.it\/de\/wp-json\/wp\/v2\/product\/11742\/revisions\/15632"}],"wp:featuredmedia":[{"embeddable":true,"href":"https:\/\/unika.sitointest.it\/de\/wp-json\/wp\/v2\/media\/20887"}],"wp:attachment":[{"href":"https:\/\/unika.sitointest.it\/de\/wp-json\/wp\/v2\/media?parent=11742"}],"wp:term":[{"taxonomy":"product_brand","embeddable":true,"href":"https:\/\/unika.sitointest.it\/de\/wp-json\/wp\/v2\/product_brand?post=11742"},{"taxonomy":"product_cat","embeddable":true,"href":"https:\/\/unika.sitointest.it\/de\/wp-json\/wp\/v2\/product_cat?post=11742"},{"taxonomy":"product_tag","embeddable":true,"href":"https:\/\/unika.sitointest.it\/de\/wp-json\/wp\/v2\/product_tag?post=11742"}],"curies":[{"name":"wp","href":"https:\/\/api.w.org\/{rel}","templated":true}]}}