{"id":11682,"date":"2022-11-22T13:51:56","date_gmt":"2022-11-22T12:51:56","guid":{"rendered":"https:\/\/lineaunika.jumpgroup.it\/shop\/unkategorisiert\/uniforce\/"},"modified":"2023-06-16T13:43:41","modified_gmt":"2023-06-16T13:43:41","slug":"uniforce","status":"publish","type":"product","link":"https:\/\/unika.sitointest.it\/de\/shop\/naehrstoffe-und-vitamine\/uniforce\/","title":{"rendered":"Uniforce"},"content":{"rendered":"<h4>Erg\u00e4nzungsfutter f\u00fcr Pferde f\u00fcr besondere Ern\u00e4hrungszwecke \u2013 Unterst\u00fctzung bei der Vorbereitung auf sportliche Aktivit\u00e4ten und der anschlie\u00dfenden Erholung<\/h4>\n<p>Uniforce ist das Erg\u00e4nzungsfutter f\u00fcr besondere Ern\u00e4hrungszwecke f\u00fcr Pferde und unterst\u00fctzt die Vorbereitung des Pferdes auf sportliche Aktivit\u00e4ten und die anschlie\u00dfende Erholung. Uniforce ist das pelletf\u00f6rmige Erg\u00e4nzungsfutter f\u00fcr alle, welche die Ern\u00e4hrung ihres Champions mit verzweigtkettigen Aminos\u00e4uren, Vitaminen, Spurenelementen und Maltodextrinen erg\u00e4nzen wollen.<\/p>\n<h4>Wann es zu verwenden ist<\/h4>\n<p>Uniforce ist das Erg\u00e4nzungsfutter f\u00fcr besondere Ern\u00e4hrungszwecke, das der Ern\u00e4hrung des Sportpferdes wichtige Elemente zuf\u00fchrt. Uniforce empfiehlt sich f\u00fcr:<\/p>\n<p>&#8211; Springpferde bei der Wettkampfvorbereitung<br \/>\n&#8211; Distanzpferde bei der Wettkampfvorbereitung<br \/>\n&#8211; Westernpferde bei der Wettkampfvorbereitung<br \/>\n&#8211; Dressurpferde bei der Wettkampfvorbereitung<br \/>\n&#8211; Vielseitigkeitspferde bei der Wettkampfvorbereitung<br \/>\n&#8211; Pferde, die pulverf\u00f6rmiges Erg\u00e4nzungsfutter nicht m\u00f6gen<\/p>\n<h4>Eigenschaften der Bestandteile<\/h4>\n<p>Uniforce f\u00fchrt die richtige Menge an Vitamin E und Selen zu, die f\u00fcr die sportliche Vorbereitung des Turnierpferdes wichtig sind. Uniforce enth\u00e4lt auch wichtige essentielle Aminos\u00e4uren f\u00fcr die t\u00e4gliche Ern\u00e4hrung des Sportpferdes. Es enth\u00e4lt au\u00dferdem Vitamin C und Maltodextrin zur Unterst\u00fctzung des K\u00f6rpers im Leistungstraining.<\/p>\n<h4>Gebrauchsanweisung<\/h4>\n<p>500 g Uniforce pro Tag unter die t\u00e4gliche Ration mischen. Die Menge kann auch am gleichen Tag in zwei Teile aufgeteilt werden.&#8221;<\/p>\n<p><em>(Aufgrund der Spezifit\u00e4t jedes Organismus sollten neue Allein- und Erg\u00e4nzungsfutter zuerst getestet werden, indem man sie schrittweise in die Ern\u00e4hrung des Pferdes einf\u00fchrt).<\/em><\/p>\n<p><em><strong>Wir f\u00fchren eine Etiketten\u00fcberpr\u00fcfung durch. Wenn Sie das Etikett vor dem Verkauf erhalten m\u00f6chten, bitten wir Sie, uns eine E-Mail an die folgende Adresse zu senden: info@lineaunika.it . Wir entschuldigen uns f\u00fcr die vor\u00fcbergehenden Unannehmlichkeiten.<\/strong><\/em><\/p>\n","protected":false},"excerpt":{"rendered":"<p>\u2714\ufe0f 4 mm Pellets zum einfachen Kauen<br \/>\n\u2714\ufe0f Reich an verzweigten Aminos\u00e4uren<br \/>\n\u2714\ufe0f Besonders geeignet f\u00fcr Rennpferde<\/p>\n","protected":false},"featured_media":21303,"template":"","meta":{"_acf_changed":false,"_joinchat":[]},"product_brand":[],"product_cat":[445],"product_tag":[469,481,489,485,461,473],"class_list":{"0":"post-11682","1":"product","2":"type-product","3":"status-publish","4":"has-post-thumbnail","6":"product_cat-naehrstoffe-und-vitamine","7":"product_tag-dressurreiten","8":"product_tag-energie-de","9":"product_tag-kein-doping","10":"product_tag-muskeln","11":"product_tag-springreiten","12":"product_tag-westernreiten","13":"product_shipping_class-mangimi","15":"first","16":"outofstock","17":"taxable","18":"shipping-taxable","19":"purchasable","20":"product-type-variable"},"acf":[],"_links":{"self":[{"href":"https:\/\/unika.sitointest.it\/de\/wp-json\/wp\/v2\/product\/11682","targetHints":{"allow":["GET"]}}],"collection":[{"href":"https:\/\/unika.sitointest.it\/de\/wp-json\/wp\/v2\/product"}],"about":[{"href":"https:\/\/unika.sitointest.it\/de\/wp-json\/wp\/v2\/types\/product"}],"version-history":[{"count":3,"href":"https:\/\/unika.sitointest.it\/de\/wp-json\/wp\/v2\/product\/11682\/revisions"}],"predecessor-version":[{"id":15635,"href":"https:\/\/unika.sitointest.it\/de\/wp-json\/wp\/v2\/product\/11682\/revisions\/15635"}],"wp:featuredmedia":[{"embeddable":true,"href":"https:\/\/unika.sitointest.it\/de\/wp-json\/wp\/v2\/media\/21303"}],"wp:attachment":[{"href":"https:\/\/unika.sitointest.it\/de\/wp-json\/wp\/v2\/media?parent=11682"}],"wp:term":[{"taxonomy":"product_brand","embeddable":true,"href":"https:\/\/unika.sitointest.it\/de\/wp-json\/wp\/v2\/product_brand?post=11682"},{"taxonomy":"product_cat","embeddable":true,"href":"https:\/\/unika.sitointest.it\/de\/wp-json\/wp\/v2\/product_cat?post=11682"},{"taxonomy":"product_tag","embeddable":true,"href":"https:\/\/unika.sitointest.it\/de\/wp-json\/wp\/v2\/product_tag?post=11682"}],"curies":[{"name":"wp","href":"https:\/\/api.w.org\/{rel}","templated":true}]}}