{"id":11584,"date":"2022-11-22T11:58:07","date_gmt":"2022-11-22T11:58:07","guid":{"rendered":"https:\/\/lineaunika.jumpgroup.it\/shop\/unkategorisiert\/sapone-da-cuoio\/"},"modified":"2023-06-16T13:47:23","modified_gmt":"2023-06-16T13:47:23","slug":"sapone-da-cuoio","status":"publish","type":"product","link":"https:\/\/unika.sitointest.it\/de\/shop\/produkte-fur-leder\/sapone-da-cuoio\/","title":{"rendered":"Sapone da cuoio"},"content":{"rendered":"<p>Sapone da cuoio ist eine Mischung aus Produkten, die zum besonders milden Reinigen von Leder geeignet sind. Sapone da cuoio mit hohem Glyzeringehalt l\u00e4sst das Pferdegeschirr nicht austrocknen, h\u00e4lt es weich und versorgt es mit Feuchtigkeit. Dar\u00fcber hinaus verf\u00fcgt es \u00fcber die Eigenschaft, Schmutz und Staub zu beseitigen, der sich zwischen den N\u00e4hten des Ledergeschirrs ansammelt. Sapone da cuoio ist ein mildes Produkt ohne Ammoniumsalze, welche auf die Dauer Feuchtigkeit entziehen und das Leder austrocknet. Nur f\u00fcr \u00e4u\u00dfere Anwendung.<\/p>\n<h4>Wann es zu verwenden ist<\/h4>\n<p>Seifen aus Leder ist ein spezielles Produkt, das sich hervorragend zur Reinigung eignet von Ledergeschirr ist geeignet. Anwendung und Dosierung: Eine m\u00e4\u00dfige Menge Seife aus Leder direkt auf die zu behandelnde Stelle auftragen. Mit einer Schwamm oder Tuch verteilen das Produkt gleichm\u00e4\u00dfig. Lederseife hat eine nachhaltige Wirkung von einigen Tagen.<\/p>\n<h4>Gebrauchsanweisung<\/h4>\n<p>Eine moderate Menge Sapone da cuoio direkt auf die zu behandelnde Stelle auftragen. Mit einem Schwamm oder einem Tuch das Produkt gleichm\u00e4\u03b2ig verteilen. Sapone da cuoio hat eine nachhaltige Wirkung von einigen Tagen.<\/p>\n<p><em><strong>Wir f\u00fchren eine Etiketten\u00fcberpr\u00fcfung durch. Wenn Sie das Etikett vor dem Verkauf erhalten m\u00f6chten, bitten wir Sie, uns eine E-Mail an die folgende Adresse zu senden: info@lineaunika.it . Wir entschuldigen uns f\u00fcr die vor\u00fcbergehenden Unannehmlichkeiten.<\/strong><\/em><\/p>\n","protected":false},"excerpt":{"rendered":"<p>\u2714\ufe0fMit praktischem Spr\u00fchkopf<br \/>\n\u2714\ufe0fSanfte Formel auf Leder<br \/>\n\u2714\ufe0fReinigt ohne zu trocknen<br \/>\n\u2714\ufe0fMit Kokos\u00f6l und Lanolin versetzt<\/p>\n","protected":false},"featured_media":21337,"template":"","meta":{"_acf_changed":false,"_joinchat":[]},"product_brand":[],"product_cat":[448],"product_tag":[675],"class_list":{"0":"post-11584","1":"product","2":"type-product","3":"status-publish","4":"has-post-thumbnail","6":"product_cat-produkte-fur-leder","7":"product_tag-saettel-und-geschirre","9":"first","10":"instock","11":"taxable","12":"shipping-taxable","13":"purchasable","14":"product-type-variable"},"acf":[],"_links":{"self":[{"href":"https:\/\/unika.sitointest.it\/de\/wp-json\/wp\/v2\/product\/11584","targetHints":{"allow":["GET"]}}],"collection":[{"href":"https:\/\/unika.sitointest.it\/de\/wp-json\/wp\/v2\/product"}],"about":[{"href":"https:\/\/unika.sitointest.it\/de\/wp-json\/wp\/v2\/types\/product"}],"version-history":[{"count":2,"href":"https:\/\/unika.sitointest.it\/de\/wp-json\/wp\/v2\/product\/11584\/revisions"}],"predecessor-version":[{"id":15638,"href":"https:\/\/unika.sitointest.it\/de\/wp-json\/wp\/v2\/product\/11584\/revisions\/15638"}],"wp:featuredmedia":[{"embeddable":true,"href":"https:\/\/unika.sitointest.it\/de\/wp-json\/wp\/v2\/media\/21337"}],"wp:attachment":[{"href":"https:\/\/unika.sitointest.it\/de\/wp-json\/wp\/v2\/media?parent=11584"}],"wp:term":[{"taxonomy":"product_brand","embeddable":true,"href":"https:\/\/unika.sitointest.it\/de\/wp-json\/wp\/v2\/product_brand?post=11584"},{"taxonomy":"product_cat","embeddable":true,"href":"https:\/\/unika.sitointest.it\/de\/wp-json\/wp\/v2\/product_cat?post=11584"},{"taxonomy":"product_tag","embeddable":true,"href":"https:\/\/unika.sitointest.it\/de\/wp-json\/wp\/v2\/product_tag?post=11584"}],"curies":[{"name":"wp","href":"https:\/\/api.w.org\/{rel}","templated":true}]}}