{"id":11557,"date":"2022-11-22T11:44:16","date_gmt":"2022-11-22T10:44:16","guid":{"rendered":"https:\/\/lineaunika.jumpgroup.it\/shop\/unkategorisiert\/olio-da-cuoio\/"},"modified":"2023-06-16T13:50:51","modified_gmt":"2023-06-16T13:50:51","slug":"olio-da-cuoio","status":"publish","type":"product","link":"https:\/\/unika.sitointest.it\/de\/shop\/produkte-fur-leder\/olio-da-cuoio\/","title":{"rendered":"Olio da Cuoio"},"content":{"rendered":"<p>Olio da cuoio ist eine Mischung aus Pflanzen\u00f6len. Es n\u00e4hrt das Ledergeschirr, verleiht Glanz und garantiert eine perfekte Durchl\u00e4ssigkeit in die Lederporen. Olio da cuoio ist eine<br \/>\nechte Pflege gegen das Altern Ihres Leders: es macht das Ledergeschirr gl\u00e4nzender und widerstandsf\u00e4higer gegen Wasser, Staub und synthetische Seifen. Nur f\u00fcr \u00e4u\u00dfere Anwendung.<\/p>\n<h4>Wann es zu verwenden ist<\/h4>\n<p>Olio da cuoio ist ein spezifisches Produkt, um das Ledergeschirr zu n\u00e4hren und ihm mehr Glanz zu verleihen.<\/p>\n<h4>Gebrauchsanweisung<\/h4>\n<p>Olio da cuoio auf ein sauberes Tuch geben und die zu behandelnde Stelle auf dem Leder einreiben. Die Stelle vor der Behandlung s\u00e4ubern und trocknen. Lederpflege\u00f6l kann 1:1 mit Olio da cuoio verd\u00fcnnt werden, um gleichzeitig Reinheit und Glanz zu erzielen.<\/p>\n<p><em><strong>Wir f\u00fchren eine Etiketten\u00fcberpr\u00fcfung durch. Wenn Sie das Etikett vor dem Verkauf erhalten m\u00f6chten, bitten wir Sie, uns eine E-Mail an die folgende Adresse zu senden: info@lineaunika.it . Wir entschuldigen uns f\u00fcr die vor\u00fcbergehenden Unannehmlichkeiten.<\/strong><\/em><\/p>\n","protected":false},"excerpt":{"rendered":"<p>\u2714\ufe0fHinterl\u00e4sst keine R\u00fcckst\u00e4nde<br \/>\n\u2714\ufe0fMit \u00d6len pflanzlichen Ursprungs<br \/>\n\u2714\ufe0fSpendet Feuchtigkeit und sch\u00fctzt<\/p>\n","protected":false},"featured_media":21329,"template":"","meta":{"_acf_changed":false,"_joinchat":[]},"product_brand":[],"product_cat":[448],"product_tag":[675],"class_list":{"0":"post-11557","1":"product","2":"type-product","3":"status-publish","4":"has-post-thumbnail","6":"product_cat-produkte-fur-leder","7":"product_tag-saettel-und-geschirre","9":"first","10":"instock","11":"taxable","12":"shipping-taxable","13":"purchasable","14":"product-type-variable"},"acf":[],"_links":{"self":[{"href":"https:\/\/unika.sitointest.it\/de\/wp-json\/wp\/v2\/product\/11557","targetHints":{"allow":["GET"]}}],"collection":[{"href":"https:\/\/unika.sitointest.it\/de\/wp-json\/wp\/v2\/product"}],"about":[{"href":"https:\/\/unika.sitointest.it\/de\/wp-json\/wp\/v2\/types\/product"}],"version-history":[{"count":3,"href":"https:\/\/unika.sitointest.it\/de\/wp-json\/wp\/v2\/product\/11557\/revisions"}],"predecessor-version":[{"id":15641,"href":"https:\/\/unika.sitointest.it\/de\/wp-json\/wp\/v2\/product\/11557\/revisions\/15641"}],"wp:featuredmedia":[{"embeddable":true,"href":"https:\/\/unika.sitointest.it\/de\/wp-json\/wp\/v2\/media\/21329"}],"wp:attachment":[{"href":"https:\/\/unika.sitointest.it\/de\/wp-json\/wp\/v2\/media?parent=11557"}],"wp:term":[{"taxonomy":"product_brand","embeddable":true,"href":"https:\/\/unika.sitointest.it\/de\/wp-json\/wp\/v2\/product_brand?post=11557"},{"taxonomy":"product_cat","embeddable":true,"href":"https:\/\/unika.sitointest.it\/de\/wp-json\/wp\/v2\/product_cat?post=11557"},{"taxonomy":"product_tag","embeddable":true,"href":"https:\/\/unika.sitointest.it\/de\/wp-json\/wp\/v2\/product_tag?post=11557"}],"curies":[{"name":"wp","href":"https:\/\/api.w.org\/{rel}","templated":true}]}}