{"id":11535,"date":"2022-11-22T11:36:53","date_gmt":"2022-11-22T10:36:53","guid":{"rendered":"https:\/\/lineaunika.jumpgroup.it\/shop\/unkategorisiert\/grasso-da-cuoio\/"},"modified":"2025-06-03T15:22:47","modified_gmt":"2025-06-03T14:22:47","slug":"grasso-da-cuoio","status":"publish","type":"product","link":"https:\/\/unika.sitointest.it\/de\/shop\/produkte-fur-leder\/grasso-da-cuoio\/","title":{"rendered":"Grasso da cuoio"},"content":{"rendered":"<p>Grasso da cuoio ist das ideale Produkt zum Schutz von Ledergeschirr, Sattel und Ledereins\u00e4tzen vor Staub und Verwitterung. Es besteht aus hochwertigen Rohstoffen und hat eine nach Honig duftende Note. Grasso da cuoio wirkt auf zwei verschiedenen Ebenen: es unterst\u00fctzt die Erhaltung, der durch N\u00e4hrstoffe erzielten impr\u00e4gnierenden Wirkung auf Ledergeschirr und Sattel, die so besser Staub abweisen und resistenter gegen\u00fcber \u00e4u\u03b2eren Einfl\u00fcssen sind. Gleichzeitig verleiht das Produkt Glanz und einen Seideneffekt, ohne zu fetten. Grasso da cuoio enth\u00e4lt kein Silikon, sondern nur nat\u00fcrliche Produkte, wie Bienenwachs, Flomen und Kokos\u00f6l. Grasso da cuoio kann in die noch so kleinsten N\u00e4hte des Ledergeschirrs eindringen und sch\u00fctzt<br \/>\ndadurch vor dem Austrocknen. Bei regelm\u00e4\u03b2iger Anwendung wird das Entstehen gef\u00e4hrlicher Risse im Leder vermieden und die Lebensdauer der Lederausr\u00fcstung verl\u00e4ngert.<\/p>\n<h4>Wann es zu verwenden ist<\/h4>\n<p>Grasso da cuoio ist durch seine N\u00e4hrstoffe das zur Pflege von Ledergeschirr indizierte Produkt, ohne dass sie sich bei Ber\u00fchrung rutschig oder schmierig anf\u00fchlen.<\/p>\n<h4>Gebrauchsanweisung<\/h4>\n<p>Reinigen Sie die Ledergeschirre und tragen Sie dann Grasso da cuoio mit einem Tuch auf.<\/p>\n<p>Nettogewicht: 500g<\/p>\n<p><em><strong>Wir f\u00fchren eine Etiketten\u00fcberpr\u00fcfung durch. Wenn Sie das Etikett vor dem Verkauf erhalten m\u00f6chten, bitten wir Sie, uns eine E-Mail an die folgende Adresse zu senden: info@lineaunika.it . Wir entschuldigen uns f\u00fcr die vor\u00fcbergehenden Unannehmlichkeiten.<\/strong><\/em><\/p>\n","protected":false},"excerpt":{"rendered":"<p>\u2714\ufe0f Einfach zu verteilen<br \/>\n\u2714\ufe0f Mit tierischen und pflanzlichen Fetten<br \/>\n\u2714\ufe0f Spendet Feuchtigkeit und sch\u00fctzt<\/p>\n","protected":false},"featured_media":21323,"template":"","meta":{"_acf_changed":false,"_joinchat":[]},"product_brand":[],"product_cat":[448],"product_tag":[675],"class_list":{"0":"post-11535","1":"product","2":"type-product","3":"status-publish","4":"has-post-thumbnail","6":"product_cat-produkte-fur-leder","7":"product_tag-saettel-und-geschirre","9":"first","10":"instock","11":"taxable","12":"shipping-taxable","13":"purchasable","14":"product-type-simple"},"acf":[],"_links":{"self":[{"href":"https:\/\/unika.sitointest.it\/de\/wp-json\/wp\/v2\/product\/11535","targetHints":{"allow":["GET"]}}],"collection":[{"href":"https:\/\/unika.sitointest.it\/de\/wp-json\/wp\/v2\/product"}],"about":[{"href":"https:\/\/unika.sitointest.it\/de\/wp-json\/wp\/v2\/types\/product"}],"version-history":[{"count":3,"href":"https:\/\/unika.sitointest.it\/de\/wp-json\/wp\/v2\/product\/11535\/revisions"}],"predecessor-version":[{"id":27827,"href":"https:\/\/unika.sitointest.it\/de\/wp-json\/wp\/v2\/product\/11535\/revisions\/27827"}],"wp:featuredmedia":[{"embeddable":true,"href":"https:\/\/unika.sitointest.it\/de\/wp-json\/wp\/v2\/media\/21323"}],"wp:attachment":[{"href":"https:\/\/unika.sitointest.it\/de\/wp-json\/wp\/v2\/media?parent=11535"}],"wp:term":[{"taxonomy":"product_brand","embeddable":true,"href":"https:\/\/unika.sitointest.it\/de\/wp-json\/wp\/v2\/product_brand?post=11535"},{"taxonomy":"product_cat","embeddable":true,"href":"https:\/\/unika.sitointest.it\/de\/wp-json\/wp\/v2\/product_cat?post=11535"},{"taxonomy":"product_tag","embeddable":true,"href":"https:\/\/unika.sitointest.it\/de\/wp-json\/wp\/v2\/product_tag?post=11535"}],"curies":[{"name":"wp","href":"https:\/\/api.w.org\/{rel}","templated":true}]}}