{"id":11516,"date":"2022-11-22T11:24:24","date_gmt":"2022-11-22T10:24:24","guid":{"rendered":"https:\/\/lineaunika.jumpgroup.it\/shop\/unkategorisiert\/tendon-gel\/"},"modified":"2026-02-16T18:09:23","modified_gmt":"2026-02-16T17:09:23","slug":"tendon-gel","status":"publish","type":"product","link":"https:\/\/unika.sitointest.it\/de\/shop\/hygiene-und-pferdepflege\/tendon-gel\/","title":{"rendered":"Tendon Gel"},"content":{"rendered":"<p>Tendon Gel ist die neueste Unika-Revolution im Universum der Gelenk- und Sehnengele. Tendon Gel ist ein Gel auf Basis von Arnica montana, die in Synergie mit ozonisiertem Sonnenblumen\u00f6l eine Spezialmischung zur Aufrechterhaltung des perfekten Gesundheitszustandes der Pferdegelenke bildet, wobei besonders die Sehnen gepflegt werden.<br \/>\nTendon Gel ist ein wertvoller Verb\u00fcndeter f\u00fcr Pferde im Wettkampf und Training. Es ist leicht aufzutragen und hinterl\u00e4sst keine R\u00fcckst\u00e4nde.<\/p>\n<h4>Wann es zu verwenden ist<\/h4>\n<p>Tendon Gel ist das ideale Gel zur Anwendung:<\/p>\n<p>&#8211; vor einer Fahrt zum Schutz der Gelenke w\u00e4hrend des Transports<br \/>\n&#8211; als Massagegel f\u00fcr Osteopathen, Massagetherapeuten und Chiropraktiker f\u00fcr Tiere<br \/>\n&#8211; nach dem Training zur St\u00e4rkung der Sehnen<br \/>\n&#8211; nach dem Wettkampf zur Erholung und Entlastung der Gelenke<\/p>\n<h4>Eigenschaften der Bestandteile<\/h4>\n<p>Ozonisiertes Sonnenblumen\u00f6l und Arnica montana sind ausgezeichnete Verb\u00fcndete f\u00fcr die Gesundheit der Gelenke. Ozonisiertes \u00d6l ist ein Ozontr\u00e4ger, da sich Ozon innerhalb der Pflanzen\u00f6lmatrix stabilisiert. Ozonisiertes \u00d6l regt das Gewebe an, besser auf Belastungen zu reagieren, und hilft den Gelenken auf nat\u00fcrliche Weise, nach intensiver Arbeit wieder aktiv und fit zu werden. Arnica montana, in der traditionellen Volksmedizin und Phytotherapie sehr bekannt, wirkt sich \u00fcberaus positiv auf belastete Gelenken aus.<\/p>\n<h4>Gebrauchsanweisung<\/h4>\n<p>Tendon Gel auf die Gelenke auftragen und einmassieren, damit es einzieht. Tendon Gel kann anschlie\u00dfend je nach den Gepflogenheiten der Reitanlage und den spezifischen Pferdebed\u00fcrfnissen verbunden werden.<\/p>\n<p><em>(Aufgrund der Spezifit\u00e4t jedes Organismus empfehlen wir die Anwendung zun\u00e4chst auf einer kleinen Fl\u00e4che).<\/em><\/p>\n<p><em><strong>Wir f\u00fchren eine Etiketten\u00fcberpr\u00fcfung durch. Wenn Sie das Etikett vor dem Verkauf erhalten m\u00f6chten, bitten wir Sie, uns eine E-Mail an die folgende Adresse zu senden: info@lineaunika.it . Wir entschuldigen uns f\u00fcr die vor\u00fcbergehenden Unannehmlichkeiten.<\/strong><\/em><\/p>\n","protected":false},"excerpt":{"rendered":"<p>\u2714\ufe0f Leicht zu verteilen<br \/>\n\u2714\ufe0f Mit Arnika und ozonisiertem \u00d6l<br \/>\n\u2714\ufe0f Ideal f\u00fcr Sehnen<\/p>\n","protected":false},"featured_media":21196,"template":"","meta":{"_acf_changed":false,"_joinchat":[]},"product_brand":[],"product_cat":[451],"product_tag":[639,465,469,643,679,627,461],"class_list":{"0":"post-11516","1":"product","2":"type-product","3":"status-publish","4":"has-post-thumbnail","6":"product_cat-hygiene-und-pferdepflege","7":"product_tag-arnica-de","8":"product_tag-distanzreiten","9":"product_tag-dressurreiten","10":"product_tag-gele-cremes-und-kreidebalsam","11":"product_tag-gelenke","12":"product_tag-sehne","13":"product_tag-springreiten","15":"first","16":"outofstock","17":"taxable","18":"shipping-taxable","19":"purchasable","20":"product-type-variable"},"acf":[],"_links":{"self":[{"href":"https:\/\/unika.sitointest.it\/de\/wp-json\/wp\/v2\/product\/11516","targetHints":{"allow":["GET"]}}],"collection":[{"href":"https:\/\/unika.sitointest.it\/de\/wp-json\/wp\/v2\/product"}],"about":[{"href":"https:\/\/unika.sitointest.it\/de\/wp-json\/wp\/v2\/types\/product"}],"version-history":[{"count":4,"href":"https:\/\/unika.sitointest.it\/de\/wp-json\/wp\/v2\/product\/11516\/revisions"}],"predecessor-version":[{"id":15656,"href":"https:\/\/unika.sitointest.it\/de\/wp-json\/wp\/v2\/product\/11516\/revisions\/15656"}],"wp:featuredmedia":[{"embeddable":true,"href":"https:\/\/unika.sitointest.it\/de\/wp-json\/wp\/v2\/media\/21196"}],"wp:attachment":[{"href":"https:\/\/unika.sitointest.it\/de\/wp-json\/wp\/v2\/media?parent=11516"}],"wp:term":[{"taxonomy":"product_brand","embeddable":true,"href":"https:\/\/unika.sitointest.it\/de\/wp-json\/wp\/v2\/product_brand?post=11516"},{"taxonomy":"product_cat","embeddable":true,"href":"https:\/\/unika.sitointest.it\/de\/wp-json\/wp\/v2\/product_cat?post=11516"},{"taxonomy":"product_tag","embeddable":true,"href":"https:\/\/unika.sitointest.it\/de\/wp-json\/wp\/v2\/product_tag?post=11516"}],"curies":[{"name":"wp","href":"https:\/\/api.w.org\/{rel}","templated":true}]}}