{"id":11486,"date":"2022-11-22T11:12:25","date_gmt":"2022-11-22T10:12:25","guid":{"rendered":"https:\/\/lineaunika.jumpgroup.it\/shop\/unkategorisiert\/shampoo-secco\/"},"modified":"2023-06-19T12:45:41","modified_gmt":"2023-06-19T12:45:41","slug":"shampoo-secco","status":"publish","type":"product","link":"https:\/\/unika.sitointest.it\/de\/shop\/hygiene-und-pferdepflege\/shampoo-secco\/","title":{"rendered":"Shampoo Secco"},"content":{"rendered":"<h4>Produkt ausschlie\u00dflich zur \u00e4u\u00dferen Anwendung<\/h4>\n<p>Das Shampoo Secco reinigt Fell und Haar des Pferdes und bringt es zum Gl\u00e4nzen, ohne dass Wasser ben\u00f6tigt wird. Das Shampoo Secco ist das ideale Produkt, um dem Pferd eine richtige Hygiene zu gew\u00e4hrleisten, wenn Duschen nicht empfehlenswert ist (Winterzeit\u2026). Es ist auch sehr n\u00fctzlich bei Turnieren und Wettk\u00e4mpfen, besonders um grauen M\u00e4nteln mehr Glanz zu verleihen. Nur zur \u00e4u\u00dferen Anwendung.<\/p>\n<h4>Gebrauchsanweisung<\/h4>\n<p>Eine kleine Menge Shampoo Secco auf ein sauberes, trockenes Tuch geben. Mit dem Tuch \u00fcber das Fell des Pferdes reiben.<\/p>\n<p><em>(Aufgrund der Spezifit\u00e4t jedes Organismus empfehlen wir die Anwendung zun\u00e4chst auf einer kleinen Fl\u00e4che).<\/em><\/p>\n<p><em><strong>Wir f\u00fchren eine Etiketten\u00fcberpr\u00fcfung durch. Wenn Sie das Etikett vor dem Verkauf erhalten m\u00f6chten, bitten wir Sie, uns eine E-Mail an die folgende Adresse zu senden: info@lineaunika.it . Wir entschuldigen uns f\u00fcr die vor\u00fcbergehenden Unannehmlichkeiten.<\/strong><\/em><\/p>\n","protected":false},"excerpt":{"rendered":"<p>\u2714\ufe0f Zarte Formel<br \/>\n\u2714\ufe0f Ohne Wasser zu verwenden<br \/>\n\u2714\ufe0f Ideal im Winter<\/p>\n","protected":false},"featured_media":21192,"template":"","meta":{"_acf_changed":false,"_joinchat":[]},"product_brand":[],"product_cat":[451],"product_tag":[663,565,659,671],"class_list":{"0":"post-11486","1":"product","2":"type-product","3":"status-publish","4":"has-post-thumbnail","6":"product_cat-hygiene-und-pferdepflege","7":"product_tag-hygieneprodukte","8":"product_tag-mantel-und-haut","9":"product_tag-shampoo-de","10":"product_tag-winter-de","12":"first","13":"instock","14":"taxable","15":"shipping-taxable","16":"purchasable","17":"product-type-simple"},"acf":[],"_links":{"self":[{"href":"https:\/\/unika.sitointest.it\/de\/wp-json\/wp\/v2\/product\/11486","targetHints":{"allow":["GET"]}}],"collection":[{"href":"https:\/\/unika.sitointest.it\/de\/wp-json\/wp\/v2\/product"}],"about":[{"href":"https:\/\/unika.sitointest.it\/de\/wp-json\/wp\/v2\/types\/product"}],"version-history":[{"count":3,"href":"https:\/\/unika.sitointest.it\/de\/wp-json\/wp\/v2\/product\/11486\/revisions"}],"predecessor-version":[{"id":15659,"href":"https:\/\/unika.sitointest.it\/de\/wp-json\/wp\/v2\/product\/11486\/revisions\/15659"}],"wp:featuredmedia":[{"embeddable":true,"href":"https:\/\/unika.sitointest.it\/de\/wp-json\/wp\/v2\/media\/21192"}],"wp:attachment":[{"href":"https:\/\/unika.sitointest.it\/de\/wp-json\/wp\/v2\/media?parent=11486"}],"wp:term":[{"taxonomy":"product_brand","embeddable":true,"href":"https:\/\/unika.sitointest.it\/de\/wp-json\/wp\/v2\/product_brand?post=11486"},{"taxonomy":"product_cat","embeddable":true,"href":"https:\/\/unika.sitointest.it\/de\/wp-json\/wp\/v2\/product_cat?post=11486"},{"taxonomy":"product_tag","embeddable":true,"href":"https:\/\/unika.sitointest.it\/de\/wp-json\/wp\/v2\/product_tag?post=11486"}],"curies":[{"name":"wp","href":"https:\/\/api.w.org\/{rel}","templated":true}]}}