{"id":11468,"date":"2022-11-22T10:59:47","date_gmt":"2022-11-22T10:59:47","guid":{"rendered":"https:\/\/lineaunika.jumpgroup.it\/shop\/unkategorisiert\/shampoo-destate\/"},"modified":"2023-06-19T12:49:27","modified_gmt":"2023-06-19T12:49:27","slug":"shampoo-destate","status":"publish","type":"product","link":"https:\/\/unika.sitointest.it\/de\/shop\/hygiene-und-pferdepflege\/shampoo-destate\/","title":{"rendered":"Shampoo d&#8217;estate"},"content":{"rendered":"<h4>Produkt ausschlie\u00dflich zur \u00e4u\u00dferen Anwendung<\/h4>\n<p>Das Shampoo d\u2019estate ist das ideale Shampoo, damit Ihr Pferd bereits beim Waschen nach Zitronengras duftet.<\/p>\n<h4>Wann es zu verwenden ist<\/h4>\n<p>Shampoo d\u2019estate ist ideal:<\/p>\n<p>&#8211; als Shampoo im Fr\u00fchling und Sommer<br \/>\n&#8211; f\u00fcr eine korrekte Fellhygiene<\/p>\n<h4>Gebrauchsanweisung<\/h4>\n<p>Zwei Verschlusskappen Shampoo d\u2019estate direkt in einen Eimer mit lauwarmem Wasser geben. Das Wasser mit einem Schwamm umr\u00fchren und darauf achten, dass sich im Eimer ein wenig Schaum bildet. Den Schwamm eintauchen und damit das ganze Pferd einreiben. Darauf achten, dass das Produkt oder Wasser mit dem Produkt darin nicht mit den Augen des Pferdes in Ber\u00fchrung kommt.<\/p>\n<p><em>(Aufgrund der Spezifit\u00e4t jedes Organismus empfehlen wir die Anwendung zun\u00e4chst auf einer kleinen Fl\u00e4che).<\/em><\/p>\n<p><strong><em>Wir f\u00fchren eine Etiketten\u00fcberpr\u00fcfung durch. Wenn Sie das Etikett vor dem Verkauf erhalten m\u00f6chten, bitten wir Sie, uns eine E-Mail an die folgende Adresse zu senden: info@lineaunika.it . Wir entschuldigen uns f\u00fcr die vor\u00fcbergehenden Unannehmlichkeiten.<\/em><\/strong><\/p>\n","protected":false},"excerpt":{"rendered":"<p>\u2714\ufe0f Zarte Formel<br \/>\n\u2714\ufe0f Mit \u00e4therischem Zitronengras\u00f6l<br \/>\n\u2714\ufe0f Ideal im Sommer<\/p>\n","protected":false},"featured_media":21171,"template":"","meta":{"_acf_changed":false,"_joinchat":[]},"product_brand":[],"product_cat":[451],"product_tag":[663,575,565,659,549],"class_list":{"0":"post-11468","1":"product","2":"type-product","3":"status-publish","4":"has-post-thumbnail","6":"product_cat-hygiene-und-pferdepflege","7":"product_tag-hygieneprodukte","8":"product_tag-insekten","9":"product_tag-mantel-und-haut","10":"product_tag-shampoo-de","11":"product_tag-sommer","13":"first","14":"instock","15":"taxable","16":"shipping-taxable","17":"purchasable","18":"product-type-variable"},"acf":[],"_links":{"self":[{"href":"https:\/\/unika.sitointest.it\/de\/wp-json\/wp\/v2\/product\/11468","targetHints":{"allow":["GET"]}}],"collection":[{"href":"https:\/\/unika.sitointest.it\/de\/wp-json\/wp\/v2\/product"}],"about":[{"href":"https:\/\/unika.sitointest.it\/de\/wp-json\/wp\/v2\/types\/product"}],"version-history":[{"count":3,"href":"https:\/\/unika.sitointest.it\/de\/wp-json\/wp\/v2\/product\/11468\/revisions"}],"predecessor-version":[{"id":15662,"href":"https:\/\/unika.sitointest.it\/de\/wp-json\/wp\/v2\/product\/11468\/revisions\/15662"}],"wp:featuredmedia":[{"embeddable":true,"href":"https:\/\/unika.sitointest.it\/de\/wp-json\/wp\/v2\/media\/21171"}],"wp:attachment":[{"href":"https:\/\/unika.sitointest.it\/de\/wp-json\/wp\/v2\/media?parent=11468"}],"wp:term":[{"taxonomy":"product_brand","embeddable":true,"href":"https:\/\/unika.sitointest.it\/de\/wp-json\/wp\/v2\/product_brand?post=11468"},{"taxonomy":"product_cat","embeddable":true,"href":"https:\/\/unika.sitointest.it\/de\/wp-json\/wp\/v2\/product_cat?post=11468"},{"taxonomy":"product_tag","embeddable":true,"href":"https:\/\/unika.sitointest.it\/de\/wp-json\/wp\/v2\/product_tag?post=11468"}],"curies":[{"name":"wp","href":"https:\/\/api.w.org\/{rel}","templated":true}]}}