{"id":11267,"date":"2022-11-18T15:21:42","date_gmt":"2022-11-18T15:21:42","guid":{"rendered":"https:\/\/lineaunika.jumpgroup.it\/shop\/unkategorisiert\/shampoo-cavalli\/"},"modified":"2026-02-16T18:09:20","modified_gmt":"2026-02-16T17:09:20","slug":"shampoo-cavalli","status":"publish","type":"product","link":"https:\/\/unika.sitointest.it\/de\/shop\/hygiene-und-pferdepflege\/shampoo-cavalli\/","title":{"rendered":"Shampoo Cavalli"},"content":{"rendered":"<h4>Produkt ausschlie\u00dflich zur \u00e4u\u00dferen Anwendung<\/h4>\n<p>Das Shampoo Cavalli eignet sich f\u00fcr die t\u00e4gliche Pflege und Hygiene von Pferden. Das milde und duftende Shampoo reinigt und entfernt Schmutz und Unreinheiten aus Fell und Haut des Tieres. Es verleiht ein gl\u00e4nzendes, seidenweiches Aussehen. Nur zur \u00e4u\u00dferen Anwendung.<\/p>\n<h4>Gebrauchsanweisung<\/h4>\n<p>1-2 Verschlusskappen Shampoo Cavalli (je nach Bedarf) in 6-8 Liter Wasser (1 Eimer) mischen. Fell, Schweif oder Haar mit Shampoo Cavalli befeuchten. Gr\u00fcndlich mit sauberem Wasser nachsp\u00fclen. Zum regelm\u00e4\u00dfigen Waschen von Pferden verwenden.<\/p>\n<p><em>(Aufgrund der Spezifit\u00e4t jedes Organismus empfehlen wir die Anwendung zun\u00e4chst auf einer kleinen Fl\u00e4che).<\/em><\/p>\n<p><em><strong>Wir f\u00fchren eine Etiketten\u00fcberpr\u00fcfung durch. Wenn Sie das Etikett vor dem Verkauf erhalten m\u00f6chten, bitten wir Sie, uns eine E-Mail an die folgende Adresse zu senden: info@lineaunika.it . Wir entschuldigen uns f\u00fcr die vor\u00fcbergehenden Unannehmlichkeiten.<\/strong><\/em><\/p>\n","protected":false},"excerpt":{"rendered":"<p>\u2714\ufe0f Zarte Formel<br \/>\n\u2714\ufe0f Mit Seidenproteinen<br \/>\n\u2714\ufe0f Mit Rosenduft<\/p>\n","protected":false},"featured_media":21051,"template":"","meta":{"_acf_changed":false,"_joinchat":[]},"product_brand":[],"product_cat":[451],"product_tag":[663,565,659],"class_list":{"0":"post-11267","1":"product","2":"type-product","3":"status-publish","4":"has-post-thumbnail","6":"product_cat-hygiene-und-pferdepflege","7":"product_tag-hygieneprodukte","8":"product_tag-mantel-und-haut","9":"product_tag-shampoo-de","11":"first","12":"instock","13":"taxable","14":"shipping-taxable","15":"purchasable","16":"product-type-variable"},"acf":[],"_links":{"self":[{"href":"https:\/\/unika.sitointest.it\/de\/wp-json\/wp\/v2\/product\/11267","targetHints":{"allow":["GET"]}}],"collection":[{"href":"https:\/\/unika.sitointest.it\/de\/wp-json\/wp\/v2\/product"}],"about":[{"href":"https:\/\/unika.sitointest.it\/de\/wp-json\/wp\/v2\/types\/product"}],"version-history":[{"count":2,"href":"https:\/\/unika.sitointest.it\/de\/wp-json\/wp\/v2\/product\/11267\/revisions"}],"predecessor-version":[{"id":15665,"href":"https:\/\/unika.sitointest.it\/de\/wp-json\/wp\/v2\/product\/11267\/revisions\/15665"}],"wp:featuredmedia":[{"embeddable":true,"href":"https:\/\/unika.sitointest.it\/de\/wp-json\/wp\/v2\/media\/21051"}],"wp:attachment":[{"href":"https:\/\/unika.sitointest.it\/de\/wp-json\/wp\/v2\/media?parent=11267"}],"wp:term":[{"taxonomy":"product_brand","embeddable":true,"href":"https:\/\/unika.sitointest.it\/de\/wp-json\/wp\/v2\/product_brand?post=11267"},{"taxonomy":"product_cat","embeddable":true,"href":"https:\/\/unika.sitointest.it\/de\/wp-json\/wp\/v2\/product_cat?post=11267"},{"taxonomy":"product_tag","embeddable":true,"href":"https:\/\/unika.sitointest.it\/de\/wp-json\/wp\/v2\/product_tag?post=11267"}],"curies":[{"name":"wp","href":"https:\/\/api.w.org\/{rel}","templated":true}]}}