{"id":11228,"date":"2022-11-18T14:44:41","date_gmt":"2022-11-18T14:44:41","guid":{"rendered":"https:\/\/lineaunika.jumpgroup.it\/shop\/unkategorisiert\/g-sheen\/"},"modified":"2026-02-16T18:09:03","modified_gmt":"2026-02-16T17:09:03","slug":"g-sheen","status":"publish","type":"product","link":"https:\/\/unika.sitointest.it\/de\/shop\/hygiene-und-pferdepflege\/g-sheen\/","title":{"rendered":"G-Sheen"},"content":{"rendered":"<h4>Produkt ausschlie\u00dflich zur \u00e4u\u00dferen Anwendung<\/h4>\n<p>G-Sheen ist ein hervorragendes Glanz- und Entwirrmittel f\u00fcr Pferdeschweif und -m\u00e4hne. Nur zur \u00e4u\u00dferen Anwendung.<\/p>\n<h4>Gebrauchsanweisung<\/h4>\n<p>Eine moderate Menge G-Sheen direkt auf Schweif und M\u00e4hne spr\u00fchen, einige Minuten einwirken lassen, erst dann b\u00fcrsten. Das Produkt hat eine Residualwirkung von einigen Tagen und kann daher 3 bis 4 Mal pro Woche angewendet werden.<\/p>\n<p><em>(Aufgrund der Spezifit\u00e4t jedes Organismus empfehlen wir die Anwendung zun\u00e4chst auf einer kleinen Fl\u00e4che).<\/em><\/p>\n<p><em><strong>Wir f\u00fchren eine Etiketten\u00fcberpr\u00fcfung durch. Wenn Sie das Etikett vor dem Verkauf erhalten m\u00f6chten, bitten wir Sie, uns eine E-Mail an die folgende Adresse zu senden: info@lineaunika.it . Wir entschuldigen uns f\u00fcr die vor\u00fcbergehenden Unannehmlichkeiten.<\/strong><\/em><\/p>\n","protected":false},"excerpt":{"rendered":"<p>\u2714\ufe0f Mit praktischem Spr\u00fchspender<br \/>\n\u2714\ufe0f F\u00fcr perfekt entwirrtes Haar<br \/>\n\u2714\ufe0f F\u00fcr alle Pferde geeignet<\/p>\n","protected":false},"featured_media":21023,"template":"","meta":{"_acf_changed":false,"_joinchat":[]},"product_brand":[],"product_cat":[451],"product_tag":[655,663,565],"class_list":{"0":"post-11228","1":"product","2":"type-product","3":"status-publish","4":"has-post-thumbnail","6":"product_cat-hygiene-und-pferdepflege","7":"product_tag-entwirrmittel","8":"product_tag-hygieneprodukte","9":"product_tag-mantel-und-haut","11":"first","12":"instock","13":"taxable","14":"shipping-taxable","15":"purchasable","16":"product-type-variable"},"acf":[],"_links":{"self":[{"href":"https:\/\/unika.sitointest.it\/de\/wp-json\/wp\/v2\/product\/11228","targetHints":{"allow":["GET"]}}],"collection":[{"href":"https:\/\/unika.sitointest.it\/de\/wp-json\/wp\/v2\/product"}],"about":[{"href":"https:\/\/unika.sitointest.it\/de\/wp-json\/wp\/v2\/types\/product"}],"version-history":[{"count":2,"href":"https:\/\/unika.sitointest.it\/de\/wp-json\/wp\/v2\/product\/11228\/revisions"}],"predecessor-version":[{"id":15672,"href":"https:\/\/unika.sitointest.it\/de\/wp-json\/wp\/v2\/product\/11228\/revisions\/15672"}],"wp:featuredmedia":[{"embeddable":true,"href":"https:\/\/unika.sitointest.it\/de\/wp-json\/wp\/v2\/media\/21023"}],"wp:attachment":[{"href":"https:\/\/unika.sitointest.it\/de\/wp-json\/wp\/v2\/media?parent=11228"}],"wp:term":[{"taxonomy":"product_brand","embeddable":true,"href":"https:\/\/unika.sitointest.it\/de\/wp-json\/wp\/v2\/product_brand?post=11228"},{"taxonomy":"product_cat","embeddable":true,"href":"https:\/\/unika.sitointest.it\/de\/wp-json\/wp\/v2\/product_cat?post=11228"},{"taxonomy":"product_tag","embeddable":true,"href":"https:\/\/unika.sitointest.it\/de\/wp-json\/wp\/v2\/product_tag?post=11228"}],"curies":[{"name":"wp","href":"https:\/\/api.w.org\/{rel}","templated":true}]}}