{"id":11203,"date":"2022-11-18T14:34:32","date_gmt":"2022-11-18T13:34:32","guid":{"rendered":"https:\/\/lineaunika.jumpgroup.it\/shop\/unkategorisiert\/disor-roll-on\/"},"modified":"2025-06-03T15:14:09","modified_gmt":"2025-06-03T14:14:09","slug":"disor-roll-on","status":"publish","type":"product","link":"https:\/\/unika.sitointest.it\/de\/shop\/hygiene-und-pferdepflege\/disor-roll-on\/","title":{"rendered":"Disor Roll-On"},"content":{"rendered":"<h4>Produkt ausschlie\u00dflich zur \u00e4u\u00dferen Anwendung<\/h4>\n<p>Disor Roll-on ist ein duftender Roll-on zur \u00e4u\u00dferen Anwendung f\u00fcr Pferde auf Basis von \u00e4therischem Zitronengras\u00f6l (Cymbopogon nardus).<\/p>\n<h4>Gebrauchsanweisung<\/h4>\n<p>Disor Roll-on \u00fcber die zu beduftenden Bereiche des Pferdes f\u00fchren. Einmal gen\u00fcgt. Disor Roll-on sollte vor allem an den empfindlichen Stellen des Pferdes (Augen, Maul, Genitalbereich\u2026) verwendet werden, auf die Disor nicht gespr\u00fcht werden darf.<\/p>\n<p>Nettogewicht: 50ml<\/p>\n<p><em>(Aufgrund der Spezifit\u00e4t jedes Organismus empfehlen wir die Anwendung zun\u00e4chst auf einer kleinen Fl\u00e4che).<\/em><\/p>\n<p><em><strong>Wir f\u00fchren eine Etiketten\u00fcberpr\u00fcfung durch. Wenn Sie das Etikett vor dem Verkauf erhalten m\u00f6chten, bitten wir Sie, uns eine E-Mail an die folgende Adresse zu senden: info@lineaunika.it . Wir entschuldigen uns f\u00fcr die vor\u00fcbergehenden Unannehmlichkeiten.<\/strong><\/em><\/p>\n","protected":false},"excerpt":{"rendered":"<p>\u2714\ufe0f Mit praktischem Roll-on<br \/>\n\u2714\ufe0f Langer Aufenthalt auf dem Mantel<br \/>\n\u2714\ufe0f Ideal zur Anwendung an der Schnauze und in der N\u00e4he der Schleimh\u00e4ute<\/p>\n","protected":false},"featured_media":21746,"template":"","meta":{"_acf_changed":false,"_joinchat":[]},"product_brand":[],"product_cat":[451],"product_tag":[575,565,549,651],"class_list":{"0":"post-11203","1":"product","2":"type-product","3":"status-publish","4":"has-post-thumbnail","6":"product_cat-hygiene-und-pferdepflege","7":"product_tag-insekten","8":"product_tag-mantel-und-haut","9":"product_tag-sommer","10":"product_tag-zitronengras","12":"first","13":"instock","14":"taxable","15":"shipping-taxable","16":"purchasable","17":"product-type-simple"},"acf":[],"_links":{"self":[{"href":"https:\/\/unika.sitointest.it\/de\/wp-json\/wp\/v2\/product\/11203","targetHints":{"allow":["GET"]}}],"collection":[{"href":"https:\/\/unika.sitointest.it\/de\/wp-json\/wp\/v2\/product"}],"about":[{"href":"https:\/\/unika.sitointest.it\/de\/wp-json\/wp\/v2\/types\/product"}],"version-history":[{"count":4,"href":"https:\/\/unika.sitointest.it\/de\/wp-json\/wp\/v2\/product\/11203\/revisions"}],"predecessor-version":[{"id":27810,"href":"https:\/\/unika.sitointest.it\/de\/wp-json\/wp\/v2\/product\/11203\/revisions\/27810"}],"wp:featuredmedia":[{"embeddable":true,"href":"https:\/\/unika.sitointest.it\/de\/wp-json\/wp\/v2\/media\/21746"}],"wp:attachment":[{"href":"https:\/\/unika.sitointest.it\/de\/wp-json\/wp\/v2\/media?parent=11203"}],"wp:term":[{"taxonomy":"product_brand","embeddable":true,"href":"https:\/\/unika.sitointest.it\/de\/wp-json\/wp\/v2\/product_brand?post=11203"},{"taxonomy":"product_cat","embeddable":true,"href":"https:\/\/unika.sitointest.it\/de\/wp-json\/wp\/v2\/product_cat?post=11203"},{"taxonomy":"product_tag","embeddable":true,"href":"https:\/\/unika.sitointest.it\/de\/wp-json\/wp\/v2\/product_tag?post=11203"}],"curies":[{"name":"wp","href":"https:\/\/api.w.org\/{rel}","templated":true}]}}