{"id":11175,"date":"2022-11-18T14:03:28","date_gmt":"2022-11-18T13:03:28","guid":{"rendered":"https:\/\/lineaunika.jumpgroup.it\/shop\/unkategorisiert\/disor-gel\/"},"modified":"2026-02-16T18:08:45","modified_gmt":"2026-02-16T17:08:45","slug":"disor-gel","status":"publish","type":"product","link":"https:\/\/unika.sitointest.it\/de\/shop\/hygiene-und-pferdepflege\/disor-gel\/","title":{"rendered":"Disor Gel"},"content":{"rendered":"<h4>Produkt ausschlie\u00dflich zur \u00e4u\u00dferen Anwendung<\/h4>\n<p>Disor Gel ist ein parf\u00fcmiertes Gel zur \u00e4u\u00dferen Anwendung auf Basis von \u00e4therischem Zitronengras\u00f6l. Disor Gel ist st\u00e4rker und l\u00e4nger anhaltend als herk\u00f6mmliche Fl\u00fcssigkeiten. Die Gelformulierung erm\u00f6glicht in der Tat eine gr\u00f6\u00dfere Persistenz der Aromad\u00fcfte, da es auf dem Pferdefell einen duftenden Film bildet.<\/p>\n<h4>Gebrauchsanweisung<\/h4>\n<p>Eine d\u00fcnne Produktschicht auf Fell, M\u00e4hne, Schweif, Hals, Widerrist, R\u00fccken, Flanken und Bauch verteilen. Disor Gel kann im Gesichtsbereich angewendet werden, wobei darauf zu achten ist, dass das Gel nicht in direkten Kontakt mit den Schleimh\u00e4uten von Augen und Mund kommt. Den Kontakt mit dem anogenitalen Bereich, insbesondere bei Stuten, vermeiden. Sich nach der Anwendung gr\u00fcndlich die H\u00e4nde waschen.<\/p>\n<p>Nettogewicht: 500g<\/p>\n<p><em>(Aufgrund der Spezifit\u00e4t jedes Organismus empfehlen wir die Anwendung zun\u00e4chst auf einer kleinen Fl\u00e4che).<\/em><\/p>\n<p><em><strong>Wir f\u00fchren eine Etiketten\u00fcberpr\u00fcfung durch. Wenn Sie das Etikett vor dem Verkauf erhalten m\u00f6chten, bitten wir Sie, uns eine E-Mail an die folgende Adresse zu senden: info@lineaunika.it . Wir entschuldigen uns f\u00fcr die vor\u00fcbergehenden Unannehmlichkeiten.<\/strong><\/em><\/p>\n","protected":false},"excerpt":{"rendered":"<p>\u2714\ufe0f Gelformel<br \/>\n\u2714\ufe0f Langer Aufenthalt auf dem Mantel<br \/>\n\u2714\ufe0f Empfohlen f\u00fcr Pferde, die Angst vor dem Spray haben<\/p>\n","protected":false},"featured_media":21760,"template":"","meta":{"_acf_changed":false,"_joinchat":[]},"product_brand":[],"product_cat":[451],"product_tag":[643,575,565,549,651],"class_list":{"0":"post-11175","1":"product","2":"type-product","3":"status-publish","4":"has-post-thumbnail","6":"product_cat-hygiene-und-pferdepflege","7":"product_tag-gele-cremes-und-kreidebalsam","8":"product_tag-insekten","9":"product_tag-mantel-und-haut","10":"product_tag-sommer","11":"product_tag-zitronengras","13":"first","14":"instock","15":"taxable","16":"shipping-taxable","17":"purchasable","18":"product-type-simple"},"acf":[],"_links":{"self":[{"href":"https:\/\/unika.sitointest.it\/de\/wp-json\/wp\/v2\/product\/11175","targetHints":{"allow":["GET"]}}],"collection":[{"href":"https:\/\/unika.sitointest.it\/de\/wp-json\/wp\/v2\/product"}],"about":[{"href":"https:\/\/unika.sitointest.it\/de\/wp-json\/wp\/v2\/types\/product"}],"version-history":[{"count":3,"href":"https:\/\/unika.sitointest.it\/de\/wp-json\/wp\/v2\/product\/11175\/revisions"}],"predecessor-version":[{"id":27807,"href":"https:\/\/unika.sitointest.it\/de\/wp-json\/wp\/v2\/product\/11175\/revisions\/27807"}],"wp:featuredmedia":[{"embeddable":true,"href":"https:\/\/unika.sitointest.it\/de\/wp-json\/wp\/v2\/media\/21760"}],"wp:attachment":[{"href":"https:\/\/unika.sitointest.it\/de\/wp-json\/wp\/v2\/media?parent=11175"}],"wp:term":[{"taxonomy":"product_brand","embeddable":true,"href":"https:\/\/unika.sitointest.it\/de\/wp-json\/wp\/v2\/product_brand?post=11175"},{"taxonomy":"product_cat","embeddable":true,"href":"https:\/\/unika.sitointest.it\/de\/wp-json\/wp\/v2\/product_cat?post=11175"},{"taxonomy":"product_tag","embeddable":true,"href":"https:\/\/unika.sitointest.it\/de\/wp-json\/wp\/v2\/product_tag?post=11175"}],"curies":[{"name":"wp","href":"https:\/\/api.w.org\/{rel}","templated":true}]}}