{"id":11159,"date":"2022-11-18T13:53:57","date_gmt":"2022-11-18T12:53:57","guid":{"rendered":"https:\/\/lineaunika.jumpgroup.it\/shop\/unkategorisiert\/disor\/"},"modified":"2023-06-19T13:37:25","modified_gmt":"2023-06-19T13:37:25","slug":"disor","status":"publish","type":"product","link":"https:\/\/unika.sitointest.it\/de\/shop\/hygiene-und-pferdepflege\/disor\/","title":{"rendered":"Disor"},"content":{"rendered":"<h4>Produkt ausschlie\u00dflich zur \u00e4u\u00dferen Anwendung<\/h4>\n<p>Disor ist ein Duftspray zur \u00e4u\u00dferen Anwendung auf Basis von \u00e4therischem Zitronengras\u00f6l (Cymbopogon nardus), das viele verschiedenen Aromastoffe enth\u00e4lt.<\/p>\n<h4>Gebrauchsanweisung<\/h4>\n<p>Disor ist ein Produkt, das nur zur \u00e4u\u00dferen Anwendung bestimmt ist. Mit dem Zerst\u00e4uber eine kleine Produktmenge auf Fell, M\u00e4hne, Schweif, Hals, Widerrist, R\u00fccken, Kruppe, Flanken und Bauch spr\u00fchen und dabei Augenbereich und Nasenl\u00f6cher meiden, da die hohe Konzentration an \u00e4therischen \u00d6len brennen k\u00f6nnte. Den Kontakt mit dem anogenitalen Bereich, insbesondere bei Stuten, vermeiden.<\/p>\n<p><em>(Aufgrund der Spezifit\u00e4t jedes Organismus empfehlen wir die Anwendung zun\u00e4chst auf einer kleinen Fl\u00e4che).<\/em><\/p>\n<p><em><strong>Wir f\u00fchren eine Etiketten\u00fcberpr\u00fcfung durch. Wenn Sie das Etikett vor dem Verkauf erhalten m\u00f6chten, bitten wir Sie, uns eine E-Mail an die folgende Adresse zu senden: info@lineaunika.it . Wir entschuldigen uns f\u00fcr die vor\u00fcbergehenden Unannehmlichkeiten.<\/strong><\/em><\/p>\n","protected":false},"excerpt":{"rendered":"<p>\u2714\ufe0f Mit praktischem Spr\u00fchspender<br \/>\n\u2714\ufe0f Langer Aufenthalt auf dem Mantel<br \/>\n\u2714\ufe0f Mit \u00e4therischem Zitronengras\u00f6l<\/p>\n","protected":false},"featured_media":20823,"template":"","meta":{"_acf_changed":false,"_joinchat":[]},"product_brand":[],"product_cat":[451],"product_tag":[565,549,651],"class_list":{"0":"post-11159","1":"product","2":"type-product","3":"status-publish","4":"has-post-thumbnail","6":"product_cat-hygiene-und-pferdepflege","7":"product_tag-mantel-und-haut","8":"product_tag-sommer","9":"product_tag-zitronengras","11":"first","12":"outofstock","13":"taxable","14":"shipping-taxable","15":"purchasable","16":"product-type-variable"},"acf":[],"_links":{"self":[{"href":"https:\/\/unika.sitointest.it\/de\/wp-json\/wp\/v2\/product\/11159","targetHints":{"allow":["GET"]}}],"collection":[{"href":"https:\/\/unika.sitointest.it\/de\/wp-json\/wp\/v2\/product"}],"about":[{"href":"https:\/\/unika.sitointest.it\/de\/wp-json\/wp\/v2\/types\/product"}],"version-history":[{"count":3,"href":"https:\/\/unika.sitointest.it\/de\/wp-json\/wp\/v2\/product\/11159\/revisions"}],"predecessor-version":[{"id":15685,"href":"https:\/\/unika.sitointest.it\/de\/wp-json\/wp\/v2\/product\/11159\/revisions\/15685"}],"wp:featuredmedia":[{"embeddable":true,"href":"https:\/\/unika.sitointest.it\/de\/wp-json\/wp\/v2\/media\/20823"}],"wp:attachment":[{"href":"https:\/\/unika.sitointest.it\/de\/wp-json\/wp\/v2\/media?parent=11159"}],"wp:term":[{"taxonomy":"product_brand","embeddable":true,"href":"https:\/\/unika.sitointest.it\/de\/wp-json\/wp\/v2\/product_brand?post=11159"},{"taxonomy":"product_cat","embeddable":true,"href":"https:\/\/unika.sitointest.it\/de\/wp-json\/wp\/v2\/product_cat?post=11159"},{"taxonomy":"product_tag","embeddable":true,"href":"https:\/\/unika.sitointest.it\/de\/wp-json\/wp\/v2\/product_tag?post=11159"}],"curies":[{"name":"wp","href":"https:\/\/api.w.org\/{rel}","templated":true}]}}