{"id":11133,"date":"2022-11-18T13:31:51","date_gmt":"2022-11-18T13:31:51","guid":{"rendered":"https:\/\/lineaunika.jumpgroup.it\/shop\/unkategorisiert\/uniklay\/"},"modified":"2026-02-16T18:09:29","modified_gmt":"2026-02-16T17:09:29","slug":"uniklay","status":"publish","type":"product","link":"https:\/\/unika.sitointest.it\/de\/shop\/hygiene-und-pferdepflege\/uniklay\/","title":{"rendered":"Uniklay"},"content":{"rendered":"<h4>Produkt ausschlie\u00dflich zur \u00e4u\u00dferen Anwendung<\/h4>\n<p>Uniklay ist ein Kreidebalsam f\u00fcr Pferde mit reinem Kaolin f\u00fcr kosmetische Zwecke, Natriumbentonit, Glycerin, Zinkoxid, Mentholkristallen und Aloe-Vera-Extrakt. Uniklay kann auf Wunden und\/oder Sch\u00fcrfwunden verwendet werden, da es keinen Alkohol enth\u00e4lt. Nur zur \u00e4u\u00dferen Anwendung. Ideal nach der Arbeit zum Schutz des physiologischen Gelenkzustandes.<\/p>\n<h4>Gebrauchsanweisung<\/h4>\n<p>Eine d\u00fcnne Schicht Uniklay direkt auf die gesamten Gliedma\u00dfen auftragen. Es leicht trocknen lassen, bevor man es mit nassem Papier oder Binden umwickelt. Kann auf abgesch\u00fcrfter und\/oder abgeschabter Haut verwendet werden.<\/p>\n<p><em>(Aufgrund der Spezifit\u00e4t jedes Organismus empfehlen wir die Anwendung zun\u00e4chst auf einer kleinen Fl\u00e4che).<\/em><\/p>\n<p><em><strong>Wir f\u00fchren eine Etiketten\u00fcberpr\u00fcfung durch. Wenn Sie das Etikett vor dem Verkauf erhalten m\u00f6chten, bitten wir Sie, uns eine E-Mail an die folgende Adresse zu senden: info@lineaunika.it . Wir entschuldigen uns f\u00fcr die vor\u00fcbergehenden Unannehmlichkeiten.<\/strong><\/em><\/p>\n","protected":false},"excerpt":{"rendered":"<p>\u2714\ufe0f Leicht zu verteilen<br \/>\n\u2714\ufe0f Brennt nicht auf Wunden<br \/>\n\u2714\ufe0f Enth\u00e4lt keinen Alkohol<\/p>\n","protected":false},"featured_media":21750,"template":"","meta":{"_acf_changed":false,"_joinchat":[]},"product_brand":[],"product_cat":[451],"product_tag":[639,465,469,643,679,477,461,513,473],"class_list":{"0":"post-11133","1":"product","2":"type-product","3":"status-publish","4":"has-post-thumbnail","6":"product_cat-hygiene-und-pferdepflege","7":"product_tag-arnica-de","8":"product_tag-distanzreiten","9":"product_tag-dressurreiten","10":"product_tag-gele-cremes-und-kreidebalsam","11":"product_tag-gelenke","12":"product_tag-rennpferd","13":"product_tag-springreiten","14":"product_tag-trekking-de","15":"product_tag-westernreiten","17":"first","18":"instock","19":"taxable","20":"shipping-taxable","21":"purchasable","22":"product-type-variable"},"acf":[],"_links":{"self":[{"href":"https:\/\/unika.sitointest.it\/de\/wp-json\/wp\/v2\/product\/11133","targetHints":{"allow":["GET"]}}],"collection":[{"href":"https:\/\/unika.sitointest.it\/de\/wp-json\/wp\/v2\/product"}],"about":[{"href":"https:\/\/unika.sitointest.it\/de\/wp-json\/wp\/v2\/types\/product"}],"version-history":[{"count":3,"href":"https:\/\/unika.sitointest.it\/de\/wp-json\/wp\/v2\/product\/11133\/revisions"}],"predecessor-version":[{"id":15688,"href":"https:\/\/unika.sitointest.it\/de\/wp-json\/wp\/v2\/product\/11133\/revisions\/15688"}],"wp:featuredmedia":[{"embeddable":true,"href":"https:\/\/unika.sitointest.it\/de\/wp-json\/wp\/v2\/media\/21750"}],"wp:attachment":[{"href":"https:\/\/unika.sitointest.it\/de\/wp-json\/wp\/v2\/media?parent=11133"}],"wp:term":[{"taxonomy":"product_brand","embeddable":true,"href":"https:\/\/unika.sitointest.it\/de\/wp-json\/wp\/v2\/product_brand?post=11133"},{"taxonomy":"product_cat","embeddable":true,"href":"https:\/\/unika.sitointest.it\/de\/wp-json\/wp\/v2\/product_cat?post=11133"},{"taxonomy":"product_tag","embeddable":true,"href":"https:\/\/unika.sitointest.it\/de\/wp-json\/wp\/v2\/product_tag?post=11133"}],"curies":[{"name":"wp","href":"https:\/\/api.w.org\/{rel}","templated":true}]}}