{"id":11098,"date":"2022-11-18T13:14:49","date_gmt":"2022-11-18T12:14:49","guid":{"rendered":"https:\/\/lineaunika.jumpgroup.it\/shop\/unkategorisiert\/scudo\/"},"modified":"2026-02-16T18:09:18","modified_gmt":"2026-02-16T17:09:18","slug":"scudo","status":"publish","type":"product","link":"https:\/\/unika.sitointest.it\/de\/shop\/hygiene-und-pferdepflege\/scudo\/","title":{"rendered":"Scudo"},"content":{"rendered":"<h4>Produkt ausschlie\u00dflich zur \u00e4u\u00dferen Anwendung<\/h4>\n<p>Scudo ist eine Creme f\u00fcr Pferde zur \u00e4u\u00dferlichen Anwendung. Sie enth\u00e4lt Zinkoxid, Ringelblumenextrakt und s\u00fc\u00dfes Mandel\u00f6l, die f\u00fcr ihre wundheilenden und hautberuhigenden Eigenschaften bei verletzter, gereizter oder entz\u00fcndeter Haut bekannt sind.<\/p>\n<h4>Gebrauchsanweisung<\/h4>\n<p>Eine d\u00fcnne Schicht Scudo direkt auf die betroffene Stelle auftragen und darauf achten, dass diese vollst\u00e4ndig bedeckt wird, auch die umliegende Haut. Scudo t\u00e4glich anwenden, nachdem die betroffene Stelle gr\u00fcndlich gereinigt wurde.<\/p>\n<p>Das Produkt unterliegt einer nat\u00fcrlichen Gewichtsabnahme.<\/p>\n<p><em>(Aufgrund der Spezifit\u00e4t jedes Organismus empfehlen wir die Anwendung zun\u00e4chst auf einer kleinen Fl\u00e4che).<\/em><\/p>\n<p><em><strong>Wir f\u00fchren eine Etiketten\u00fcberpr\u00fcfung durch. Wenn Sie das Etikett vor dem Verkauf erhalten m\u00f6chten, bitten wir Sie, uns eine E-Mail an die folgende Adresse zu senden: info@lineaunika.it . Wir entschuldigen uns f\u00fcr die vor\u00fcbergehenden Unannehmlichkeiten.<\/strong><\/em><\/p>\n","protected":false},"excerpt":{"rendered":"<p>\u2714\ufe0f Leicht zu verteilen<br \/>\n\u2714\ufe0f Mit Ringelblumen- und Mandel\u00f6l<br \/>\n\u2714\ufe0f Ideal zum Auftragen auf Wunden<\/p>\n","protected":false},"featured_media":21047,"template":"","meta":{"_acf_changed":false,"_joinchat":[]},"product_brand":[],"product_cat":[451],"product_tag":[571,643,565],"class_list":{"0":"post-11098","1":"product","2":"type-product","3":"status-publish","4":"has-post-thumbnail","6":"product_cat-hygiene-und-pferdepflege","7":"product_tag-dermatitis-de","8":"product_tag-gele-cremes-und-kreidebalsam","9":"product_tag-mantel-und-haut","11":"first","12":"instock","13":"taxable","14":"shipping-taxable","15":"purchasable","16":"product-type-simple"},"acf":[],"_links":{"self":[{"href":"https:\/\/unika.sitointest.it\/de\/wp-json\/wp\/v2\/product\/11098","targetHints":{"allow":["GET"]}}],"collection":[{"href":"https:\/\/unika.sitointest.it\/de\/wp-json\/wp\/v2\/product"}],"about":[{"href":"https:\/\/unika.sitointest.it\/de\/wp-json\/wp\/v2\/types\/product"}],"version-history":[{"count":3,"href":"https:\/\/unika.sitointest.it\/de\/wp-json\/wp\/v2\/product\/11098\/revisions"}],"predecessor-version":[{"id":27157,"href":"https:\/\/unika.sitointest.it\/de\/wp-json\/wp\/v2\/product\/11098\/revisions\/27157"}],"wp:featuredmedia":[{"embeddable":true,"href":"https:\/\/unika.sitointest.it\/de\/wp-json\/wp\/v2\/media\/21047"}],"wp:attachment":[{"href":"https:\/\/unika.sitointest.it\/de\/wp-json\/wp\/v2\/media?parent=11098"}],"wp:term":[{"taxonomy":"product_brand","embeddable":true,"href":"https:\/\/unika.sitointest.it\/de\/wp-json\/wp\/v2\/product_brand?post=11098"},{"taxonomy":"product_cat","embeddable":true,"href":"https:\/\/unika.sitointest.it\/de\/wp-json\/wp\/v2\/product_cat?post=11098"},{"taxonomy":"product_tag","embeddable":true,"href":"https:\/\/unika.sitointest.it\/de\/wp-json\/wp\/v2\/product_tag?post=11098"}],"curies":[{"name":"wp","href":"https:\/\/api.w.org\/{rel}","templated":true}]}}