{"id":11086,"date":"2022-11-18T11:49:46","date_gmt":"2022-11-18T10:49:46","guid":{"rendered":"https:\/\/lineaunika.jumpgroup.it\/shop\/unkategorisiert\/full-gel\/"},"modified":"2026-02-16T18:08:56","modified_gmt":"2026-02-16T17:08:56","slug":"full-gel","status":"publish","type":"product","link":"https:\/\/unika.sitointest.it\/de\/shop\/hygiene-und-pferdepflege\/full-gel\/","title":{"rendered":"Full Gel"},"content":{"rendered":"<h4>Produkt ausschlie\u00dflich zur \u00e4u\u00dferen Anwendung<\/h4>\n<p>Full Gel ist ein Massagegel zur \u00e4u\u00dferen Anwendung, das W\u00e4rme erzeugt und dadurch die physiologischen Muskelbedingungen sch\u00fctzt. Full Gel ist mit Substanzen formuliert, die in die Haut eindringen, ohne R\u00fcckst\u00e4nde auf dem Fell zu hinterlassen.<\/p>\n<h4>Gebrauchsanweisung<\/h4>\n<p>Full Gel auf die betroffene Stelle auftragen, dabei Latexhandschuhe tragen. Eine kleine Menge (10-20 g) Full Gel verwenden, da es sehr konzentriert ist. Die betroffene Stelle nicht l\u00e4nger als 1 Minute massieren. Das Pferd sp\u00fcrt nach der Massage sofort die w\u00e4rmende Wirkung. Sich nach der Anwendung gr\u00fcndlich die H\u00e4nde waschen. Vor dem H\u00e4ndewaschen unbedingt eine Ber\u00fchrung von Augen und Schleimh\u00e4uten vermeiden. Full Gel kann mehrmals am Tag angewendet werden.<\/p>\n<p>Nettogewicht: 500g<\/p>\n<p><em>(Aufgrund der Spezifit\u00e4t jedes Organismus empfehlen wir die Anwendung zun\u00e4chst auf einer kleinen Fl\u00e4che).<\/em><\/p>\n<p><em><strong>Wir f\u00fchren eine Etiketten\u00fcberpr\u00fcfung durch. Wenn Sie das Etikett vor dem Verkauf erhalten m\u00f6chten, bitten wir Sie, uns eine E-Mail an die folgende Adresse zu senden: info@lineaunika.it . Wir entschuldigen uns f\u00fcr die vor\u00fcbergehenden Unannehmlichkeiten.<\/strong><\/em><\/p>\n","protected":false},"excerpt":{"rendered":"<p>\u2714\ufe0f Leicht zu verteilen<br \/>\n\u2714\ufe0f Mit Arnika und Johanniskraut<br \/>\n\u2714\ufe0f Verleiht ein angenehmes W\u00e4rmegef\u00fchl<br \/>\n\u2714\ufe0f Ideal im Winter<\/p>\n","protected":false},"featured_media":20831,"template":"","meta":{"_acf_changed":false,"_joinchat":[]},"product_brand":[],"product_cat":[451],"product_tag":[509,639,465,469,643,679,477,461,513],"class_list":{"0":"post-11086","1":"product","2":"type-product","3":"status-publish","4":"has-post-thumbnail","6":"product_cat-hygiene-und-pferdepflege","7":"product_tag-alte-pferde","8":"product_tag-arnica-de","9":"product_tag-distanzreiten","10":"product_tag-dressurreiten","11":"product_tag-gele-cremes-und-kreidebalsam","12":"product_tag-gelenke","13":"product_tag-rennpferd","14":"product_tag-springreiten","15":"product_tag-trekking-de","17":"first","18":"instock","19":"taxable","20":"shipping-taxable","21":"purchasable","22":"product-type-simple"},"acf":[],"_links":{"self":[{"href":"https:\/\/unika.sitointest.it\/de\/wp-json\/wp\/v2\/product\/11086","targetHints":{"allow":["GET"]}}],"collection":[{"href":"https:\/\/unika.sitointest.it\/de\/wp-json\/wp\/v2\/product"}],"about":[{"href":"https:\/\/unika.sitointest.it\/de\/wp-json\/wp\/v2\/types\/product"}],"version-history":[{"count":4,"href":"https:\/\/unika.sitointest.it\/de\/wp-json\/wp\/v2\/product\/11086\/revisions"}],"predecessor-version":[{"id":27818,"href":"https:\/\/unika.sitointest.it\/de\/wp-json\/wp\/v2\/product\/11086\/revisions\/27818"}],"wp:featuredmedia":[{"embeddable":true,"href":"https:\/\/unika.sitointest.it\/de\/wp-json\/wp\/v2\/media\/20831"}],"wp:attachment":[{"href":"https:\/\/unika.sitointest.it\/de\/wp-json\/wp\/v2\/media?parent=11086"}],"wp:term":[{"taxonomy":"product_brand","embeddable":true,"href":"https:\/\/unika.sitointest.it\/de\/wp-json\/wp\/v2\/product_brand?post=11086"},{"taxonomy":"product_cat","embeddable":true,"href":"https:\/\/unika.sitointest.it\/de\/wp-json\/wp\/v2\/product_cat?post=11086"},{"taxonomy":"product_tag","embeddable":true,"href":"https:\/\/unika.sitointest.it\/de\/wp-json\/wp\/v2\/product_tag?post=11086"}],"curies":[{"name":"wp","href":"https:\/\/api.w.org\/{rel}","templated":true}]}}