{"id":11073,"date":"2022-11-18T11:28:29","date_gmt":"2022-11-18T10:28:29","guid":{"rendered":"https:\/\/lineaunika.jumpgroup.it\/shop\/unkategorisiert\/comfort-wrap-plus\/"},"modified":"2026-02-16T18:08:41","modified_gmt":"2026-02-16T17:08:41","slug":"comfort-wrap-plus","status":"publish","type":"product","link":"https:\/\/unika.sitointest.it\/de\/shop\/hygiene-und-pferdepflege\/comfort-wrap-plus\/","title":{"rendered":"Comfort Wrap Plus"},"content":{"rendered":"<h4>Produkt ausschlie\u00dflich zur \u00e4u\u00dferen Anwendung<\/h4>\n<p>Comfort Wrap Plus ist eine Bandage auf Zinkoxidbasis, die reich an Elementen ist, die eine erm\u00fcdungshemmende, entw\u00e4ssernde und weichmachende Wirkung auf die Gliedma\u00dfen aus\u00fcben. Comfort Wrap Plus ist au\u00dferdem mit wichtigen phytotherapeutischen Extrakten mit entz\u00fcndungshemmender und schmerzlindernder Wirkung angereichert. Das enthaltene Menthol garantiert ein angenehmes Frischegef\u00fchl und das Zink entfaltet zudem eine heilende Wirkung bei Wunden und Absch\u00fcrfungen an den Gliedma\u00dfen.<\/p>\n<p>Ideal nach intensiven Anstrengungen, Traumata oder bei Schwellungen, \u00d6demen und W\u00e4scheklammern.<\/p>\n<h4>Gebrauchsanweisung<\/h4>\n<p>Binden Sie das Pferdebein von der Fessel bis zum Knie und formen Sie das Produkt mit Ihren H\u00e4nden, um einen besseren Sitz der Bandage zu gew\u00e4hrleisten. F\u00fcr einen besseren K\u00e4lteeffekt den gefrorenen Comfort Wrap Plus auftragen. Jede Packung enth\u00e4lt eine 10 m x 10 cm gro\u00dfe Bandage. Mit einer Bandage ist es m\u00f6glich, zwei Beine zu verbinden, indem die Bandage in zwei H\u00e4lften geschnitten wird (ungef\u00e4hr bis zum f\u00fcnften Meter).<\/p>\n<p><em>(Aufgrund der Spezifit\u00e4t jedes Organismus empfehlen wir die Anwendung zun\u00e4chst auf einer kleinen Fl\u00e4che).<\/em><\/p>\n<p><em><strong>Wir f\u00fchren eine Etiketten\u00fcberpr\u00fcfung durch. Wenn Sie das Etikett vor dem Verkauf erhalten m\u00f6chten, bitten wir Sie, uns eine E-Mail an die folgende Adresse zu senden: info@lineaunika.it . Wir entschuldigen uns f\u00fcr die vor\u00fcbergehenden Unannehmlichkeiten.<\/strong><\/em><\/p>\n","protected":false},"excerpt":{"rendered":"<p>\u2714\ufe0f Einfach anzuwenden<br \/>\n\u2714\ufe0f Mit Zink, Menthol und Arnika<br \/>\n\u2714\ufe0f Ideal nach Anstrengungen, Traumata oder bei W\u00e4scheklammern<\/p>\n","protected":false},"featured_media":20787,"template":"","meta":{"_acf_changed":false,"_joinchat":[]},"product_brand":[],"product_cat":[451],"product_tag":[639,647,465,469,679,477,461,513,473],"class_list":{"0":"post-11073","1":"product","2":"type-product","3":"status-publish","4":"has-post-thumbnail","6":"product_cat-hygiene-und-pferdepflege","7":"product_tag-arnica-de","8":"product_tag-bandage-auf-zinkoxidbasis","9":"product_tag-distanzreiten","10":"product_tag-dressurreiten","11":"product_tag-gelenke","12":"product_tag-rennpferd","13":"product_tag-springreiten","14":"product_tag-trekking-de","15":"product_tag-westernreiten","17":"first","18":"instock","19":"taxable","20":"shipping-taxable","21":"purchasable","22":"product-type-simple"},"acf":[],"_links":{"self":[{"href":"https:\/\/unika.sitointest.it\/de\/wp-json\/wp\/v2\/product\/11073","targetHints":{"allow":["GET"]}}],"collection":[{"href":"https:\/\/unika.sitointest.it\/de\/wp-json\/wp\/v2\/product"}],"about":[{"href":"https:\/\/unika.sitointest.it\/de\/wp-json\/wp\/v2\/types\/product"}],"version-history":[{"count":4,"href":"https:\/\/unika.sitointest.it\/de\/wp-json\/wp\/v2\/product\/11073\/revisions"}],"predecessor-version":[{"id":15700,"href":"https:\/\/unika.sitointest.it\/de\/wp-json\/wp\/v2\/product\/11073\/revisions\/15700"}],"wp:featuredmedia":[{"embeddable":true,"href":"https:\/\/unika.sitointest.it\/de\/wp-json\/wp\/v2\/media\/20787"}],"wp:attachment":[{"href":"https:\/\/unika.sitointest.it\/de\/wp-json\/wp\/v2\/media?parent=11073"}],"wp:term":[{"taxonomy":"product_brand","embeddable":true,"href":"https:\/\/unika.sitointest.it\/de\/wp-json\/wp\/v2\/product_brand?post=11073"},{"taxonomy":"product_cat","embeddable":true,"href":"https:\/\/unika.sitointest.it\/de\/wp-json\/wp\/v2\/product_cat?post=11073"},{"taxonomy":"product_tag","embeddable":true,"href":"https:\/\/unika.sitointest.it\/de\/wp-json\/wp\/v2\/product_tag?post=11073"}],"curies":[{"name":"wp","href":"https:\/\/api.w.org\/{rel}","templated":true}]}}