{"id":11035,"date":"2022-11-17T13:13:57","date_gmt":"2022-11-17T12:13:57","guid":{"rendered":"https:\/\/lineaunika.jumpgroup.it\/shop\/unkategorisiert\/artic-gel\/"},"modified":"2026-02-16T18:08:32","modified_gmt":"2026-02-16T17:08:32","slug":"artic-gel","status":"publish","type":"product","link":"https:\/\/unika.sitointest.it\/de\/shop\/hygiene-und-pferdepflege\/artic-gel\/","title":{"rendered":"Artic Gel"},"content":{"rendered":"<p class=\"p1\"><b>Produkt ausschlie\u00dflich zur \u00e4u\u00dferen Anwendung<\/b><\/p>\n<p class=\"p1\">Artic Gel ist das ideale Pferdegel zur \u00e4u\u00dferen Anwendung f\u00fcr die Massage von Gelenken, Beinen und Muskeln. Artic Gel ist ein hervorragendes Gel auf Basis von Arnica montana f\u00fcr die Anwendung nach Training, Wettk\u00e4mpfen und k\u00f6rperlicher Anstrengung.<\/p>\n<p class=\"p1\"><b>Gebrauchsanweisung<\/b><\/p>\n<p class=\"p1\">Eine kleine Menge Artic Gel (ca. 30 g pro Gliedma\u00dfe) auf die Gelenke des Pferdes und die durch intensives Training erm\u00fcdeten Bereiche auftragen. Mit kreisenden Bewegungen einmassieren. Artic Gel kann auch mehrmals am Tag angewendet werden.<\/p>\n<p class=\"p1\"><i>(Aufgrund der Spezifit\u00e4t jedes Organismus empfehlen wir die Anwendung zun\u00e4chst auf einer kleinen Fl\u00e4che).<\/i><\/p>\n<p class=\"p1\"><b><i>Wir f\u00fchren eine Etiketten\u00fcberpr\u00fcfung durch. Wenn Sie das Etikett vor dem Verkauf erhalten m\u00f6chten, bitten wir Sie, uns eine E-Mail an die folgende Adresse zu senden: info@lineaunika.it . Wir entschuldigen uns f\u00fcr die vor\u00fcbergehenden Unannehmlichkeiten.<\/i><\/b><\/p>\n","protected":false},"excerpt":{"rendered":"<p class=\"p1\">\u2714\ufe0f Leicht zu verteilen<\/p>\n<p class=\"p1\">\u2714\ufe0f Mit Menthol, Arnika, Johanniskraut und Rosskastanie<\/p>\n<p class=\"p1\">\u2714\ufe0f Ideal zur Anwendung nach dem Training<\/p>\n<p class=\"p1\"><span class=\"s1\">\u2714\ufe0f<\/span> Verleiht ein angenehmes Frischegef\u00fchl<\/p>\n","protected":false},"featured_media":21734,"template":"","meta":{"_acf_changed":false,"_joinchat":[]},"product_brand":[],"product_cat":[451],"product_tag":[643,679],"class_list":{"0":"post-11035","1":"product","2":"type-product","3":"status-publish","4":"has-post-thumbnail","6":"product_cat-hygiene-und-pferdepflege","7":"product_tag-gele-cremes-und-kreidebalsam","8":"product_tag-gelenke","10":"first","11":"instock","12":"taxable","13":"shipping-taxable","14":"purchasable","15":"product-type-variable"},"acf":[],"_links":{"self":[{"href":"https:\/\/unika.sitointest.it\/de\/wp-json\/wp\/v2\/product\/11035","targetHints":{"allow":["GET"]}}],"collection":[{"href":"https:\/\/unika.sitointest.it\/de\/wp-json\/wp\/v2\/product"}],"about":[{"href":"https:\/\/unika.sitointest.it\/de\/wp-json\/wp\/v2\/types\/product"}],"version-history":[{"count":5,"href":"https:\/\/unika.sitointest.it\/de\/wp-json\/wp\/v2\/product\/11035\/revisions"}],"predecessor-version":[{"id":16253,"href":"https:\/\/unika.sitointest.it\/de\/wp-json\/wp\/v2\/product\/11035\/revisions\/16253"}],"wp:featuredmedia":[{"embeddable":true,"href":"https:\/\/unika.sitointest.it\/de\/wp-json\/wp\/v2\/media\/21734"}],"wp:attachment":[{"href":"https:\/\/unika.sitointest.it\/de\/wp-json\/wp\/v2\/media?parent=11035"}],"wp:term":[{"taxonomy":"product_brand","embeddable":true,"href":"https:\/\/unika.sitointest.it\/de\/wp-json\/wp\/v2\/product_brand?post=11035"},{"taxonomy":"product_cat","embeddable":true,"href":"https:\/\/unika.sitointest.it\/de\/wp-json\/wp\/v2\/product_cat?post=11035"},{"taxonomy":"product_tag","embeddable":true,"href":"https:\/\/unika.sitointest.it\/de\/wp-json\/wp\/v2\/product_tag?post=11035"}],"curies":[{"name":"wp","href":"https:\/\/api.w.org\/{rel}","templated":true}]}}