{"id":11005,"date":"2022-11-17T13:04:02","date_gmt":"2022-11-17T12:04:02","guid":{"rendered":"https:\/\/lineaunika.jumpgroup.it\/shop\/unkategorisiert\/villate-gel\/"},"modified":"2026-02-16T18:09:30","modified_gmt":"2026-02-16T17:09:30","slug":"villate-gel","status":"publish","type":"product","link":"https:\/\/unika.sitointest.it\/de\/shop\/hygiene-und-pferdepflege\/villate-gel\/","title":{"rendered":"Villate Gel"},"content":{"rendered":"<h4>Produkt ausschlie\u00dflich zur \u00e4u\u00dferen Anwendung<\/h4>\n<p>Villate Gel ist ein Pferdegel zur \u00e4u\u00dferen Anwendung an der Hufsohle. Viele im Handel erh\u00e4ltliche Alternativen sind in fl\u00fcssiger Form oder weniger konzentriert. Villate Gel hingegen erm\u00f6glicht dank seiner speziellen Gelformel eine gr\u00f6\u00dfere Produkthaftung auf der Sohle und bildet einen d\u00fcnnen, widerstandsf\u00e4higen Film. Die Konzentration der in Villate Gel enthaltenen Elemente ist hoch. Nur zur \u00e4u\u00dferen Anwendung.<\/p>\n<h4>Gebrauchsanweisung<\/h4>\n<p>Eine d\u00fcnne Schicht Villate Gel direkt auf den Hornstrahl, die Ferse und zwischen die Eckstreben auftragen. Villate Gel an offenen, bel\u00fcfteten Orten auftragen.<\/p>\n<p><em>(Aufgrund der Spezifit\u00e4t jedes Organismus empfehlen wir die Anwendung zun\u00e4chst auf einer kleinen Fl\u00e4che).<\/em><\/p>\n<p><em><strong>Wir f\u00fchren eine Etiketten\u00fcberpr\u00fcfung durch. Wenn Sie das Etikett vor dem Verkauf erhalten m\u00f6chten, bitten wir Sie, uns eine E-Mail an die folgende Adresse zu senden: info@lineaunika.it . Wir entschuldigen uns f\u00fcr die vor\u00fcbergehenden Unannehmlichkeiten.<\/strong><\/em><\/p>\n","protected":false},"excerpt":{"rendered":"<p>\u2714\ufe0f Gelformel<br \/>\n\u2714\ufe0f Perfekte Haftung an der Sohle<br \/>\n\u2714\ufe0f Ideal bei Froschf\u00e4ule<\/p>\n","protected":false},"featured_media":25655,"template":"","meta":{"_acf_changed":false,"_joinchat":[]},"product_brand":[],"product_cat":[451],"product_tag":[635,525],"class_list":{"0":"post-11005","1":"product","2":"type-product","3":"status-publish","4":"has-post-thumbnail","6":"product_cat-hygiene-und-pferdepflege","7":"product_tag-hufsohle","8":"product_tag-pferdehufe","10":"first","11":"instock","12":"taxable","13":"shipping-taxable","14":"purchasable","15":"product-type-simple"},"acf":[],"_links":{"self":[{"href":"https:\/\/unika.sitointest.it\/de\/wp-json\/wp\/v2\/product\/11005","targetHints":{"allow":["GET"]}}],"collection":[{"href":"https:\/\/unika.sitointest.it\/de\/wp-json\/wp\/v2\/product"}],"about":[{"href":"https:\/\/unika.sitointest.it\/de\/wp-json\/wp\/v2\/types\/product"}],"version-history":[{"count":2,"href":"https:\/\/unika.sitointest.it\/de\/wp-json\/wp\/v2\/product\/11005\/revisions"}],"predecessor-version":[{"id":15710,"href":"https:\/\/unika.sitointest.it\/de\/wp-json\/wp\/v2\/product\/11005\/revisions\/15710"}],"wp:featuredmedia":[{"embeddable":true,"href":"https:\/\/unika.sitointest.it\/de\/wp-json\/wp\/v2\/media\/25655"}],"wp:attachment":[{"href":"https:\/\/unika.sitointest.it\/de\/wp-json\/wp\/v2\/media?parent=11005"}],"wp:term":[{"taxonomy":"product_brand","embeddable":true,"href":"https:\/\/unika.sitointest.it\/de\/wp-json\/wp\/v2\/product_brand?post=11005"},{"taxonomy":"product_cat","embeddable":true,"href":"https:\/\/unika.sitointest.it\/de\/wp-json\/wp\/v2\/product_cat?post=11005"},{"taxonomy":"product_tag","embeddable":true,"href":"https:\/\/unika.sitointest.it\/de\/wp-json\/wp\/v2\/product_tag?post=11005"}],"curies":[{"name":"wp","href":"https:\/\/api.w.org\/{rel}","templated":true}]}}