{"id":10988,"date":"2022-11-17T11:48:47","date_gmt":"2022-11-17T10:48:47","guid":{"rendered":"https:\/\/lineaunika.jumpgroup.it\/shop\/unkategorisiert\/unipack\/"},"modified":"2026-02-16T18:09:31","modified_gmt":"2026-02-16T17:09:31","slug":"unipack","status":"publish","type":"product","link":"https:\/\/unika.sitointest.it\/de\/shop\/hygiene-und-pferdepflege\/unipack\/","title":{"rendered":"Unipack"},"content":{"rendered":"<h4>Produkt ausschlie\u00dflich zur \u00e4u\u00dferen Anwendung<\/h4>\n<p>Unipack ist eine Pferdepaste zur \u00e4u\u00dferen Anwendung f\u00fcr Sohlen in perfekter Form. Nur zur \u00e4u\u00dferen Anwendung.<\/p>\n<h4>Gebrauchsanweisung<\/h4>\n<p>80-100 g Unipack pro Huf auftragen und darauf achten, dass das Produkt vom Hornstrahl bis zur Zehe verteilt wird. Durch die perfekte Streichf\u00e4higkeit von Unipack wird eine au\u00dfergew\u00f6hnliche Haftung auf der Sohle erzielt. Den Umschlag mit einem Okklusivverband fixieren. Unipack kann bei okklusivem Beschlag bis zu 30 \u2013 40 Tage in situ bleiben. Alternativ dazu kann es \u00fcber Nacht verwendet und am n\u00e4chsten Tag entfernt werden.<\/p>\n<p><em>(Aufgrund der Spezifit\u00e4t jedes Organismus empfehlen wir die Anwendung zun\u00e4chst auf einer kleinen Fl\u00e4che).<\/em><\/p>\n<p><em><strong>Wir f\u00fchren eine Etiketten\u00fcberpr\u00fcfung durch. Wenn Sie das Etikett vor dem Verkauf erhalten m\u00f6chten, bitten wir Sie, uns eine E-Mail an die folgende Adresse zu senden: info@lineaunika.it . Wir entschuldigen uns f\u00fcr die vor\u00fcbergehenden Unannehmlichkeiten.<\/strong><\/em><\/p>\n","protected":false},"excerpt":{"rendered":"<p>\u2714\ufe0f Leicht zu verteilen<br \/>\n\u2714\ufe0f Mit Aloe Vera und Teebaum<br \/>\n\u2714\ufe0f Ideal bei Unterbattierung<\/p>\n","protected":false},"featured_media":21212,"template":"","meta":{"_acf_changed":false,"_joinchat":[]},"product_brand":[],"product_cat":[451],"product_tag":[635,525,623],"class_list":{"0":"post-10988","1":"product","2":"type-product","3":"status-publish","4":"has-post-thumbnail","6":"product_cat-hygiene-und-pferdepflege","7":"product_tag-hufsohle","8":"product_tag-pferdehufe","9":"product_tag-schmerzen","11":"first","12":"instock","13":"taxable","14":"shipping-taxable","15":"purchasable","16":"product-type-variable"},"acf":[],"_links":{"self":[{"href":"https:\/\/unika.sitointest.it\/de\/wp-json\/wp\/v2\/product\/10988","targetHints":{"allow":["GET"]}}],"collection":[{"href":"https:\/\/unika.sitointest.it\/de\/wp-json\/wp\/v2\/product"}],"about":[{"href":"https:\/\/unika.sitointest.it\/de\/wp-json\/wp\/v2\/types\/product"}],"version-history":[{"count":3,"href":"https:\/\/unika.sitointest.it\/de\/wp-json\/wp\/v2\/product\/10988\/revisions"}],"predecessor-version":[{"id":15713,"href":"https:\/\/unika.sitointest.it\/de\/wp-json\/wp\/v2\/product\/10988\/revisions\/15713"}],"wp:featuredmedia":[{"embeddable":true,"href":"https:\/\/unika.sitointest.it\/de\/wp-json\/wp\/v2\/media\/21212"}],"wp:attachment":[{"href":"https:\/\/unika.sitointest.it\/de\/wp-json\/wp\/v2\/media?parent=10988"}],"wp:term":[{"taxonomy":"product_brand","embeddable":true,"href":"https:\/\/unika.sitointest.it\/de\/wp-json\/wp\/v2\/product_brand?post=10988"},{"taxonomy":"product_cat","embeddable":true,"href":"https:\/\/unika.sitointest.it\/de\/wp-json\/wp\/v2\/product_cat?post=10988"},{"taxonomy":"product_tag","embeddable":true,"href":"https:\/\/unika.sitointest.it\/de\/wp-json\/wp\/v2\/product_tag?post=10988"}],"curies":[{"name":"wp","href":"https:\/\/api.w.org\/{rel}","templated":true}]}}