{"id":10964,"date":"2022-11-17T11:40:36","date_gmt":"2022-11-17T10:40:36","guid":{"rendered":"https:\/\/lineaunika.jumpgroup.it\/shop\/unkategorisiert\/sanihoof\/"},"modified":"2026-02-16T18:09:19","modified_gmt":"2026-02-16T17:09:19","slug":"sanihoof","status":"publish","type":"product","link":"https:\/\/unika.sitointest.it\/de\/shop\/hygiene-und-pferdepflege\/sanihoof\/","title":{"rendered":"Sanihoof"},"content":{"rendered":"<h4>Produkte ausschlie\u00dflich zur \u00e4u\u00dferen Anwendung<\/h4>\n<p>Sanihoof ist eine Paste zur \u00e4u\u00dferen Anwendung, die speziell auf die Bed\u00fcrfnisse von unbeschlagenen Pferden (Barhufern) abgestimmt ist. Ideal f\u00fcr weidende Pferde. Es ist eine Paste zur \u00e4u\u00dferen Anwendung f\u00fcr Borsten, wei\u00dfe Linie, Sohle und Hornstrahl und wird f\u00fcr alle Pferde, beschlagen und unbeschlagen, empfohlen, die nicht die M\u00f6glichkeit haben, sich auf der Weide aufzuhalten und daher ihre F\u00fc\u00dfe vom Schmutz in der Einstreu st\u00e4rker isolieren m\u00fcssen.<\/p>\n<h4>Gebrauchsanweisung<\/h4>\n<p>Sanihoof nach gr\u00fcndlicher Fu\u00dfreinigung auf die Sohle auftragen. Es wird insbesondere empfohlen, das Produkt nach der Ausschabung des Fu\u00dfes und seiner Desinfektion mit Kupfersulfat anzuwenden. Bandagen oder Wickeln zur Produktfixierung sind nicht erforderlich.<\/p>\n<p>Das Produkt unterliegt der nat\u00fcrlichen Gewichtsabnahme<\/p>\n<p><em>(Aufgrund der Spezifit\u00e4t jedes Organismus empfehlen wir die Anwendung zun\u00e4chst auf einer kleinen Fl\u00e4che).<\/em><\/p>\n<p><em><strong>Wir f\u00fchren eine Etiketten\u00fcberpr\u00fcfung durch. Wenn Sie das Etikett vor dem Verkauf erhalten m\u00f6chten, bitten wir Sie, uns eine E-Mail an die folgende Adresse zu senden: info@lineaunika.it . Wir entschuldigen uns f\u00fcr die vor\u00fcbergehenden Unannehmlichkeiten.<\/strong><\/em><\/p>\n","protected":false},"excerpt":{"rendered":"<p>\u2714\ufe0f Leicht zu verteilen<br \/>\n\u2714\ufe0f Mit Aloe Vera und Teebaum<br \/>\n\u2714\ufe0f Ideal f\u00fcr Barhuf- und Weidepferde<\/p>\n","protected":false},"featured_media":21039,"template":"","meta":{"_acf_changed":false,"_joinchat":[]},"product_brand":[],"product_cat":[451],"product_tag":[635,525],"class_list":{"0":"post-10964","1":"product","2":"type-product","3":"status-publish","4":"has-post-thumbnail","6":"product_cat-hygiene-und-pferdepflege","7":"product_tag-hufsohle","8":"product_tag-pferdehufe","10":"first","11":"outofstock","12":"taxable","13":"shipping-taxable","14":"purchasable","15":"product-type-variable"},"acf":[],"_links":{"self":[{"href":"https:\/\/unika.sitointest.it\/de\/wp-json\/wp\/v2\/product\/10964","targetHints":{"allow":["GET"]}}],"collection":[{"href":"https:\/\/unika.sitointest.it\/de\/wp-json\/wp\/v2\/product"}],"about":[{"href":"https:\/\/unika.sitointest.it\/de\/wp-json\/wp\/v2\/types\/product"}],"version-history":[{"count":2,"href":"https:\/\/unika.sitointest.it\/de\/wp-json\/wp\/v2\/product\/10964\/revisions"}],"predecessor-version":[{"id":15716,"href":"https:\/\/unika.sitointest.it\/de\/wp-json\/wp\/v2\/product\/10964\/revisions\/15716"}],"wp:featuredmedia":[{"embeddable":true,"href":"https:\/\/unika.sitointest.it\/de\/wp-json\/wp\/v2\/media\/21039"}],"wp:attachment":[{"href":"https:\/\/unika.sitointest.it\/de\/wp-json\/wp\/v2\/media?parent=10964"}],"wp:term":[{"taxonomy":"product_brand","embeddable":true,"href":"https:\/\/unika.sitointest.it\/de\/wp-json\/wp\/v2\/product_brand?post=10964"},{"taxonomy":"product_cat","embeddable":true,"href":"https:\/\/unika.sitointest.it\/de\/wp-json\/wp\/v2\/product_cat?post=10964"},{"taxonomy":"product_tag","embeddable":true,"href":"https:\/\/unika.sitointest.it\/de\/wp-json\/wp\/v2\/product_tag?post=10964"}],"curies":[{"name":"wp","href":"https:\/\/api.w.org\/{rel}","templated":true}]}}