{"id":10931,"date":"2022-11-17T11:29:05","date_gmt":"2022-11-17T10:29:05","guid":{"rendered":"https:\/\/lineaunika.jumpgroup.it\/shop\/unkategorisiert\/grasso-verde\/"},"modified":"2023-06-19T14:21:14","modified_gmt":"2023-06-19T14:21:14","slug":"grasso-verde","status":"publish","type":"product","link":"https:\/\/unika.sitointest.it\/de\/shop\/hygiene-und-pferdepflege\/grasso-verde\/","title":{"rendered":"Grasso Verde"},"content":{"rendered":"<h4>Produkte ausschlie\u00dflich zur \u00e4u\u00dferen Anwendung<\/h4>\n<p>Das Grasso Verde ist ein Huffett ausschlie\u00dflich zur \u00e4u\u00dferen Anwendung. Es hilft die physiologischen Bedingungen der Hufe zu erhalten und sie gegen \u00e4u\u00dfere Einfl\u00fcsse widerstandsf\u00e4hig zu machen, da diese ihre Integrit\u00e4t beeintr\u00e4chtigen k\u00f6nnen. Das Grasso Verde weist dank dem echten Schweineflomen eine ausgezeichnete Streichf\u00e4higkeit auf.<\/p>\n<h4>Gebrauchsanweisung<\/h4>\n<p>Das Grasso Verde nach einer korrekten Reinigung t\u00e4glich mit einem Pinsel auf Huf und Krone auftragen.<\/p>\n<p><em>(Aufgrund der Spezifit\u00e4t jedes Organismus empfehlen wir die Anwendung zun\u00e4chst auf einer kleinen Fl\u00e4che).<\/em><\/p>\n<p><em><strong>Wir f\u00fchren eine Etiketten\u00fcberpr\u00fcfung durch. Wenn Sie das Etikett vor dem Verkauf erhalten m\u00f6chten, bitten wir Sie, uns eine E-Mail an die folgende Adresse zu senden: info@lineaunika.it . Wir entschuldigen uns f\u00fcr die vor\u00fcbergehenden Unannehmlichkeiten.<\/strong><\/em><\/p>\n","protected":false},"excerpt":{"rendered":"<p>\u2714\ufe0f Leicht zu verteilen<br \/>\n\u2714\ufe0f Mit tierischen und pflanzlichen Fetten<br \/>\n\u2714\ufe0f Mit \u00e4therischen \u00d6len versetzt<\/p>\n","protected":false},"featured_media":20863,"template":"","meta":{"_acf_changed":false,"_joinchat":[]},"product_brand":[],"product_cat":[451],"product_tag":[631,525],"class_list":{"0":"post-10931","1":"product","2":"type-product","3":"status-publish","4":"has-post-thumbnail","6":"product_cat-hygiene-und-pferdepflege","7":"product_tag-huffett","8":"product_tag-pferdehufe","10":"first","11":"instock","12":"taxable","13":"shipping-taxable","14":"purchasable","15":"product-type-variable"},"acf":[],"_links":{"self":[{"href":"https:\/\/unika.sitointest.it\/de\/wp-json\/wp\/v2\/product\/10931","targetHints":{"allow":["GET"]}}],"collection":[{"href":"https:\/\/unika.sitointest.it\/de\/wp-json\/wp\/v2\/product"}],"about":[{"href":"https:\/\/unika.sitointest.it\/de\/wp-json\/wp\/v2\/types\/product"}],"version-history":[{"count":4,"href":"https:\/\/unika.sitointest.it\/de\/wp-json\/wp\/v2\/product\/10931\/revisions"}],"predecessor-version":[{"id":15719,"href":"https:\/\/unika.sitointest.it\/de\/wp-json\/wp\/v2\/product\/10931\/revisions\/15719"}],"wp:featuredmedia":[{"embeddable":true,"href":"https:\/\/unika.sitointest.it\/de\/wp-json\/wp\/v2\/media\/20863"}],"wp:attachment":[{"href":"https:\/\/unika.sitointest.it\/de\/wp-json\/wp\/v2\/media?parent=10931"}],"wp:term":[{"taxonomy":"product_brand","embeddable":true,"href":"https:\/\/unika.sitointest.it\/de\/wp-json\/wp\/v2\/product_brand?post=10931"},{"taxonomy":"product_cat","embeddable":true,"href":"https:\/\/unika.sitointest.it\/de\/wp-json\/wp\/v2\/product_cat?post=10931"},{"taxonomy":"product_tag","embeddable":true,"href":"https:\/\/unika.sitointest.it\/de\/wp-json\/wp\/v2\/product_tag?post=10931"}],"curies":[{"name":"wp","href":"https:\/\/api.w.org\/{rel}","templated":true}]}}