{"id":10858,"date":"2022-11-17T11:03:32","date_gmt":"2022-11-17T10:03:32","guid":{"rendered":"https:\/\/lineaunika.jumpgroup.it\/shop\/unkategorisiert\/grasso-giallo\/"},"modified":"2026-02-16T18:09:03","modified_gmt":"2026-02-16T17:09:03","slug":"grasso-giallo","status":"publish","type":"product","link":"https:\/\/unika.sitointest.it\/de\/shop\/hygiene-und-pferdepflege\/grasso-giallo\/","title":{"rendered":"Grasso Giallo"},"content":{"rendered":"<h4>Produkte ausschlie\u00dflich zur \u00e4u\u00dferen Anwendung<\/h4>\n<p>Das nach alten Formeln der Reitertradition hergestellte Grasso Giallo hilft die physiologischen Bedingungen der Hufe zu erhalten und sie gegen \u00e4u\u00dfere Einfl\u00fcsse widerstandsf\u00e4hig zu machen, da diese ihre Integrit\u00e4t beeintr\u00e4chtigen k\u00f6nnen. Das Grasso Giallo weist dank dem echten Schweineflomen, das auch eine ausgezeichnete Wasserdichtigkeit und einen Schutz der Sohle vor dem Ausd\u00f6rren und Austrocknen gew\u00e4hrleistet, eine ausgezeichnete Streichf\u00e4higkeit auf. Schmierfett ausschlie\u00dflich zur \u00e4u\u00dferen Anwendung.<\/p>\n<h4>Gebrauchsanweisung<\/h4>\n<p>Das Grasso Giallo nach einer gr\u00fcndlichen Reinigung t\u00e4glich mit einem Pinsel auf Huf und Krone auftragen.<\/p>\n<p><em>(Aufgrund der Spezifit\u00e4t jedes Organismus empfehlen wir die Anwendung zun\u00e4chst auf einer kleinen Fl\u00e4che).<\/em><\/p>\n<p><em><strong>Wir f\u00fchren eine Etiketten\u00fcberpr\u00fcfung durch. Wenn Sie das Etikett vor dem Verkauf erhalten m\u00f6chten, bitten wir Sie, uns eine E-Mail an die folgende Adresse zu senden: info@lineaunika.it . Wir entschuldigen uns f\u00fcr die vor\u00fcbergehenden Unannehmlichkeiten.<\/strong><\/em><\/p>\n","protected":false},"excerpt":{"rendered":"<p>\u2714\ufe0f Leicht zu verteilen<br \/>\n\u2714\ufe0f Mit tierischen und pflanzlichen Fetten<br \/>\n\u2714\ufe0f Spendet Feuchtigkeit und sch\u00fctzt<\/p>\n","protected":false},"featured_media":20879,"template":"","meta":{"_acf_changed":false,"_joinchat":[]},"product_brand":[],"product_cat":[451],"product_tag":[631,525],"class_list":{"0":"post-10858","1":"product","2":"type-product","3":"status-publish","4":"has-post-thumbnail","6":"product_cat-hygiene-und-pferdepflege","7":"product_tag-huffett","8":"product_tag-pferdehufe","10":"first","11":"instock","12":"taxable","13":"shipping-taxable","14":"purchasable","15":"product-type-variable"},"acf":[],"_links":{"self":[{"href":"https:\/\/unika.sitointest.it\/de\/wp-json\/wp\/v2\/product\/10858","targetHints":{"allow":["GET"]}}],"collection":[{"href":"https:\/\/unika.sitointest.it\/de\/wp-json\/wp\/v2\/product"}],"about":[{"href":"https:\/\/unika.sitointest.it\/de\/wp-json\/wp\/v2\/types\/product"}],"version-history":[{"count":3,"href":"https:\/\/unika.sitointest.it\/de\/wp-json\/wp\/v2\/product\/10858\/revisions"}],"predecessor-version":[{"id":15731,"href":"https:\/\/unika.sitointest.it\/de\/wp-json\/wp\/v2\/product\/10858\/revisions\/15731"}],"wp:featuredmedia":[{"embeddable":true,"href":"https:\/\/unika.sitointest.it\/de\/wp-json\/wp\/v2\/media\/20879"}],"wp:attachment":[{"href":"https:\/\/unika.sitointest.it\/de\/wp-json\/wp\/v2\/media?parent=10858"}],"wp:term":[{"taxonomy":"product_brand","embeddable":true,"href":"https:\/\/unika.sitointest.it\/de\/wp-json\/wp\/v2\/product_brand?post=10858"},{"taxonomy":"product_cat","embeddable":true,"href":"https:\/\/unika.sitointest.it\/de\/wp-json\/wp\/v2\/product_cat?post=10858"},{"taxonomy":"product_tag","embeddable":true,"href":"https:\/\/unika.sitointest.it\/de\/wp-json\/wp\/v2\/product_tag?post=10858"}],"curies":[{"name":"wp","href":"https:\/\/api.w.org\/{rel}","templated":true}]}}