{"id":10829,"date":"2022-11-17T10:51:46","date_gmt":"2022-11-17T09:51:46","guid":{"rendered":"https:\/\/lineaunika.jumpgroup.it\/shop\/unkategorisiert\/unika-mares\/"},"modified":"2023-06-14T10:58:51","modified_gmt":"2023-06-14T10:58:51","slug":"unika-mares","status":"publish","type":"product","link":"https:\/\/unika.sitointest.it\/de\/shop\/naehrstoffe-und-vitamine\/unika-mares\/","title":{"rendered":"Unika Mares"},"content":{"rendered":"<p>Unika Mares ist ein Alleinfutter, das hohe N\u00e4hrstoffstandards garantiert, um die tr\u00e4chtige Stute in der Vorgeburtsphase und in der anschlie\u00dfenden Laktation in perfekter Form zu halten.<\/p>\n<p>Wann es zu verwenden ist Unika Mares ist das ideale Alleinfutter f\u00fcr:<\/p>\n<p>\u2013 zu befruchtende Stuten<\/p>\n<p>\u2013 tr\u00e4chtige Stuten<\/p>\n<p>\u2013 laktierende Stuten Eigenschaften der Bestandteile Unika Mares ist mit den Vitaminen, Spurenelementen und Mineralien angereichert, die f\u00fcr die richtige Erhaltung der Gesundheit der tr\u00e4chtigen Stute und die richtige Entwicklung des Fohlens notwendig sind.<\/p>\n<p>Die Erg\u00e4nzung von chelatierten Spurenelementen mit Aminos\u00e4uren und der geringe St\u00e4rkegehalt sind ein wesentliches Element f\u00fcr die richtige Entwicklung des Fohlens. Der hohe Anteil an verdaulichem Protein sorgt f\u00fcr eine hervorragende Beibehaltung der k\u00f6rperlichen Verfassung der Stute in der Laktation, wenn sie am meisten zu Gewichtsverlust neigt.<\/p>\n<p><strong>Gebrauchsanweisung <\/strong><\/p>\n<ul>\n<li>2 bis 4 kg Unika Mares pro Tag und Stute, entsprechend der untenstehenden Tabelle, verwenden.<\/li>\n<li>4. bis 5. Tr\u00e4chtigkeitsmonat 2 kg pro Tag<\/li>\n<li>6. bis 7. Tr\u00e4chtigkeitsmonat 3 kg pro Tag<\/li>\n<li>Ab dem 8. Tr\u00e4chtigkeitsmonat bis zur Geburt 3,5 bis 4 kg pro Tag<\/li>\n<\/ul>\n<p>Entdecken Sie alle Vorteile und das Versandmanagement unserer Futtermittel, klicken Sie auf diesen <a href=\"https:\/\/media.lineaunika.it\/unika\/uploads\/2023\/06\/UNIKA-FUTTERMITTEL-DE.pdf\">Link<\/a>!<\/p>\n<p><em>(Aufgrund der Spezifit\u00e4t jedes einzelnen Organismus ist es immer eine gute Idee, neue Lebensmittel zu testen und sie schrittweise in die Ern\u00e4hrung des Pferdes einzuf\u00fchren, um seine Toleranz zu bewerten).<\/em><\/p>\n<p><strong>Wir f\u00fchren eine Etiketten\u00fcberpr\u00fcfung durch. Wenn Sie das Etikett vor dem Verkauf erhalten m\u00f6chten, bitten wir Sie, uns eine E-Mail an die folgende Adresse zu senden: info@lineaunika.it . Wir entschuldigen uns f\u00fcr die vor\u00fcbergehenden Unannehmlichkeiten.<\/strong><\/p>\n","protected":false},"excerpt":{"rendered":"<p>\u2714\ufe0f \u00a04mm Pellets zum einfachen Kauen<br \/>\n\u2714\ufe0f\u00a0 Ideal f\u00fcr die Stuten<br \/>\n\u2714\ufe0f\u00a0 Entwickelt f\u00fcr hohe Ern\u00e4hrungsstandards<\/p>\n","protected":false},"featured_media":21315,"template":"","meta":{"_acf_changed":false,"_joinchat":[]},"product_brand":[],"product_cat":[445],"product_tag":[611,855,485,599,521,505],"class_list":{"0":"post-10829","1":"product","2":"type-product","3":"status-publish","4":"has-post-thumbnail","6":"product_cat-naehrstoffe-und-vitamine","7":"product_tag-kein-mais-und-getreide","8":"product_tag-mangimi-de","9":"product_tag-muskeln","10":"product_tag-niedriger-glykaemischer-index","11":"product_tag-pferdezucht","12":"product_tag-stuten-und-fohlen","13":"product_shipping_class-mangimi","15":"first","16":"instock","17":"taxable","18":"shipping-taxable","19":"purchasable","20":"product-type-variable"},"acf":[],"_links":{"self":[{"href":"https:\/\/unika.sitointest.it\/de\/wp-json\/wp\/v2\/product\/10829","targetHints":{"allow":["GET"]}}],"collection":[{"href":"https:\/\/unika.sitointest.it\/de\/wp-json\/wp\/v2\/product"}],"about":[{"href":"https:\/\/unika.sitointest.it\/de\/wp-json\/wp\/v2\/types\/product"}],"version-history":[{"count":2,"href":"https:\/\/unika.sitointest.it\/de\/wp-json\/wp\/v2\/product\/10829\/revisions"}],"predecessor-version":[{"id":15566,"href":"https:\/\/unika.sitointest.it\/de\/wp-json\/wp\/v2\/product\/10829\/revisions\/15566"}],"wp:featuredmedia":[{"embeddable":true,"href":"https:\/\/unika.sitointest.it\/de\/wp-json\/wp\/v2\/media\/21315"}],"wp:attachment":[{"href":"https:\/\/unika.sitointest.it\/de\/wp-json\/wp\/v2\/media?parent=10829"}],"wp:term":[{"taxonomy":"product_brand","embeddable":true,"href":"https:\/\/unika.sitointest.it\/de\/wp-json\/wp\/v2\/product_brand?post=10829"},{"taxonomy":"product_cat","embeddable":true,"href":"https:\/\/unika.sitointest.it\/de\/wp-json\/wp\/v2\/product_cat?post=10829"},{"taxonomy":"product_tag","embeddable":true,"href":"https:\/\/unika.sitointest.it\/de\/wp-json\/wp\/v2\/product_tag?post=10829"}],"curies":[{"name":"wp","href":"https:\/\/api.w.org\/{rel}","templated":true}]}}