{"id":10773,"date":"2022-11-17T09:44:09","date_gmt":"2022-11-17T08:44:09","guid":{"rendered":"https:\/\/lineaunika.jumpgroup.it\/shop\/unkategorisiert\/unika-foals\/"},"modified":"2023-06-16T12:12:16","modified_gmt":"2023-06-16T12:12:16","slug":"unika-foals","status":"publish","type":"product","link":"https:\/\/unika.sitointest.it\/de\/shop\/naehrstoffe-und-vitamine\/unika-foals\/","title":{"rendered":"Unika Foals"},"content":{"rendered":"<p>Unika Foals ist das Alleinfutter, das auf den gesamten N\u00e4hrstoffbedarf des heranwachsenden Fohlens abgestimmt ist.<\/p>\n<h4>Wann es zu verwenden ist<\/h4>\n<p>Unika Foals ist ideal:<\/p>\n<p>\u2013 f\u00fcr wachsende Fohlen<br \/>\n\u2013 als erstes Futter f\u00fcr ein Fohlen w\u00e4hrend des empfindlichen \u00dcbergangs von Milch zu Futter<\/p>\n<h4>Eigenschaften der Bestandteile<\/h4>\n<p>Unika Foals liefert Vitamine, Mineralien und Spurenelemente f\u00fcr den richtigen Skelett- und Muskelaufbau des Fohlens. Unika Foals, mit edlen Kalzium- und Phosphorquellen im Verh\u00e4ltnis 2:1 erg\u00e4nzt, sorgt f\u00fcr ein ausgewogenes Verh\u00e4ltnis der beiden Mineralien, die f\u00fcr einen guten Skelettaufbau sehr wichtig sind.<\/p>\n<h4>Gebrauchsanweisung<\/h4>\n<p>Ab dem Absetzen im ersten Monat 500-800 g\/Tag, ab dem zweiten Monat nach dem Absetzen 1.500-2.000 g\/Tag verabreichen.<br \/>\nF\u00fcr den ersten Monat nach dem Absetzen 500 \u2013 800 g\/Tag<br \/>\nAb dem zweiten Monat nach dem Absetzen 1,5 bis 2 kg\/Tag<\/p>\n<h4>Entdecken Sie alle Vorteile und das Versandmanagement unserer Futtermittel, klicken Sie auf diesen <a href=\"https:\/\/media.lineaunika.it\/unika\/uploads\/2023\/06\/UNIKA-FUTTERMITTEL-DE.pdf\">Link<\/a>!<\/h4>\n<p>&nbsp;<\/p>\n<p><em>(Aufgrund der Spezifit\u00e4t jedes einzelnen Organismus ist es immer eine gute Idee, neue Lebensmittel zu testen und sie schrittweise in die Ern\u00e4hrung des Pferdes einzuf\u00fchren, um seine Toleranz zu bewerten).<\/em><\/p>\n<p><strong>Wir f\u00fchren eine Etiketten\u00fcberpr\u00fcfung durch. Wenn Sie das Etikett vor dem Verkauf erhalten m\u00f6chten, bitten wir Sie, uns eine E-Mail an die folgende Adresse zu senden: info@lineaunika.it . Wir entschuldigen uns f\u00fcr die vor\u00fcbergehenden Unannehmlichkeiten.<\/strong><\/p>\n","protected":false},"excerpt":{"rendered":"<div class=\"sentence-wrapper sentence-wrapper_target\"><span class=\"ng-star-inserted hovered\" data-index=\"0\">\u2714\ufe0f 4mm Pellets zum einfachen Kauen<br \/>\n<\/span><span class=\"ng-star-inserted\" data-index=\"1\">\u2714\ufe0f Ideal f\u00fcr die richtige Entwicklung von Fohlen<br \/>\n<\/span><span class=\"ng-star-inserted\" data-index=\"2\">\u2714\ufe0f Respektiert die empfindliche Darmflora des Fohlens<\/span><\/div>\n","protected":false},"featured_media":21319,"template":"","meta":{"_acf_changed":false,"_joinchat":[]},"product_brand":[],"product_cat":[445],"product_tag":[611,855,485,599,521,505],"class_list":{"0":"post-10773","1":"product","2":"type-product","3":"status-publish","4":"has-post-thumbnail","6":"product_cat-naehrstoffe-und-vitamine","7":"product_tag-kein-mais-und-getreide","8":"product_tag-mangimi-de","9":"product_tag-muskeln","10":"product_tag-niedriger-glykaemischer-index","11":"product_tag-pferdezucht","12":"product_tag-stuten-und-fohlen","13":"product_shipping_class-mangimi","15":"first","16":"instock","17":"taxable","18":"shipping-taxable","19":"purchasable","20":"product-type-variable"},"acf":[],"_links":{"self":[{"href":"https:\/\/unika.sitointest.it\/de\/wp-json\/wp\/v2\/product\/10773","targetHints":{"allow":["GET"]}}],"collection":[{"href":"https:\/\/unika.sitointest.it\/de\/wp-json\/wp\/v2\/product"}],"about":[{"href":"https:\/\/unika.sitointest.it\/de\/wp-json\/wp\/v2\/types\/product"}],"version-history":[{"count":3,"href":"https:\/\/unika.sitointest.it\/de\/wp-json\/wp\/v2\/product\/10773\/revisions"}],"predecessor-version":[{"id":15582,"href":"https:\/\/unika.sitointest.it\/de\/wp-json\/wp\/v2\/product\/10773\/revisions\/15582"}],"wp:featuredmedia":[{"embeddable":true,"href":"https:\/\/unika.sitointest.it\/de\/wp-json\/wp\/v2\/media\/21319"}],"wp:attachment":[{"href":"https:\/\/unika.sitointest.it\/de\/wp-json\/wp\/v2\/media?parent=10773"}],"wp:term":[{"taxonomy":"product_brand","embeddable":true,"href":"https:\/\/unika.sitointest.it\/de\/wp-json\/wp\/v2\/product_brand?post=10773"},{"taxonomy":"product_cat","embeddable":true,"href":"https:\/\/unika.sitointest.it\/de\/wp-json\/wp\/v2\/product_cat?post=10773"},{"taxonomy":"product_tag","embeddable":true,"href":"https:\/\/unika.sitointest.it\/de\/wp-json\/wp\/v2\/product_tag?post=10773"}],"curies":[{"name":"wp","href":"https:\/\/api.w.org\/{rel}","templated":true}]}}