{"id":10728,"date":"2022-11-17T09:27:28","date_gmt":"2022-11-17T09:27:28","guid":{"rendered":"https:\/\/lineaunika.jumpgroup.it\/shop\/unkategorisiert\/unika-endurance\/"},"modified":"2023-06-16T12:17:13","modified_gmt":"2023-06-16T12:17:13","slug":"unika-endurance","status":"publish","type":"product","link":"https:\/\/unika.sitointest.it\/de\/shop\/naehrstoffe-und-vitamine\/unika-endurance\/","title":{"rendered":"Unika Endurance"},"content":{"rendered":"<p>Unika Endurance erf\u00fcllt mehrere N\u00e4hrstoffanforderungen. Unika Endurance ist ein ideales Einzelfutter f\u00fcr alle, die der Ern\u00e4hrung ihres Pferdes Rohstoffe mit einem hohen Gehalt an pflanzlichen Fetten und verdaulichen Fasern zuf\u00fchren m\u00f6chten, wodurch die Bildung eines wasserreichen Nahrungsbolus erm\u00f6glicht wird. Verdauliche Ballaststoffe halten viel Wasser zur\u00fcck, was dazu beitr\u00e4gt, den K\u00f6rper mit Feuchtigkeit zu versorgen und eine gute Darmpassage zu gew\u00e4hrleisten.<\/p>\n<p>Unika Endurance erzeugt, wie alle Unika-Futtermittel, keine glyk\u00e4mischen Spitzen (verantwortlich f\u00fcr die Nervosit\u00e4t des Pferdes bei unausgewogener Ern\u00e4hrung) und heizt das Pferd nicht auf. Unika Endurance wird mit wichtigen Vitaminen und Antioxidationsmitteln erg\u00e4nzt und unterst\u00fctzt die Muskulatur des Sportpferdes, um es fit und wettkampftauglich zu halten. Ideal f\u00fcr Wettkampfpferde und Pferde, die intensive Wettkampfzyklen durchlaufen.<\/p>\n<h4>Wann es zu verwenden ist<\/h4>\n<p>Unika Endurance ist das ideale Futter f\u00fcr:<br \/>\n\u2013 Wettkampfpferde<br \/>\n\u2013 Distanzpferde, die Fettanteile in ihrer Grundnahrung ben\u00f6tigen<br \/>\n\u2013 Pferde, deren Futter viele Ballaststoffe und pflanzliche Fette enthalten muss<br \/>\n\u2013 zuk\u00fcnftige Wettkampfpferde<br \/>\n\u2013 Pferde, die ein Futter mit niedrigem glyk\u00e4mischen Index ben\u00f6tigen<br \/>\n\u2013 Pferde, die eine hydratationsf\u00f6rdernde Ern\u00e4hrung ben\u00f6tigen<br \/>\n\u2013 Pferde, die keine Flocken vertragen<br \/>\n\u2013 Pferde, die keinen Mais vertragen<\/p>\n<h4>Eigenschaften der Bestandteile<\/h4>\n<p>Unika Endurance ist dank seiner ausgewogenen Rezeptur in der Lage, das Pferd mit hochverdaulichen und assimilierbaren Elementen zu versorgen. Unika Endurance ist reich an verdaulichen Ballaststoffen und bindet Wasser im Bolus, so dass die Wasseraufnahme im K\u00f6rper verbessert wird.<br \/>\nBei der Auswahl unserer Lieferanten haben wir nach den besten Rohstoffen auf dem Markt gesucht und gew\u00e4hrleisten somit die Produktion von ausgewogenen, wirksamen und leistungsstarken Futtermitteln.<\/p>\n<h4>Gebrauchsanweisung<\/h4>\n<p>1 bis 4,5 kg Unika Endurance pro Tag und Pferd verwenden. Die Futterrationen h\u00e4ngen von vielen Faktoren ab (Alter des Tieres, Umfang der sportlichen Aktivit\u00e4t, Rasse etc.). Bitte kontaktieren Sie uns, um N\u00e4heres \u00fcber die richtige Tagesration f\u00fcr Ihr Pferd zu erfahren.<\/p>\n<h4>Entdecken Sie alle Vorteile und das Versandmanagement unserer Futtermittel, klicken Sie auf diesen <a href=\"https:\/\/media.lineaunika.it\/unika\/uploads\/2023\/06\/UNIKA-FUTTERMITTEL-DE.pdf\">Link<\/a>!<\/h4>\n<p>&nbsp;<\/p>\n<p><em>(Aufgrund der Spezifit\u00e4t jedes Organismus sollten neue Allein- und Erg\u00e4nzungsfutter zuerst getestet werden, indem man sie schrittweise in die Ern\u00e4hrung des Pferdes einf\u00fchrt).<\/em><\/p>\n<p><em><strong>Wir f\u00fchren eine Etiketten\u00fcberpr\u00fcfung durch. Wenn Sie das Etikett vor dem Verkauf erhalten m\u00f6chten, bitten wir Sie, uns eine E-Mail an die folgende Adresse zu senden: info@lineaunika.it . Wir entschuldigen uns f\u00fcr die vor\u00fcbergehenden Unannehmlichkeiten.<\/strong><\/em><\/p>\n","protected":false},"excerpt":{"rendered":"<p>\u2714\ufe0f 4mm Pellets zum einfachen Kauen<br \/>\n\u2714\ufe0f Hoher Gehalt an verdaulichen Ballaststoffen f\u00fcr das Darmwohlbefinden<br \/>\n\u2714\ufe0f Ideal f\u00fcr Rennpferde mit hohem Energiebedarf<\/p>\n","protected":false},"featured_media":21283,"template":"","meta":{"_acf_changed":false,"_joinchat":[]},"product_brand":[],"product_cat":[445],"product_tag":[465,469,481,611,501,855,599,461,513],"class_list":{"0":"post-10728","1":"product","2":"type-product","3":"status-publish","4":"has-post-thumbnail","6":"product_cat-naehrstoffe-und-vitamine","7":"product_tag-distanzreiten","8":"product_tag-dressurreiten","9":"product_tag-energie-de","10":"product_tag-kein-mais-und-getreide","11":"product_tag-mageres-pferd","12":"product_tag-mangimi-de","13":"product_tag-niedriger-glykaemischer-index","14":"product_tag-springreiten","15":"product_tag-trekking-de","16":"product_shipping_class-mangimi","18":"first","19":"instock","20":"taxable","21":"shipping-taxable","22":"purchasable","23":"product-type-variable"},"acf":[],"_links":{"self":[{"href":"https:\/\/unika.sitointest.it\/de\/wp-json\/wp\/v2\/product\/10728","targetHints":{"allow":["GET"]}}],"collection":[{"href":"https:\/\/unika.sitointest.it\/de\/wp-json\/wp\/v2\/product"}],"about":[{"href":"https:\/\/unika.sitointest.it\/de\/wp-json\/wp\/v2\/types\/product"}],"version-history":[{"count":2,"href":"https:\/\/unika.sitointest.it\/de\/wp-json\/wp\/v2\/product\/10728\/revisions"}],"predecessor-version":[{"id":15586,"href":"https:\/\/unika.sitointest.it\/de\/wp-json\/wp\/v2\/product\/10728\/revisions\/15586"}],"wp:featuredmedia":[{"embeddable":true,"href":"https:\/\/unika.sitointest.it\/de\/wp-json\/wp\/v2\/media\/21283"}],"wp:attachment":[{"href":"https:\/\/unika.sitointest.it\/de\/wp-json\/wp\/v2\/media?parent=10728"}],"wp:term":[{"taxonomy":"product_brand","embeddable":true,"href":"https:\/\/unika.sitointest.it\/de\/wp-json\/wp\/v2\/product_brand?post=10728"},{"taxonomy":"product_cat","embeddable":true,"href":"https:\/\/unika.sitointest.it\/de\/wp-json\/wp\/v2\/product_cat?post=10728"},{"taxonomy":"product_tag","embeddable":true,"href":"https:\/\/unika.sitointest.it\/de\/wp-json\/wp\/v2\/product_tag?post=10728"}],"curies":[{"name":"wp","href":"https:\/\/api.w.org\/{rel}","templated":true}]}}