{"id":10688,"date":"2022-11-16T15:42:59","date_gmt":"2022-11-16T15:42:59","guid":{"rendered":"https:\/\/lineaunika.jumpgroup.it\/shop\/unkategorisiert\/unika-sol\/"},"modified":"2026-02-16T18:09:28","modified_gmt":"2026-02-16T17:09:28","slug":"unika-sol","status":"publish","type":"product","link":"https:\/\/unika.sitointest.it\/de\/shop\/naehrstoffe-und-vitamine\/unika-sol\/","title":{"rendered":"Unika Sol"},"content":{"rendered":"<h4>Erg\u00e4nzungsfutter f\u00fcr Pferde<\/h4>\n<p>Unika Sol ist das Erg\u00e4nzungsfutter f\u00fcr Sportpferde, die ihre Gelenke in perfekter Form, fluid und beweglich halten m\u00fcssen.<\/p>\n<h4>Wann es zu verwenden ist<\/h4>\n<p>Das Erg\u00e4nzungsfutter Unika sol eignet sich f\u00fcr:<\/p>\n<p>&#8211; Pferde, die sportlich sehr aktiv sind<br \/>\n&#8211; \u00e4ltere Pferde, die sportlich aktiv sind<br \/>\n&#8211; Pferde, deren flie\u00dfende Bewegung aufrechtzuerhalten ist<\/p>\n<h4>Gebrauchsanweisung<\/h4>\n<p>F\u00fcr Pferde: 50-60 g Unika Sol pro Tag unter die t\u00e4gliche Ration mischen.<br \/>\nF\u00fcr Ponys: 40 g Unika Sol pro Tag unter die t\u00e4gliche Ration mischen.&#8221;<\/p>\n<p><em>(Aufgrund der Spezifit\u00e4t jedes Organismus sollten neue Allein- und Erg\u00e4nzungsfutter zuerst getestet werden, indem man sie schrittweise in die Ern\u00e4hrung des Pferdes einf\u00fchrt).<\/em><\/p>\n<p><em><strong>Wir f\u00fchren eine Etiketten\u00fcberpr\u00fcfung durch. Wenn Sie das Etikett vor dem Verkauf erhalten m\u00f6chten, bitten wir Sie, uns eine E-Mail an die folgende Adresse zu senden: info@lineaunika.it . Wir entschuldigen uns f\u00fcr die vor\u00fcbergehenden Unannehmlichkeiten.<\/strong><\/em><\/p>\n","protected":false},"excerpt":{"rendered":"<p>\u2714\ufe0f Praktischer Messbecher in der Verpackung<br \/>\n\u2714\ufe0f Es tr\u00e4gt zum Wohlbefinden der Gelenke bei<br \/>\n\u2714\ufe0f Ideal f\u00fcr Sportpferde<\/p>\n","protected":false},"featured_media":21554,"template":"","meta":{"_acf_changed":false,"_joinchat":[]},"product_brand":[],"product_cat":[445],"product_tag":[465,469,679,489,477,623,461,473],"class_list":{"0":"post-10688","1":"product","2":"type-product","3":"status-publish","4":"has-post-thumbnail","6":"product_cat-naehrstoffe-und-vitamine","7":"product_tag-distanzreiten","8":"product_tag-dressurreiten","9":"product_tag-gelenke","10":"product_tag-kein-doping","11":"product_tag-rennpferd","12":"product_tag-schmerzen","13":"product_tag-springreiten","14":"product_tag-westernreiten","16":"first","17":"instock","18":"taxable","19":"shipping-taxable","20":"purchasable","21":"product-type-variable"},"acf":[],"_links":{"self":[{"href":"https:\/\/unika.sitointest.it\/de\/wp-json\/wp\/v2\/product\/10688","targetHints":{"allow":["GET"]}}],"collection":[{"href":"https:\/\/unika.sitointest.it\/de\/wp-json\/wp\/v2\/product"}],"about":[{"href":"https:\/\/unika.sitointest.it\/de\/wp-json\/wp\/v2\/types\/product"}],"version-history":[{"count":2,"href":"https:\/\/unika.sitointest.it\/de\/wp-json\/wp\/v2\/product\/10688\/revisions"}],"predecessor-version":[{"id":15734,"href":"https:\/\/unika.sitointest.it\/de\/wp-json\/wp\/v2\/product\/10688\/revisions\/15734"}],"wp:featuredmedia":[{"embeddable":true,"href":"https:\/\/unika.sitointest.it\/de\/wp-json\/wp\/v2\/media\/21554"}],"wp:attachment":[{"href":"https:\/\/unika.sitointest.it\/de\/wp-json\/wp\/v2\/media?parent=10688"}],"wp:term":[{"taxonomy":"product_brand","embeddable":true,"href":"https:\/\/unika.sitointest.it\/de\/wp-json\/wp\/v2\/product_brand?post=10688"},{"taxonomy":"product_cat","embeddable":true,"href":"https:\/\/unika.sitointest.it\/de\/wp-json\/wp\/v2\/product_cat?post=10688"},{"taxonomy":"product_tag","embeddable":true,"href":"https:\/\/unika.sitointest.it\/de\/wp-json\/wp\/v2\/product_tag?post=10688"}],"curies":[{"name":"wp","href":"https:\/\/api.w.org\/{rel}","templated":true}]}}