{"id":10652,"date":"2022-11-16T14:58:08","date_gmt":"2022-11-16T13:58:08","guid":{"rendered":"https:\/\/lineaunika.jumpgroup.it\/shop\/unkategorisiert\/tendon-10\/"},"modified":"2026-02-16T18:09:19","modified_gmt":"2026-02-16T17:09:19","slug":"tendon-10","status":"publish","type":"product","link":"https:\/\/unika.sitointest.it\/de\/shop\/naehrstoffe-und-vitamine\/tendon-10\/","title":{"rendered":"Tendon 10+"},"content":{"rendered":"<h4>Erg\u00e4nzungsfutter f\u00fcr Pferde<\/h4>\n<p>Tendon 10+ ist ein pulverf\u00f6rmiges Erg\u00e4nzungsfutter, das wertvolle Elemente f\u00fcr das nat\u00fcrliche Wohlbefinden von Sehnen und Gelenken enth\u00e4lt.<\/p>\n<h4>Wann es zu verwenden ist<\/h4>\n<p>Tendon 10+ ist das ideale Erg\u00e4nzungsfutter f\u00fcr:<\/p>\n<p>&#8211; Wettkampfpferde<br \/>\n&#8211; Wettkampfpferde ab 8 Jahren<br \/>\n&#8211; Pferde mit einer Veranlagung zu Sehnenproblemen<br \/>\n&#8211; Pferde mit fr\u00fcheren Verletzungen<\/p>\n<p>Tendon 10+ f\u00fchrt der Pferdenahrung wichtige Elemente zu, die das physiologische Wohlbefinden von Gelenken und Sehnen unterst\u00fctzen:<\/p>\n<p>\u2013 MSM (Methylsulfonylmethan)<br \/>\n\u2013 Glucosamin<br \/>\n\u2013 Chondroitinsulfat<br \/>\n\u2013 hydrolysiertes Kollagen<br \/>\n\u2013 Hyalurons\u00e4ure<br \/>\n\u2013 Teufelskralle (Harpagophytum procumbens)<br \/>\n\u2013 Kurkuma (Curcuma longa)<br \/>\n\u2013 Vitamin C<\/p>\n<h4>Gebrauchsanweisung<\/h4>\n<p>60 g Tendon 10+ pro Tag unter die t\u00e4gliche Ration mischen und \u00fcber einen Zeitraum von mindestens 50 Tagen in Folge verabreichen. Die empfohlene Menge betr\u00e4gt 3 geh\u00e4ufte Messbecher.<\/p>\n<p><strong>ACHTUNG:<\/strong><br \/>\nBei diesem Produkt k\u00f6nnte es sich um Doping handeln.<br \/>\nDie Vorschriften der Disziplin und des Heimatlandes beachten.<br \/>\nUnterbrechung der Verabreichung: 72 Stunden vor dem Wettbewerb.<br \/>\nTeufelskralle gilt seit dem 1. Januar 2016 in FEI-Disziplinen als DOPING.&#8221;<\/p>\n<p><em>(Aufgrund der Spezifit\u00e4t jedes Organismus sollten neue Allein- und Erg\u00e4nzungsfutter zuerst getestet werden, indem man sie schrittweise in die Ern\u00e4hrung des Pferdes einf\u00fchrt).<\/em><\/p>\n<p><strong><em>Wir f\u00fchren eine Etiketten\u00fcberpr\u00fcfung durch. Wenn Sie das Etikett vor dem Verkauf erhalten m\u00f6chten, bitten wir Sie, uns eine E-Mail an die folgende Adresse zu senden: info@lineaunika.it . Wir entschuldigen uns f\u00fcr die vor\u00fcbergehenden Unannehmlichkeiten.<\/em><\/strong><\/p>\n","protected":false},"excerpt":{"rendered":"<p>\u2714\ufe0f Reich an phytotherapeutischen Elementen<br \/>\n\u2714\ufe0f Mit Kollagen und Hyalurons\u00e4ure versetzt<br \/>\n\u2714\ufe0f Praktischer Messbecher in der Verpackung<\/p>\n","protected":false},"featured_media":21541,"template":"","meta":{"_acf_changed":false,"_joinchat":[]},"product_brand":[],"product_cat":[445],"product_tag":[509,465,469,679,477,623,627,461,513,473],"class_list":{"0":"post-10652","1":"product","2":"type-product","3":"status-publish","4":"has-post-thumbnail","6":"product_cat-naehrstoffe-und-vitamine","7":"product_tag-alte-pferde","8":"product_tag-distanzreiten","9":"product_tag-dressurreiten","10":"product_tag-gelenke","11":"product_tag-rennpferd","12":"product_tag-schmerzen","13":"product_tag-sehne","14":"product_tag-springreiten","15":"product_tag-trekking-de","16":"product_tag-westernreiten","18":"first","19":"instock","20":"taxable","21":"shipping-taxable","22":"purchasable","23":"product-type-simple"},"acf":[],"_links":{"self":[{"href":"https:\/\/unika.sitointest.it\/de\/wp-json\/wp\/v2\/product\/10652","targetHints":{"allow":["GET"]}}],"collection":[{"href":"https:\/\/unika.sitointest.it\/de\/wp-json\/wp\/v2\/product"}],"about":[{"href":"https:\/\/unika.sitointest.it\/de\/wp-json\/wp\/v2\/types\/product"}],"version-history":[{"count":3,"href":"https:\/\/unika.sitointest.it\/de\/wp-json\/wp\/v2\/product\/10652\/revisions"}],"predecessor-version":[{"id":15738,"href":"https:\/\/unika.sitointest.it\/de\/wp-json\/wp\/v2\/product\/10652\/revisions\/15738"}],"wp:featuredmedia":[{"embeddable":true,"href":"https:\/\/unika.sitointest.it\/de\/wp-json\/wp\/v2\/media\/21541"}],"wp:attachment":[{"href":"https:\/\/unika.sitointest.it\/de\/wp-json\/wp\/v2\/media?parent=10652"}],"wp:term":[{"taxonomy":"product_brand","embeddable":true,"href":"https:\/\/unika.sitointest.it\/de\/wp-json\/wp\/v2\/product_brand?post=10652"},{"taxonomy":"product_cat","embeddable":true,"href":"https:\/\/unika.sitointest.it\/de\/wp-json\/wp\/v2\/product_cat?post=10652"},{"taxonomy":"product_tag","embeddable":true,"href":"https:\/\/unika.sitointest.it\/de\/wp-json\/wp\/v2\/product_tag?post=10652"}],"curies":[{"name":"wp","href":"https:\/\/api.w.org\/{rel}","templated":true}]}}