{"id":10637,"date":"2022-11-16T14:48:26","date_gmt":"2022-11-16T13:48:26","guid":{"rendered":"https:\/\/lineaunika.jumpgroup.it\/shop\/unkategorisiert\/procartil\/"},"modified":"2026-02-16T18:09:16","modified_gmt":"2026-02-16T17:09:16","slug":"procartil","status":"publish","type":"product","link":"https:\/\/unika.sitointest.it\/de\/shop\/naehrstoffe-und-vitamine\/procartil\/","title":{"rendered":"Procartil"},"content":{"rendered":"<h4>Erg\u00e4nzungsfutter f\u00fcr Pferde<\/h4>\n<p>Procartil ist das fl\u00fcssige Erg\u00e4nzungsfutter auf Basis von Chondroitinsulfat, Glucosamin, Hyalurons\u00e4ure und Pflanzenextrakten zur Erhaltung des physiologischen Gelenkbedingungen.<\/p>\n<h4>Wann es zu verwenden ist<\/h4>\n<p>Procartil ist das ideale Erg\u00e4nzungsfutter, um die Gelenke in perfekter Form, fluid und beweglich zu halten. Ideal f\u00fcr alle Pferde, die Sport und intensiven Aktivit\u00e4ten nachgehen. Procartil kann besonders auch bei \u00e4lteren Pferden n\u00fctzlich sein.<\/p>\n<h4>Eigenschaften der Bestandteile<\/h4>\n<p>Eine Packung Procartil enth\u00e4lt 150 g Chondroitinsulfat, 150 g Glucosamin und 150 g Methylsulfonylmethan (MSM). Chondroitinsulfat und Glucosamin haben die Aufgabe, den Knorpel zu regenerieren und zu sch\u00fctzen (90). Methylsulfonylmethan hingegen ist f\u00fcr seine gesundheitsf\u00f6rdernden Eigenschaften bekannt. Pratt und andere haben bewiesen, dass bei erwachsenen Pferden 55 % des in MSM enthaltenen Schwefels vom K\u00f6rper aufgenommen und im Blut akkumuliert wird. Die verwendete Analysetechnik hat gezeigt, dass MSM vom K\u00f6rper wahrscheinlich intakt aufgenommen wird (21).<\/p>\n<h4>Gebrauchsanweisung<\/h4>\n<p>5 cl (= 50 ml) Procartil pro Tag (erste Messkerbe) \u00fcber einen Zeitraum von 30 Tagen in Folge (eine ganze Packung) verabreichen. Procartil sollte vorzugsweise in regelm\u00e4\u00dfigen Zyklen \u00fcber das Jahr verteilt eingesetzt werden.<\/p>\n<p><em>(Aufgrund der Spezifit\u00e4t jedes Organismus sollten neue Allein- und Erg\u00e4nzungsfutter zuerst getestet werden, indem man sie schrittweise in die Ern\u00e4hrung des Pferdes einf\u00fchrt).<\/em><\/p>\n<p><em><strong>Wir f\u00fchren eine Etiketten\u00fcberpr\u00fcfung durch. Wenn Sie das Etikett vor dem Verkauf erhalten m\u00f6chten, bitten wir Sie, uns eine E-Mail an die folgende Adresse zu senden: info@lineaunika.it . Wir entschuldigen uns f\u00fcr die vor\u00fcbergehenden Unannehmlichkeiten.<\/strong><\/em><\/p>\n","protected":false},"excerpt":{"rendered":"<p>\u2714\ufe0f Flasche mit integriertem Spender<br \/>\n\u2714\ufe0f Fl\u00fcssiges Produkt f\u00fcr Pferde, die keine Pulver m\u00f6gen<br \/>\n\u2714\ufe0f F\u00fcr das physiologische Wohlbefinden der Gelenke<\/p>\n","protected":false},"featured_media":21397,"template":"","meta":{"_acf_changed":false,"_joinchat":[]},"product_brand":[],"product_cat":[445],"product_tag":[509,465,469,679,489,461],"class_list":{"0":"post-10637","1":"product","2":"type-product","3":"status-publish","4":"has-post-thumbnail","6":"product_cat-naehrstoffe-und-vitamine","7":"product_tag-alte-pferde","8":"product_tag-distanzreiten","9":"product_tag-dressurreiten","10":"product_tag-gelenke","11":"product_tag-kein-doping","12":"product_tag-springreiten","14":"first","15":"instock","16":"taxable","17":"shipping-taxable","18":"purchasable","19":"product-type-variable"},"acf":[],"_links":{"self":[{"href":"https:\/\/unika.sitointest.it\/de\/wp-json\/wp\/v2\/product\/10637","targetHints":{"allow":["GET"]}}],"collection":[{"href":"https:\/\/unika.sitointest.it\/de\/wp-json\/wp\/v2\/product"}],"about":[{"href":"https:\/\/unika.sitointest.it\/de\/wp-json\/wp\/v2\/types\/product"}],"version-history":[{"count":2,"href":"https:\/\/unika.sitointest.it\/de\/wp-json\/wp\/v2\/product\/10637\/revisions"}],"predecessor-version":[{"id":15741,"href":"https:\/\/unika.sitointest.it\/de\/wp-json\/wp\/v2\/product\/10637\/revisions\/15741"}],"wp:featuredmedia":[{"embeddable":true,"href":"https:\/\/unika.sitointest.it\/de\/wp-json\/wp\/v2\/media\/21397"}],"wp:attachment":[{"href":"https:\/\/unika.sitointest.it\/de\/wp-json\/wp\/v2\/media?parent=10637"}],"wp:term":[{"taxonomy":"product_brand","embeddable":true,"href":"https:\/\/unika.sitointest.it\/de\/wp-json\/wp\/v2\/product_brand?post=10637"},{"taxonomy":"product_cat","embeddable":true,"href":"https:\/\/unika.sitointest.it\/de\/wp-json\/wp\/v2\/product_cat?post=10637"},{"taxonomy":"product_tag","embeddable":true,"href":"https:\/\/unika.sitointest.it\/de\/wp-json\/wp\/v2\/product_tag?post=10637"}],"curies":[{"name":"wp","href":"https:\/\/api.w.org\/{rel}","templated":true}]}}