{"id":10610,"date":"2022-11-16T14:36:20","date_gmt":"2022-11-16T13:36:20","guid":{"rendered":"https:\/\/lineaunika.jumpgroup.it\/shop\/unkategorisiert\/navic\/"},"modified":"2026-02-16T18:09:06","modified_gmt":"2026-02-16T17:09:06","slug":"navic","status":"publish","type":"product","link":"https:\/\/unika.sitointest.it\/de\/shop\/naehrstoffe-und-vitamine\/navic\/","title":{"rendered":"Navic"},"content":{"rendered":"<h4>Erg\u00e4nzungsfutter f\u00fcr Pferde<\/h4>\n<p>Navic ist das fl\u00fcssige Erg\u00e4nzungsfuttermittel auf Basis von Ginkgo biloba-Extrakten. Navic ist ein Erg\u00e4nzungsfutter, das die physiologischen Bedingungen der Mikrozirkulation aufrechterh\u00e4lt.<\/p>\n<h4>Wann es zu verwenden ist<\/h4>\n<p>Navic kann ein n\u00fctzliches Erg\u00e4nzungsfutter f\u00fcr Pferde sein, um die physiologischen Bedingungen ihrer Mikrozirkulation aufrechtzuerhalten.<\/p>\n<p>Navic eignet sich f\u00fcr:<\/p>\n<p>\u2013 Pferde mit Strahlbeinproblemen<br \/>\n\u2013 Pferde mit schlechter Mikrozirkulation<\/p>\n<h4>Eigenschaften der Bestandteile<\/h4>\n<p>Die Extrakte von Gingko biloba sind in der Fachliteratur f\u00fcr ihre positiven Effekte bekannt, da sie die Durchblutung verbessern und die freien Radikale reduzieren. Die Wirkungen von Ginkgo biloba sind:<br \/>\n\u2013 Kapillarerweiterung<br \/>\n\u2013 erh\u00f6hter Blutfluss<br \/>\n\u2013 PAF-Antagonismus (PAF: Entz\u00fcndungsmediator)<br \/>\n\u2013 Reduzierung von freien Radikalen (33).<\/p>\n<h4>Gebrauchsanweisung<\/h4>\n<p>5 cl (= 50 ml) Navic (erste Messkerbe) pro Tag \u00fcber einen Zeitraum von mindestens 25 Tagen (eine ganze Packung) verabreichen.<\/p>\n<p>Nettogewicht: 1,25kg<\/p>\n<p><em>(Aufgrund der Spezifit\u00e4t jedes Organismus sollten neue Allein- und Erg\u00e4nzungsfutter zuerst getestet werden, indem man sie schrittweise in die Ern\u00e4hrung des Pferdes einf\u00fchrt).<\/em><\/p>\n<p><strong><em>Wir f\u00fchren eine Etiketten\u00fcberpr\u00fcfung durch. Wenn Sie das Etikett vor dem Verkauf erhalten m\u00f6chten, bitten wir Sie, uns eine E-Mail an die folgende Adresse zu senden: info@lineaunika.it . Wir entschuldigen uns f\u00fcr die vor\u00fcbergehenden Unannehmlichkeiten.<\/em><\/strong><\/p>\n","protected":false},"excerpt":{"rendered":"<p>\u2714\ufe0f Flasche mit integriertem Spender<br \/>\n\u2714\ufe0f Fl\u00fcssiges Produkt f\u00fcr Pferde, die keine Pulver m\u00f6gen<br \/>\n\u2714\ufe0f Es unterst\u00fctzt die nat\u00fcrliche Mikrozirkulation des Fu\u00dfes<\/p>\n","protected":false},"featured_media":25675,"template":"","meta":{"_acf_changed":false,"_joinchat":[]},"product_brand":[],"product_cat":[445],"product_tag":[679,667,525],"class_list":{"0":"post-10610","1":"product","2":"type-product","3":"status-publish","4":"has-post-thumbnail","6":"product_cat-naehrstoffe-und-vitamine","7":"product_tag-gelenke","8":"product_tag-naviculitis-de","9":"product_tag-pferdehufe","11":"first","12":"instock","13":"taxable","14":"shipping-taxable","15":"purchasable","16":"product-type-simple"},"acf":[],"_links":{"self":[{"href":"https:\/\/unika.sitointest.it\/de\/wp-json\/wp\/v2\/product\/10610","targetHints":{"allow":["GET"]}}],"collection":[{"href":"https:\/\/unika.sitointest.it\/de\/wp-json\/wp\/v2\/product"}],"about":[{"href":"https:\/\/unika.sitointest.it\/de\/wp-json\/wp\/v2\/types\/product"}],"version-history":[{"count":4,"href":"https:\/\/unika.sitointest.it\/de\/wp-json\/wp\/v2\/product\/10610\/revisions"}],"predecessor-version":[{"id":27834,"href":"https:\/\/unika.sitointest.it\/de\/wp-json\/wp\/v2\/product\/10610\/revisions\/27834"}],"wp:featuredmedia":[{"embeddable":true,"href":"https:\/\/unika.sitointest.it\/de\/wp-json\/wp\/v2\/media\/25675"}],"wp:attachment":[{"href":"https:\/\/unika.sitointest.it\/de\/wp-json\/wp\/v2\/media?parent=10610"}],"wp:term":[{"taxonomy":"product_brand","embeddable":true,"href":"https:\/\/unika.sitointest.it\/de\/wp-json\/wp\/v2\/product_brand?post=10610"},{"taxonomy":"product_cat","embeddable":true,"href":"https:\/\/unika.sitointest.it\/de\/wp-json\/wp\/v2\/product_cat?post=10610"},{"taxonomy":"product_tag","embeddable":true,"href":"https:\/\/unika.sitointest.it\/de\/wp-json\/wp\/v2\/product_tag?post=10610"}],"curies":[{"name":"wp","href":"https:\/\/api.w.org\/{rel}","templated":true}]}}