{"id":10131,"date":"2022-11-11T11:12:51","date_gmt":"2022-11-11T10:12:51","guid":{"rendered":"https:\/\/lineaunika.jumpgroup.it\/shop\/unkategorisiert\/metil-pur\/"},"modified":"2026-02-16T18:09:07","modified_gmt":"2026-02-16T17:09:07","slug":"metil-pur","status":"publish","type":"product","link":"https:\/\/unika.sitointest.it\/de\/shop\/naehrstoffe-und-vitamine\/metil-pur\/","title":{"rendered":"Metil Pur"},"content":{"rendered":"<h4>Erg\u00e4nzungsfutter f\u00fcr Pferde<\/h4>\n<p>Metil Pur ist das Erg\u00e4nzungsfutter zur Unterst\u00fctzung der physiologischen Gelenkbedingungen des Pferdes. Metil Pur ist mit hochwertigem Methylsulphonylmethan (MSM) formuliert.<\/p>\n<h4>Wann es zu verwenden ist<\/h4>\n<p>Das Erg\u00e4nzungsfutter Metil Pur eignet sich f\u00fcr:<\/p>\n<p>&#8211; Pferde, die ihre Gelenke in perfekter Form halten m\u00fcssen<br \/>\n&#8211; alte Pferde<br \/>\n&#8211; Pferde, deren Gelenke t\u00e4glich stark beansprucht werden<\/p>\n<h4>Gebrauchsanweisung<\/h4>\n<p>10-20 g Metil Pur pro Tag unter die t\u00e4gliche Ration f\u00fcr 30-40 Tage in Folge mischen.<\/p>\n<p>Messl\u00f6ffel:<br \/>\nvoll: 20 g<br \/>\ngeh\u00e4uft: 29 g<\/p>\n<p><em>(Aufgrund der Spezifit\u00e4t jedes Organismus sollten neue Allein- und Erg\u00e4nzungsfutter zuerst getestet werden, indem man sie schrittweise in die Ern\u00e4hrung des Pferdes einf\u00fchrt).<\/em><\/p>\n<p><em><strong>Wir f\u00fchren eine Etiketten\u00fcberpr\u00fcfung durch. Wenn Sie das Etikett vor dem Verkauf erhalten m\u00f6chten, bitten wir Sie, uns eine E-Mail an die folgende Adresse zu senden: info@lineaunika.it . Wir entschuldigen uns f\u00fcr die vor\u00fcbergehenden Unannehmlichkeiten.<\/strong><\/em><\/p>\n","protected":false},"excerpt":{"rendered":"<p>\u2714\ufe0f F\u00fcr das physiologische Wohlbefinden der Gelenke<br \/>\n\u2714\ufe0f Praktischer Messbecher in der Verpackung<br \/>\n\u2714\ufe0f Basierend auf MSM<\/p>\n","protected":false},"featured_media":21674,"template":"","meta":{"_acf_changed":false,"_joinchat":[]},"product_brand":[],"product_cat":[445],"product_tag":[509,465,469,679,461,513],"class_list":{"0":"post-10131","1":"product","2":"type-product","3":"status-publish","4":"has-post-thumbnail","6":"product_cat-naehrstoffe-und-vitamine","7":"product_tag-alte-pferde","8":"product_tag-distanzreiten","9":"product_tag-dressurreiten","10":"product_tag-gelenke","11":"product_tag-springreiten","12":"product_tag-trekking-de","14":"first","15":"instock","16":"taxable","17":"shipping-taxable","18":"purchasable","19":"product-type-variable"},"acf":[],"_links":{"self":[{"href":"https:\/\/unika.sitointest.it\/de\/wp-json\/wp\/v2\/product\/10131","targetHints":{"allow":["GET"]}}],"collection":[{"href":"https:\/\/unika.sitointest.it\/de\/wp-json\/wp\/v2\/product"}],"about":[{"href":"https:\/\/unika.sitointest.it\/de\/wp-json\/wp\/v2\/types\/product"}],"version-history":[{"count":2,"href":"https:\/\/unika.sitointest.it\/de\/wp-json\/wp\/v2\/product\/10131\/revisions"}],"predecessor-version":[{"id":15751,"href":"https:\/\/unika.sitointest.it\/de\/wp-json\/wp\/v2\/product\/10131\/revisions\/15751"}],"wp:featuredmedia":[{"embeddable":true,"href":"https:\/\/unika.sitointest.it\/de\/wp-json\/wp\/v2\/media\/21674"}],"wp:attachment":[{"href":"https:\/\/unika.sitointest.it\/de\/wp-json\/wp\/v2\/media?parent=10131"}],"wp:term":[{"taxonomy":"product_brand","embeddable":true,"href":"https:\/\/unika.sitointest.it\/de\/wp-json\/wp\/v2\/product_brand?post=10131"},{"taxonomy":"product_cat","embeddable":true,"href":"https:\/\/unika.sitointest.it\/de\/wp-json\/wp\/v2\/product_cat?post=10131"},{"taxonomy":"product_tag","embeddable":true,"href":"https:\/\/unika.sitointest.it\/de\/wp-json\/wp\/v2\/product_tag?post=10131"}],"curies":[{"name":"wp","href":"https:\/\/api.w.org\/{rel}","templated":true}]}}