{"id":10108,"date":"2022-11-11T10:50:24","date_gmt":"2022-11-11T09:50:24","guid":{"rendered":"https:\/\/lineaunika.jumpgroup.it\/shop\/unkategorisiert\/free-to-fly\/"},"modified":"2026-02-16T18:08:55","modified_gmt":"2026-02-16T17:08:55","slug":"free-to-fly","status":"publish","type":"product","link":"https:\/\/unika.sitointest.it\/de\/shop\/naehrstoffe-und-vitamine\/free-to-fly\/","title":{"rendered":"Free To Fly"},"content":{"rendered":"<h4>Erg\u00e4nzungsfutter f\u00fcr Pferde<\/h4>\n<p>Free To Fly ist das Erg\u00e4nzungsfutter im Vorwettkampf-Spritzenformat zur Unterst\u00fctzung der Gelenkleistung beim Wettkampf.<\/p>\n<h4>Wann es zu verwenden ist<\/h4>\n<p>Free to Fly ist die gebrauchsfertige Spritze zur Unterst\u00fctzung von Gelenken im Wettkampf. Besonders in Phasen intensiver sportlicher Anstrengung, in denen die Gelenke der Gliedma\u00dfen und des R\u00fcckens unter Druck stehen, kann Free To Fly eine wertvolle Unterst\u00fctzung bieten.<\/p>\n<h4>Eigenschaften der Bestandteile<\/h4>\n<p>Die in Free To Fly enthaltenen Extrakte wurden auf der Grundlage der besten Forschungsergebnisse im Bereich der Phytotherapie ausgew\u00e4hlt. Esche, Mutterkraut und Brennnessel sind drei Pflanzenextrakte, die in der Literatur f\u00fcr ihren Beitrag zur Verbesserung der Gelenkbeweglichkeit und des allgemeinen Wohlbefindens bekannt sind (22,23,38,77).<\/p>\n<h4>Gebrauchsanweisung<\/h4>\n<p>1-2 Spritzen Free To Fly mindestens 4 Stunden vor einem Wettkampf verabreichen. Beim Distanzreiten kann Free to Fly an der Ankunft am Gate oder vor dem Neustart verwendet werden.<\/p>\n<p>Nettogewicht: 110g<\/p>\n<p><em>(Aufgrund der Spezifit\u00e4t jedes Organismus sollten neue Allein- und Erg\u00e4nzungsfutter zuerst getestet werden, indem man sie schrittweise in die Ern\u00e4hrung des Pferdes einf\u00fchrt).<\/em><\/p>\n<p><em><strong>Wir f\u00fchren eine Etiketten\u00fcberpr\u00fcfung durch. Wenn Sie das Etikett vor dem Verkauf erhalten m\u00f6chten, bitten wir Sie, uns eine E-Mail an die folgende Adresse zu senden: info@lineaunika.it . Wir entschuldigen uns f\u00fcr die vor\u00fcbergehenden Unannehmlichkeiten.<\/strong><\/em><\/p>\n","protected":false},"excerpt":{"rendered":"<p>\u2714\ufe0f Gebrauchsfertige Einzeldosisspritze<br \/>\n\u2714\ufe0f Unterst\u00fctzt die Gelenke bei Wettkampfanstrengungen<br \/>\n\u2714\ufe0f Ideal f\u00fcr den Einsatz im Wettkampf<\/p>\n","protected":false},"featured_media":21589,"template":"","meta":{"_acf_changed":false,"_joinchat":[]},"product_brand":[],"product_cat":[445],"product_tag":[509,465,469,679,623,461,513],"class_list":{"0":"post-10108","1":"product","2":"type-product","3":"status-publish","4":"has-post-thumbnail","6":"product_cat-naehrstoffe-und-vitamine","7":"product_tag-alte-pferde","8":"product_tag-distanzreiten","9":"product_tag-dressurreiten","10":"product_tag-gelenke","11":"product_tag-schmerzen","12":"product_tag-springreiten","13":"product_tag-trekking-de","15":"first","16":"instock","17":"taxable","18":"shipping-taxable","19":"purchasable","20":"product-type-simple"},"acf":[],"_links":{"self":[{"href":"https:\/\/unika.sitointest.it\/de\/wp-json\/wp\/v2\/product\/10108","targetHints":{"allow":["GET"]}}],"collection":[{"href":"https:\/\/unika.sitointest.it\/de\/wp-json\/wp\/v2\/product"}],"about":[{"href":"https:\/\/unika.sitointest.it\/de\/wp-json\/wp\/v2\/types\/product"}],"version-history":[{"count":3,"href":"https:\/\/unika.sitointest.it\/de\/wp-json\/wp\/v2\/product\/10108\/revisions"}],"predecessor-version":[{"id":27817,"href":"https:\/\/unika.sitointest.it\/de\/wp-json\/wp\/v2\/product\/10108\/revisions\/27817"}],"wp:featuredmedia":[{"embeddable":true,"href":"https:\/\/unika.sitointest.it\/de\/wp-json\/wp\/v2\/media\/21589"}],"wp:attachment":[{"href":"https:\/\/unika.sitointest.it\/de\/wp-json\/wp\/v2\/media?parent=10108"}],"wp:term":[{"taxonomy":"product_brand","embeddable":true,"href":"https:\/\/unika.sitointest.it\/de\/wp-json\/wp\/v2\/product_brand?post=10108"},{"taxonomy":"product_cat","embeddable":true,"href":"https:\/\/unika.sitointest.it\/de\/wp-json\/wp\/v2\/product_cat?post=10108"},{"taxonomy":"product_tag","embeddable":true,"href":"https:\/\/unika.sitointest.it\/de\/wp-json\/wp\/v2\/product_tag?post=10108"}],"curies":[{"name":"wp","href":"https:\/\/api.w.org\/{rel}","templated":true}]}}