{"id":10091,"date":"2022-11-11T10:40:49","date_gmt":"2022-11-11T09:40:49","guid":{"rendered":"https:\/\/lineaunika.jumpgroup.it\/shop\/unkategorisiert\/condro-plus\/"},"modified":"2026-02-16T18:08:42","modified_gmt":"2026-02-16T17:08:42","slug":"condro-plus","status":"publish","type":"product","link":"https:\/\/unika.sitointest.it\/de\/shop\/naehrstoffe-und-vitamine\/condro-plus\/","title":{"rendered":"Condro Plus"},"content":{"rendered":"<h4>Erg\u00e4nzungsfutter f\u00fcr Pferde<\/h4>\n<p>Condro Plus ist das Erg\u00e4nzungsfutter f\u00fcr Pferde zur Unterst\u00fctzung der normalen physiologischen Gelenkbedingungen. Condro Plus enth\u00e4lt MSM, Chondroitin, Glucosamin und viele andere Elemente, die f\u00fcr die Aufrechterhaltung der physiologischen Gelenkbedingungen wichtig sind.<\/p>\n<h4>Wann es zu verwenden ist<\/h4>\n<p>Condro Plus ist das Erg\u00e4nzungsfutter f\u00fcr Pferde zum Einsatz:<br \/>\n\u2013 bei Pferden, deren Gelenkbewegung fluid und beweglich bleiben muss<br \/>\n\u2013 bei Pferden \u00fcber 8 Jahre<br \/>\n\u2013 bei \u00e4lteren Pferden mit nicht funktionst\u00fcchtigen Gelenken<\/p>\n<h4>Gebrauchsanweisung<\/h4>\n<p>&#8211; F\u00fcr Pferde mit gr\u00f6\u00dferen Anforderungen: 60 g Condro Plus pro Tag unter die Futterration mischen. Empfohlen f\u00fcr min. 30 Tage in Folge.<br \/>\n&#8211; F\u00fcr aktive Pferde ab 8 Jahren: 50 g Condro Plus pro Tag unter die Futterration mischen. Empfohlen f\u00fcr min. 30 Tage in Folge.<br \/>\n&#8211; F\u00fcr Ponys: 40 g Condro Plus pro Tag unter die Futterration mischen. Empfohlen f\u00fcr min. 30 Tage in Folge.<\/p>\n<p>Messl\u00f6ffel:<\/p>\n<p>voll: 25 g<br \/>\ngeh\u00e4uft: 30 g<\/p>\n<p><em>(Aufgrund der Spezifit\u00e4t jedes Organismus sollten neue Allein- und Erg\u00e4nzungsfutter zuerst getestet werden, indem man sie schrittweise in die Ern\u00e4hrung des Pferdes einf\u00fchrt).<\/em><\/p>\n<p><em><strong>Wir f\u00fchren eine Etiketten\u00fcberpr\u00fcfung durch. Wenn Sie das Etikett vor dem Verkauf erhalten m\u00f6chten, bitten wir Sie, uns eine E-Mail an die folgende Adresse zu senden: info@lineaunika.it . Wir entschuldigen uns f\u00fcr die vor\u00fcbergehenden Unannehmlichkeiten.<\/strong><\/em><\/p>\n","protected":false},"excerpt":{"rendered":"<p>\u2714\ufe0f Praktischer Messbecher in der Verpackung<br \/>\n\u2714\ufe0f Basierend auf MSM, Chondroitin und Glucosamin<br \/>\n\u2714\ufe0f Es unterst\u00fctzt das nat\u00fcrliche Gelenkwohl<\/p>\n","protected":false},"featured_media":20807,"template":"","meta":{"_acf_changed":false,"_joinchat":[]},"product_brand":[],"product_cat":[445],"product_tag":[509,679,489],"class_list":{"0":"post-10091","1":"product","2":"type-product","3":"status-publish","4":"has-post-thumbnail","6":"product_cat-naehrstoffe-und-vitamine","7":"product_tag-alte-pferde","8":"product_tag-gelenke","9":"product_tag-kein-doping","11":"first","12":"instock","13":"taxable","14":"shipping-taxable","15":"purchasable","16":"product-type-variable"},"acf":[],"_links":{"self":[{"href":"https:\/\/unika.sitointest.it\/de\/wp-json\/wp\/v2\/product\/10091","targetHints":{"allow":["GET"]}}],"collection":[{"href":"https:\/\/unika.sitointest.it\/de\/wp-json\/wp\/v2\/product"}],"about":[{"href":"https:\/\/unika.sitointest.it\/de\/wp-json\/wp\/v2\/types\/product"}],"version-history":[{"count":3,"href":"https:\/\/unika.sitointest.it\/de\/wp-json\/wp\/v2\/product\/10091\/revisions"}],"predecessor-version":[{"id":15757,"href":"https:\/\/unika.sitointest.it\/de\/wp-json\/wp\/v2\/product\/10091\/revisions\/15757"}],"wp:featuredmedia":[{"embeddable":true,"href":"https:\/\/unika.sitointest.it\/de\/wp-json\/wp\/v2\/media\/20807"}],"wp:attachment":[{"href":"https:\/\/unika.sitointest.it\/de\/wp-json\/wp\/v2\/media?parent=10091"}],"wp:term":[{"taxonomy":"product_brand","embeddable":true,"href":"https:\/\/unika.sitointest.it\/de\/wp-json\/wp\/v2\/product_brand?post=10091"},{"taxonomy":"product_cat","embeddable":true,"href":"https:\/\/unika.sitointest.it\/de\/wp-json\/wp\/v2\/product_cat?post=10091"},{"taxonomy":"product_tag","embeddable":true,"href":"https:\/\/unika.sitointest.it\/de\/wp-json\/wp\/v2\/product_tag?post=10091"}],"curies":[{"name":"wp","href":"https:\/\/api.w.org\/{rel}","templated":true}]}}