{"id":10061,"date":"2022-11-11T10:07:57","date_gmt":"2022-11-11T09:07:57","guid":{"rendered":"https:\/\/lineaunika.jumpgroup.it\/shop\/unkategorisiert\/artiglio\/"},"modified":"2026-02-16T18:08:33","modified_gmt":"2026-02-16T17:08:33","slug":"artiglio","status":"publish","type":"product","link":"https:\/\/unika.sitointest.it\/de\/shop\/naehrstoffe-und-vitamine\/artiglio\/","title":{"rendered":"Artiglio"},"content":{"rendered":"<h4>Erg\u00e4nzungsfutter f\u00fcr Pferde<\/h4>\n<p>Die Artiglio ist das fl\u00fcssige Erg\u00e4nzungsfutter f\u00fcr Pferde auf Basis von Extraktkonzentraten der Teufelskralle (Harpagophytum procumbens), die in der Fachliteratur f\u00fcr ihre positive Wirkung auf den Bewegungsapparat bekannt sind.<\/p>\n<h4>Wann es zu verwenden ist<\/h4>\n<p>Die Artiglio ist das ideale fl\u00fcssige Erg\u00e4nzungsfutter f\u00fcr Besitzer, welche die Mobilit\u00e4t der Gelenke ihrer Pferde unterst\u00fctzen m\u00f6chten. Es ist ein gutes Erg\u00e4nzungsfutter bei intensivem Training, wenn Gelenke und Muskeln \u00fcber einen l\u00e4ngeren Zeitraum belastet werden. Es ist aufgrund ihrer Eigenschaften auch f\u00fcr \u00e4ltere Pferde empfehlenswert, die bei der Aufrechterhaltung einer flie\u00dfenden Gelenkbewegung Schwierigkeiten haben.<\/p>\n<h4>Eigenschaften der Bestandteile<\/h4>\n<p>Die Teufelskralle (Harpagophytum procumbens) ist die Wurzel einer afrikanischen Pflanze, die in der Humanmedizin f\u00fcr ihre entz\u00fcndungshemmenden Eigenschaften verwendet wird. Die entz\u00fcndungshemmende und schmerzlindernde Wirkung ist auf den Extrakt r\u00fcckf\u00fchrbar, der auf den Mechanismus der Prostaglandine und Leukotriene einwirkt (34).<\/p>\n<h4>Gebrauchsanweisung<\/h4>\n<p>5 cl (= 50 ml) Artiglio (erste Messkerbe) pro Tag verwenden. Die Einsatzdauer sollte nicht unter 30 Tagen in Folge liegen. Vorzugsweise auf vollem Magen verwenden. Bei Bedarf kann die Menge auf 10-15 cl pro Tag erh\u00f6ht werden (entspricht der zweiten Messkerbe oder 100-150 ml).<\/p>\n<p><strong>ACHTUNG:<\/strong> Das Produkt steht auf der Liste der \u201edopingpositiven\u201c Substanzen der FEI-Regelungen. Daher muss die Verwendung von Teufelskralle mindestens 72 Stunden vor dem Wettkampf eingestellt werden.<\/p>\n<p><em>(Aufgrund der Spezifit\u00e4t jedes Organismus sollten neue Allein- und Erg\u00e4nzungsfutter zuerst getestet werden, indem man sie schrittweise in die Ern\u00e4hrung des Pferdes einf\u00fchrt).<\/em><\/p>\n<p><em><strong>Wir f\u00fchren eine Etiketten\u00fcberpr\u00fcfung durch. Wenn Sie das Etikett vor dem Verkauf erhalten m\u00f6chten, bitten wir Sie, uns eine E-Mail an die folgende Adresse zu senden: info@lineaunika.it . Wir entschuldigen uns f\u00fcr die vor\u00fcbergehenden Unannehmlichkeiten.<\/strong><\/em><\/p>\n","protected":false},"excerpt":{"rendered":"<p>\u2714\ufe0f Flasche mit integriertem Spender<br \/>\n\u2714\ufe0f Fl\u00fcssiges Produkt f\u00fcr Pferde, die keine Pulver m\u00f6gen<br \/>\n\u2714\ufe0f Ideal f\u00fcr \u00e4ltere Pferde<\/p>\n","protected":false},"featured_media":21345,"template":"","meta":{"_acf_changed":false,"_joinchat":[]},"product_brand":[],"product_cat":[445],"product_tag":[509,465,469,679,623,461,513],"class_list":{"0":"post-10061","1":"product","2":"type-product","3":"status-publish","4":"has-post-thumbnail","6":"product_cat-naehrstoffe-und-vitamine","7":"product_tag-alte-pferde","8":"product_tag-distanzreiten","9":"product_tag-dressurreiten","10":"product_tag-gelenke","11":"product_tag-schmerzen","12":"product_tag-springreiten","13":"product_tag-trekking-de","15":"first","16":"instock","17":"taxable","18":"shipping-taxable","19":"purchasable","20":"product-type-variable"},"acf":[],"_links":{"self":[{"href":"https:\/\/unika.sitointest.it\/de\/wp-json\/wp\/v2\/product\/10061","targetHints":{"allow":["GET"]}}],"collection":[{"href":"https:\/\/unika.sitointest.it\/de\/wp-json\/wp\/v2\/product"}],"about":[{"href":"https:\/\/unika.sitointest.it\/de\/wp-json\/wp\/v2\/types\/product"}],"version-history":[{"count":4,"href":"https:\/\/unika.sitointest.it\/de\/wp-json\/wp\/v2\/product\/10061\/revisions"}],"predecessor-version":[{"id":15760,"href":"https:\/\/unika.sitointest.it\/de\/wp-json\/wp\/v2\/product\/10061\/revisions\/15760"}],"wp:featuredmedia":[{"embeddable":true,"href":"https:\/\/unika.sitointest.it\/de\/wp-json\/wp\/v2\/media\/21345"}],"wp:attachment":[{"href":"https:\/\/unika.sitointest.it\/de\/wp-json\/wp\/v2\/media?parent=10061"}],"wp:term":[{"taxonomy":"product_brand","embeddable":true,"href":"https:\/\/unika.sitointest.it\/de\/wp-json\/wp\/v2\/product_brand?post=10061"},{"taxonomy":"product_cat","embeddable":true,"href":"https:\/\/unika.sitointest.it\/de\/wp-json\/wp\/v2\/product_cat?post=10061"},{"taxonomy":"product_tag","embeddable":true,"href":"https:\/\/unika.sitointest.it\/de\/wp-json\/wp\/v2\/product_tag?post=10061"}],"curies":[{"name":"wp","href":"https:\/\/api.w.org\/{rel}","templated":true}]}}