{"id":10017,"date":"2022-11-11T09:25:49","date_gmt":"2022-11-11T09:25:49","guid":{"rendered":"https:\/\/lineaunika.jumpgroup.it\/shop\/unkategorisiert\/unibroncho\/"},"modified":"2026-02-16T18:09:23","modified_gmt":"2026-02-16T17:09:23","slug":"unibroncho","status":"publish","type":"product","link":"https:\/\/unika.sitointest.it\/de\/shop\/naehrstoffe-und-vitamine\/unibroncho\/","title":{"rendered":"Unibroncho"},"content":{"rendered":"<h4>Erg\u00e4nzungsfutter f\u00fcr Pferde<\/h4>\n<p>Unibroncho ist ein Erg\u00e4nzungsfutter, das eine fantastische Mischung aus Heilpflanzen enth\u00e4lt, die beim Pferd f\u00fcr die Aufrechterhaltung der nat\u00fcrlichen physiologischen Bedingungen des Atmungssystems wichtig sind.<\/p>\n<h4>Wann es zu verwenden ist<\/h4>\n<p>Das Erg\u00e4nzungsfutter Unibroncho eignet sich f\u00fcr:<\/p>\n<p>&#8211; Jahreszeitwechsel<br \/>\n&#8211; Pferde mit geringer Toleranz f\u00fcr Einstreu und Heustaub<br \/>\n&#8211; Perioden mit starken Temperaturschwankungen<\/p>\n<h4>Gebrauchsanweisung<\/h4>\n<p>60-100 g Unibroncho pro Tag (3 geh\u00e4ufte Messbecher) unter die t\u00e4gliche Ration mischen. Der empfohlene Zeitraum betr\u00e4gt 15 Tage in Folge.<\/p>\n<p>Messl\u00f6ffel:<\/p>\n<p>voll: 15 g<br \/>\ngeh\u00e4uft: 19 g<\/p>\n<p><em>(Aufgrund der Spezifit\u00e4t jedes Organismus sollten neue Allein- und Erg\u00e4nzungsfutter zuerst getestet werden, indem man sie schrittweise in die Ern\u00e4hrung des Pferdes einf\u00fchrt).<\/em><\/p>\n<p><em><strong>Wir f\u00fchren eine Etiketten\u00fcberpr\u00fcfung durch. Wenn Sie das Etikett vor dem Verkauf erhalten m\u00f6chten, bitten wir Sie, uns eine E-Mail an die folgende Adresse zu senden: info@lineaunika.it . Wir entschuldigen uns f\u00fcr die vor\u00fcbergehenden Unannehmlichkeiten.<\/strong><\/em><\/p>\n","protected":false},"excerpt":{"rendered":"<p>\u2714\ufe0f F\u00fcr das physiologische Wohlbefinden der Atemwege<br \/>\n\u2714\ufe0f Praktischer Messbecher in der Verpackung<br \/>\n\u2714\ufe0f Basierend auf Balsamico-Kr\u00e4utern<\/p>\n","protected":false},"featured_media":21545,"template":"","meta":{"_acf_changed":false,"_joinchat":[]},"product_brand":[],"product_cat":[445],"product_tag":[683,537,671],"class_list":{"0":"post-10017","1":"product","2":"type-product","3":"status-publish","4":"has-post-thumbnail","6":"product_cat-naehrstoffe-und-vitamine","7":"product_tag-lungen","8":"product_tag-saisonwechsel","9":"product_tag-winter-de","11":"first","12":"instock","13":"taxable","14":"shipping-taxable","15":"purchasable","16":"product-type-variable"},"acf":[],"_links":{"self":[{"href":"https:\/\/unika.sitointest.it\/de\/wp-json\/wp\/v2\/product\/10017","targetHints":{"allow":["GET"]}}],"collection":[{"href":"https:\/\/unika.sitointest.it\/de\/wp-json\/wp\/v2\/product"}],"about":[{"href":"https:\/\/unika.sitointest.it\/de\/wp-json\/wp\/v2\/types\/product"}],"version-history":[{"count":2,"href":"https:\/\/unika.sitointest.it\/de\/wp-json\/wp\/v2\/product\/10017\/revisions"}],"predecessor-version":[{"id":15768,"href":"https:\/\/unika.sitointest.it\/de\/wp-json\/wp\/v2\/product\/10017\/revisions\/15768"}],"wp:featuredmedia":[{"embeddable":true,"href":"https:\/\/unika.sitointest.it\/de\/wp-json\/wp\/v2\/media\/21545"}],"wp:attachment":[{"href":"https:\/\/unika.sitointest.it\/de\/wp-json\/wp\/v2\/media?parent=10017"}],"wp:term":[{"taxonomy":"product_brand","embeddable":true,"href":"https:\/\/unika.sitointest.it\/de\/wp-json\/wp\/v2\/product_brand?post=10017"},{"taxonomy":"product_cat","embeddable":true,"href":"https:\/\/unika.sitointest.it\/de\/wp-json\/wp\/v2\/product_cat?post=10017"},{"taxonomy":"product_tag","embeddable":true,"href":"https:\/\/unika.sitointest.it\/de\/wp-json\/wp\/v2\/product_tag?post=10017"}],"curies":[{"name":"wp","href":"https:\/\/api.w.org\/{rel}","templated":true}]}}