{"id":6410,"date":"2022-09-19T13:38:01","date_gmt":"2022-09-19T12:38:01","guid":{"rendered":"https:\/\/lineaunika.jumpgroup.it\/cart\/"},"modified":"2022-11-03T13:55:39","modified_gmt":"2022-11-03T13:55:39","slug":"einkaufswagen","status":"publish","type":"page","link":"https:\/\/unika.sitointest.it\/de\/einkaufswagen\/","title":{"rendered":"Einkaufswagen"},"content":{"rendered":"\t\t<div data-elementor-type=\"wp-page\" data-elementor-id=\"6410\" class=\"elementor elementor-6410 elementor-8\" data-elementor-post-type=\"page\">\n\t\t\t\t\t\t<section class=\"elementor-section elementor-top-section elementor-element elementor-element-012571b elementor-reverse-tablet elementor-reverse-mobile elementor-section-boxed elementor-section-height-default elementor-section-height-default\" data-id=\"012571b\" data-element_type=\"section\" data-e-type=\"section\">\n\t\t\t\t\t\t<div class=\"elementor-container elementor-column-gap-no\">\n\t\t\t\t\t<div class=\"elementor-column elementor-col-100 elementor-top-column elementor-element elementor-element-5291978\" data-id=\"5291978\" data-element_type=\"column\" data-e-type=\"column\">\n\t\t\t<div class=\"elementor-widget-wrap elementor-element-populated\">\n\t\t\t\t\t\t<div class=\"elementor-element elementor-element-5979001 elementor-headline--style-highlight elementor-widget elementor-widget-animated-headline\" data-id=\"5979001\" data-element_type=\"widget\" data-e-type=\"widget\" data-settings=\"{&quot;highlighted_text&quot;:&quot;Wagen&quot;,&quot;headline_style&quot;:&quot;highlight&quot;,&quot;marker&quot;:&quot;circle&quot;,&quot;loop&quot;:&quot;yes&quot;,&quot;highlight_animation_duration&quot;:1200,&quot;highlight_iteration_delay&quot;:8000}\" data-widget_type=\"animated-headline.default\">\n\t\t\t\t<div class=\"elementor-widget-container\">\n\t\t\t\t\t\t\t<h1 class=\"elementor-headline\">\n\t\t\t\t<span class=\"elementor-headline-dynamic-wrapper elementor-headline-text-wrapper\">\n\t\t\t\t\t<span class=\"elementor-headline-dynamic-text elementor-headline-text-active\">Wagen<\/span>\n\t\t\t\t<\/span>\n\t\t\t\t<\/h1>\n\t\t\t\t\t\t<\/div>\n\t\t\t\t<\/div>\n\t\t\t\t\t<\/div>\n\t\t<\/div>\n\t\t\t\t\t<\/div>\n\t\t<\/section>\n\t\t\t\t<\/div>\n\t\t","protected":false},"excerpt":{"rendered":"<p>Wagen Rimuovi articolo Miniatura immagine Prodotto Prezzo Quantit\u00e0 Subtotale &times; Neutra Liquid &#8211; 5l &euro;90,00 Neutra Liquid &#8211; 5l quantit\u00e0 &euro;180,00 &times; Adeno Booster &euro;20,00 Adeno Booster quantit\u00e0 &euro;20,00 &times; Endurace &euro;18,00 Endurace quantit\u00e0 &euro;18,00 Warenkorb aktualisiert Gutschein anwenden Gesamt Subtotale &euro;218,00 Spedizione Calcola spedizione Paese\/regione: Seleziona un Paese\/una regione\u2026AfghanistanAlbaniaAlgeriaAmerican SamoaAndorraAngolaAnguillaAntartideAntigua e BarbudaArabia SauditaArgentinaArmeniaArubaAustraliaAustriaAzerbaijanBahamasBahrainBangladeshBarbadosBelauBelgioBelizeBeninBermudaBhutanBielorussiaBirmaniaBoliviaBonaire, Saint&#8230;<\/p>\n","protected":false},"author":1,"featured_media":0,"parent":0,"menu_order":0,"comment_status":"closed","ping_status":"closed","template":"","meta":{"_acf_changed":false,"_joinchat":[],"footnotes":""},"class_list":["post-6410","page","type-page","status-publish","hentry"],"acf":[],"_links":{"self":[{"href":"https:\/\/unika.sitointest.it\/de\/wp-json\/wp\/v2\/pages\/6410","targetHints":{"allow":["GET"]}}],"collection":[{"href":"https:\/\/unika.sitointest.it\/de\/wp-json\/wp\/v2\/pages"}],"about":[{"href":"https:\/\/unika.sitointest.it\/de\/wp-json\/wp\/v2\/types\/page"}],"author":[{"embeddable":true,"href":"https:\/\/unika.sitointest.it\/de\/wp-json\/wp\/v2\/users\/1"}],"replies":[{"embeddable":true,"href":"https:\/\/unika.sitointest.it\/de\/wp-json\/wp\/v2\/comments?post=6410"}],"version-history":[{"count":7,"href":"https:\/\/unika.sitointest.it\/de\/wp-json\/wp\/v2\/pages\/6410\/revisions"}],"predecessor-version":[{"id":8621,"href":"https:\/\/unika.sitointest.it\/de\/wp-json\/wp\/v2\/pages\/6410\/revisions\/8621"}],"wp:attachment":[{"href":"https:\/\/unika.sitointest.it\/de\/wp-json\/wp\/v2\/media?parent=6410"}],"curies":[{"name":"wp","href":"https:\/\/api.w.org\/{rel}","templated":true}]}}