{"id":17138,"date":"2023-09-26T08:46:08","date_gmt":"2023-09-26T08:46:08","guid":{"rendered":"https:\/\/www.lineaunika.it\/regolamento-punti-unika\/"},"modified":"2024-06-27T08:50:17","modified_gmt":"2024-06-27T08:50:17","slug":"regolamento-punti-unika","status":"publish","type":"page","link":"https:\/\/unika.sitointest.it\/de\/regolamento-punti-unika\/","title":{"rendered":"Regolamento Punti Unika"},"content":{"rendered":"\t\t<div data-elementor-type=\"wp-page\" data-elementor-id=\"17138\" class=\"elementor elementor-17138 elementor-17094\" data-elementor-post-type=\"page\">\n\t\t\t\t\t\t<section class=\"elementor-section elementor-top-section elementor-element elementor-element-3422f98 elementor-section-boxed elementor-section-height-default elementor-section-height-default\" data-id=\"3422f98\" data-element_type=\"section\" data-e-type=\"section\">\n\t\t\t\t\t\t<div class=\"elementor-container elementor-column-gap-default\">\n\t\t\t\t\t<div class=\"elementor-column elementor-col-100 elementor-top-column elementor-element elementor-element-d976ea4\" data-id=\"d976ea4\" data-element_type=\"column\" data-e-type=\"column\">\n\t\t\t<div class=\"elementor-widget-wrap elementor-element-populated\">\n\t\t\t\t\t\t<div class=\"elementor-element elementor-element-fca5a7b elementor-widget elementor-widget-heading\" data-id=\"fca5a7b\" data-element_type=\"widget\" data-e-type=\"widget\" data-widget_type=\"heading.default\">\n\t\t\t\t<div class=\"elementor-widget-container\">\n\t\t\t\t\t<h2 class=\"elementor-heading-title elementor-size-default\">REGELUNG DES UNIKA-PUNKTESYSTEMS<\/h2>\t\t\t\t<\/div>\n\t\t\t\t<\/div>\n\t\t\t\t<div class=\"elementor-element elementor-element-0a05325 elementor-widget elementor-widget-heading\" data-id=\"0a05325\" data-element_type=\"widget\" data-e-type=\"widget\" data-widget_type=\"heading.default\">\n\t\t\t\t<div class=\"elementor-widget-container\">\n\t\t\t\t\t<h2 class=\"elementor-heading-title elementor-size-default\">LAUFZEIT<\/h2>\t\t\t\t<\/div>\n\t\t\t\t<\/div>\n\t\t\t\t<div class=\"elementor-element elementor-element-38a7d79 elementor-widget elementor-widget-text-editor\" data-id=\"38a7d79\" data-element_type=\"widget\" data-e-type=\"widget\" data-widget_type=\"text-editor.default\">\n\t\t\t\t<div class=\"elementor-widget-container\">\n\t\t\t\t\t\t\t\t\t<p>Die M\u00f6glichkeit, UNIKA-PUNKTE in Guthaben umzuwandeln, die \u201e<strong>UMWANDLUNG IN GUTHABEN<\/strong>\u201c-Initiative, l\u00e4uft vom <strong>1. September 2023<\/strong>.<\/p>\t\t\t\t\t\t\t\t<\/div>\n\t\t\t\t<\/div>\n\t\t\t\t<div class=\"elementor-element elementor-element-b360b50 elementor-widget elementor-widget-heading\" data-id=\"b360b50\" data-element_type=\"widget\" data-e-type=\"widget\" data-widget_type=\"heading.default\">\n\t\t\t\t<div class=\"elementor-widget-container\">\n\t\t\t\t\t<h2 class=\"elementor-heading-title elementor-size-default\">GEBIET<\/h2>\t\t\t\t<\/div>\n\t\t\t\t<\/div>\n\t\t\t\t<div class=\"elementor-element elementor-element-35e0d57 elementor-widget elementor-widget-text-editor\" data-id=\"35e0d57\" data-element_type=\"widget\" data-e-type=\"widget\" data-widget_type=\"text-editor.default\">\n\t\t\t\t<div class=\"elementor-widget-container\">\n\t\t\t\t\t\t\t\t\t<p>WEBSITE\u00a0<strong><a href=\"https:\/\/www.lineaunika.it\/\">www.lineaunika.it<\/a>:<\/strong> Das Gebiet in Bezug auf den Betrieb und das Einzugsgebiet der Website.<\/p>\t\t\t\t\t\t\t\t<\/div>\n\t\t\t\t<\/div>\n\t\t\t\t<div class=\"elementor-element elementor-element-acdede7 elementor-widget elementor-widget-heading\" data-id=\"acdede7\" data-element_type=\"widget\" data-e-type=\"widget\" data-widget_type=\"heading.default\">\n\t\t\t\t<div class=\"elementor-widget-container\">\n\t\t\t\t\t<h2 class=\"elementor-heading-title elementor-size-default\">ZIELGRUPPE<\/h2>\t\t\t\t<\/div>\n\t\t\t\t<\/div>\n\t\t\t\t<div class=\"elementor-element elementor-element-5cf9794 elementor-widget elementor-widget-text-editor\" data-id=\"5cf9794\" data-element_type=\"widget\" data-e-type=\"widget\" data-widget_type=\"text-editor.default\">\n\t\t\t\t<div class=\"elementor-widget-container\">\n\t\t\t\t\t\t\t\t\t<p>Private Endkunden, die die Aktionsprodukte erwerben.<br \/>Bestellungen mit Rechnung durch professionelle Nutzer mit Umsatzsteuernummer (H\u00e4ndler) sind eingeschlossen.<\/p>\t\t\t\t\t\t\t\t<\/div>\n\t\t\t\t<\/div>\n\t\t\t\t<div class=\"elementor-element elementor-element-bfa2f63 elementor-widget elementor-widget-heading\" data-id=\"bfa2f63\" data-element_type=\"widget\" data-e-type=\"widget\" data-widget_type=\"heading.default\">\n\t\t\t\t<div class=\"elementor-widget-container\">\n\t\t\t\t\t<h2 class=\"elementor-heading-title elementor-size-default\">TEILNAHMEBEDINGUNGEN UND AKTIONSPRODUKTE<\/h2>\t\t\t\t<\/div>\n\t\t\t\t<\/div>\n\t\t\t\t<div class=\"elementor-element elementor-element-561fc28 elementor-widget elementor-widget-text-editor\" data-id=\"561fc28\" data-element_type=\"widget\" data-e-type=\"widget\" data-widget_type=\"text-editor.default\">\n\t\t\t\t<div class=\"elementor-widget-container\">\n\t\t\t\t\t\t\t\t\t<p>Die Aktion betrifft alle Unika-Produkte, die auf dieser Website <strong><a href=\"https:\/\/www.lineaunika.it\/\">www.lineaunika.it<\/a><\/strong> zum Verkauf angeboten werden<strong><br \/><br \/>Bei Einf\u00fchrung neuer Unika-Produkte wird die Produktseite umgehend mit dem Hinweis auf die UNIKA-PUNKTE aktualisiert, die beim Kauf eines solchen Produkts gew\u00e4hrt werden.<br \/><\/strong><br \/>Alle Verbraucher, die w\u00e4hrend des im Abschnitt LAUFZEIT angegebenen Zeitraums Unika-Produkte wie oben angegeben erwerben, sammeln UNIKA-PUNKTE.<\/p><p>Das Sammeln von Punkten f\u00fcr Bestellungen auf dieser <strong>Website <a href=\"https:\/\/www.lineaunika.it\/\">www.lineaunika.it<\/a><\/strong> erfolgt automatisch.<\/p><p>UNIKA-PUNKTE, die nicht innerhalb der oben angegebenen Frist verwendet werden, werden ung\u00fcltig und sind nicht mehr verwendbar.<\/p>\t\t\t\t\t\t\t\t<\/div>\n\t\t\t\t<\/div>\n\t\t\t\t<div class=\"elementor-element elementor-element-a0cc266 elementor-widget elementor-widget-heading\" data-id=\"a0cc266\" data-element_type=\"widget\" data-e-type=\"widget\" data-widget_type=\"heading.default\">\n\t\t\t\t<div class=\"elementor-widget-container\">\n\t\t\t\t\t<h2 class=\"elementor-heading-title elementor-size-default\">UMWANDLUNG VON PUNKTEN IN GUTHABEN (INITIATIVE EXKL. ART. 6CBIS GESETZESVERORDNUNG 430\/2001)<\/h2>\t\t\t\t<\/div>\n\t\t\t\t<\/div>\n\t\t\t\t<div class=\"elementor-element elementor-element-c0ac827 elementor-widget elementor-widget-text-editor\" data-id=\"c0ac827\" data-element_type=\"widget\" data-e-type=\"widget\" data-widget_type=\"text-editor.default\">\n\t\t\t\t<div class=\"elementor-widget-container\">\n\t\t\t\t\t\t\t\t\t<p>Die Teilnehmer k\u00f6nnen die in ihrem pers\u00f6nlichen Bereich angesammelten UNIKA-PUNKTE gem\u00e4\u00df den folgenden Bedingungen in nicht auszahlbares Guthaben umwandeln:<\/p><ul><li><strong>1 Unika-Punkt = 0,15 \u20ac (zehn Cent) Guthaben<\/strong><\/li><li>Bei der Punktez\u00e4hlung werden nicht ber\u00fccksichtigt:<br \/>&#8211; die Versandkosten,<br \/>&#8211; die mit Gutscheinen und Guthaben gezahlten Betr\u00e4ge<\/li><\/ul><ul><li>Die Punkte werden aufgerundet.<br \/><em>Beispiel: Bestellwert abz\u00fcglich der Punkteberechnung: 11,1 \u20ac . Gesammelte Punkte 2.<\/em><\/li><li>Die gew\u00e4hrten Punkte werden in den einzelnen Produktbl\u00e4ttern angezeigt und in Ihrem Einkaufswagen summiert.<\/li><li>Wenn Produkte durch die Verwendung von Gutscheinen oder durch das Erreichen einer Rabattgrenze rabattiert werden, werden die Punkte entsprechend den neuen Bedingungen neu berechnet.<\/li><li>Hinweis: W\u00e4hrend bestimmter Zeitr\u00e4ume k\u00f6nnen f\u00fcr einige der Produkte eine h\u00f6here Anzahl von Punkten gew\u00e4hrt werden.<\/li><\/ul><p>Auf Verlangen der Umwandlung wird ein Guthaben in H\u00f6he des Wertes, der der Anzahl der gew\u00e4hrten Punkte entspricht, zur Verf\u00fcgung gestellt.<\/p><p>Das Guthaben, das sich aus der Umwandlung ergibt, kann ausschlie\u00dflich auf dieser Website <a href=\"https:\/\/www.lineaunika.it\/\">www.lineaunika.it<\/a> genutzt werden. Es kann f\u00fcr die Bestellung von physischen Produkten und f\u00fcr das gesamte auf der Website erh\u00e4ltliche Angebot verwendet werden.<\/p><p><strong>Die Umwandlung von UNIKA-PUNKTEN in Guthaben kann NICHT r\u00fcckg\u00e4ngig gemacht werden.<br \/><\/strong><br \/>Das Guthaben aus der Punkteumwandlung kann nicht ausgezahlt werden, begr\u00fcndet kein Recht auf Auszahlung des Restbetrags .<\/p><p>Die Umwandlung in Guthaben liegt ausschlie\u00dflich in der Zust\u00e4ndigkeit des Kunden, der an der Initiative teilnehmen m\u00f6chte. Wenn der Kunde dieses Recht nicht innerhalb der in der vorliegenden Regelung vorgesehenen Fristen aus\u00fcbt, haftet der Veranstalter unter keinen Umst\u00e4nden.<\/p><h4><strong>FRAGEN UND ANTWORTEN<\/strong><\/h4><p><strong>\u00a0<\/strong><\/p><ul><li><p><strong>Wo kann ich den Stand meiner gesammelten Punkte einsehen?<\/strong><\/p><p>Es gibt einen gesch\u00fctzten Bereich, in dem Sie Ihren gesamten Stand einsehen und Ihre gesammelten Punkte umwandeln k\u00f6nnen.<\/p><p><strong>Wie kann ich die gesammelten Punkte verwenden?<\/strong><\/p><p>Die gesammelten Punkte k\u00f6nnen in Guthaben umgewandelt werden. Nach dem Umwandeln k\u00f6nnen sie zur Bezahlung Ihrer zuk\u00fcnftigen Bestellungen als zus\u00e4tzliche Zahlungsmethode verwendet werden, die bei der Auswahl der Zahlungsmethode f\u00fcr Ihre Bestellung vorgeschlagen wird.<\/p><p>Zu Ihrer Sicherheit sollten Sie Ihre E-Mail-Adresse verifizieren, bevor Sie mit der Umwandlung fortfahren. Dies ist notwendig, um Ihre E-Mail-Adresse zu best\u00e4tigen und festzustellen, ob Sie deren Eigent\u00fcmer sind. Dies ist notwendig, um vorschriftswidriges Verhalten zu vermeiden, wie zum Beispiel die unberechtigte Verwendung Ihrer Punkte durch einen Fremden.<\/p><p><strong>Gibt es eine Mindestgrenze f\u00fcr die Umwandlung von Punkten in Guthaben?<\/strong><\/p><p>Nein, Sie k\u00f6nnen jeden Punktestand in Guthaben umwandeln, auch wenn es sich nur um 1 Punkt handelt.<\/p><p><strong>Kann ich meine Punkte beliebig verwenden oder muss ich ein Produkt aus einem Pr\u00e4mienkatalog ausw\u00e4hlen?<\/strong><\/p><p>JA, wenn Sie Ihre gesammelten Punkte in Punkteguthaben umwandeln, k\u00f6nnen Sie dieses Guthaben f\u00fcr den Erwerb beliebiger Produkte im Angebot bei Unika verwenden! Sie haben die Qual der Wahl. Wir sind der Meinung, dass diese Option fairer ist und es Ihnen erm\u00f6glicht, unter allen Produkten in unserem Katalog zu w\u00e4hlen, wo Sie Ihren Vorteil nutzen m\u00f6chten.<\/p><p><strong>Werden f\u00fcr alle gekauften Produkte Punkte gutgeschrieben?<\/strong><\/p><p>Ja, alle Produkte im Katalog bringen Punkte.<\/p><p><strong>Wie viel sind die Punkte wert?<\/strong><\/p><p>1 Punkt entspricht 0,15 Euro<\/p><p><strong>Sonstige Hinweise?<\/strong><\/p><ul><li>Unika beh\u00e4lt sich das Recht vor, diese Regelung nach eigenem Ermessen zu \u00e4ndern.<\/li><li>Jegliches Fehlverhalten bei der Sammlung von Punkten ist nicht zul\u00e4ssig. Verst\u00f6\u00dfe gegen die Regelung f\u00fchren dazu, dass die gesammelten Punkte auf Null zur\u00fcckgesetzt werden, wobei eine Umwandlung nicht m\u00f6glich ist.<\/li><li>Hinweis: Das <strong>Punktesammeln<\/strong> ist nur f\u00fcr Bestellungen auf <strong><a href=\"https:\/\/www.lineaunika.it\/\">www.lineaunika.it<\/a><\/strong> m\u00f6glich.<\/li><\/ul><\/li><\/ul>\t\t\t\t\t\t\t\t<\/div>\n\t\t\t\t<\/div>\n\t\t\t\t\t<\/div>\n\t\t<\/div>\n\t\t\t\t\t<\/div>\n\t\t<\/section>\n\t\t\t\t<\/div>\n\t\t","protected":false},"excerpt":{"rendered":"<p>REGELUNG DES UNIKA-PUNKTESYSTEMS LAUFZEIT Die M\u00f6glichkeit, UNIKA-PUNKTE in Guthaben umzuwandeln, die \u201eUMWANDLUNG IN GUTHABEN\u201c-Initiative, l\u00e4uft vom 1. September 2023. GEBIET WEBSITE\u00a0www.lineaunika.it: Das Gebiet in Bezug auf den Betrieb und das Einzugsgebiet der Website. ZIELGRUPPE Private Endkunden, die die Aktionsprodukte erwerben.Bestellungen mit Rechnung durch professionelle Nutzer mit Umsatzsteuernummer (H\u00e4ndler) sind eingeschlossen. TEILNAHMEBEDINGUNGEN UND AKTIONSPRODUKTE Die Aktion&#8230;<\/p>\n","protected":false},"author":5,"featured_media":0,"parent":0,"menu_order":0,"comment_status":"closed","ping_status":"closed","template":"","meta":{"_acf_changed":false,"_joinchat":[],"footnotes":""},"class_list":["post-17138","page","type-page","status-publish","hentry"],"acf":[],"_links":{"self":[{"href":"https:\/\/unika.sitointest.it\/de\/wp-json\/wp\/v2\/pages\/17138","targetHints":{"allow":["GET"]}}],"collection":[{"href":"https:\/\/unika.sitointest.it\/de\/wp-json\/wp\/v2\/pages"}],"about":[{"href":"https:\/\/unika.sitointest.it\/de\/wp-json\/wp\/v2\/types\/page"}],"author":[{"embeddable":true,"href":"https:\/\/unika.sitointest.it\/de\/wp-json\/wp\/v2\/users\/5"}],"replies":[{"embeddable":true,"href":"https:\/\/unika.sitointest.it\/de\/wp-json\/wp\/v2\/comments?post=17138"}],"version-history":[{"count":7,"href":"https:\/\/unika.sitointest.it\/de\/wp-json\/wp\/v2\/pages\/17138\/revisions"}],"predecessor-version":[{"id":21270,"href":"https:\/\/unika.sitointest.it\/de\/wp-json\/wp\/v2\/pages\/17138\/revisions\/21270"}],"wp:attachment":[{"href":"https:\/\/unika.sitointest.it\/de\/wp-json\/wp\/v2\/media?parent=17138"}],"curies":[{"name":"wp","href":"https:\/\/api.w.org\/{rel}","templated":true}]}}